{"id":4356,"date":"2023-09-04T21:36:42","date_gmt":"2023-09-04T21:36:42","guid":{"rendered":"https:\/\/pellet-troubleshooting.gotbdev.com\/?page_id=4356"},"modified":"2025-02-04T01:13:11","modified_gmt":"2025-02-04T01:13:11","slug":"notre-engagement","status":"publish","type":"page","link":"https:\/\/pellet-troubleshooting.gotbdev.com\/fr\/les-granules-notre-planete\/notre-engagement\/","title":{"rendered":"Notre Engagement"},"content":{"rendered":"\n<div class=\"page-intro\">\n\n<div class=\"wp-block-group is-layout-flow wp-block-group-is-layout-flow\">\n<p class=\"has-x-large-font-size\">The Wood Pellet Association of Canada and its members are committed to supplying the world with renewable, low-carbon energy from responsibly managed, third-party certified sources. <\/p>\n<\/div>\n\n<\/div>\n<div class=\"layout-sidebar alignfull\">\n\n<div class=\"wp-block-group grid-container mw-medium is-layout-flow wp-block-group-is-layout-flow\">\n<div class=\"wp-block-group main-container is-layout-flow wp-block-group-is-layout-flow\">\n<p>We recognize that the fight against climate change requires immediate and urgent action. The advancement of new renewable energy alternatives to replace fossil fuel-generated power is key in this fight. Wood pellets sourced from responsible producers in well-regulated countries like Canada contribute to a more sustainable energy system.   <br\/><br\/>We work with suppliers who share our commitment to sustainable forest management. Suppliers with goals to improve forest utilization by enhancing growth and maximizing the value of harvested trees while minimizing environmental impacts. We understand the importance of these issues to our local and Indigenous communities and customers.   <\/p>\n\n\n\n<p>In sourcing responsible fibre and producing wood pellets, WPAC members set and communicate clear expectations that we:<\/p>\n\n\n\n<ol class=\"wp-block-list\">\n<li><strong>Respect Communities: <\/strong>recognizing the importance of long-term stability in our communities and forests.<\/li>\n<\/ol>\n\n\n\n<p>2.<strong> Respect the Rights of Indigenous People: <\/strong>welcoming and supporting the meaningful participation of, and partnership with Indigenous people in the forest sector.<\/p>\n\n\n\n<p>3. <strong>Respect Employees:<\/strong> treating forest sector workers fairly, with the highest priority placed on their health and safety; and striving to be among the most inclusive and successful trade associations by actively seeking out diversity across our industry.<\/p>\n\n\n\n<p>4.<strong> Respect the Value of Forests:<\/strong> sourcing fibre from the residuals of sawmilling and harvesting activities as well as wood that can\u2019t be used for any other purpose and which needs to be removed to improve forest health and\/or minimize the risk of forest fires.<\/p>\n\n\n\n<p>5. <strong>Commit to Forest Sustainability: <\/strong>sourcing forest biomass harvested sustainably and legally in accordance with applicable local, national, and international laws and regulations that are backed by strong compliance and rigorous enforcement practices and independent third-party certification.<\/p>\n\n\n\n<p>6. <strong>Commit to Accountability: <\/strong>sourcing fibre through recognized third-party certification programs where systems are in place to independently verify the sustainability and legality of that fibre.<\/p>\n\n\n\n<p>7. <strong>Protect Ecosystems: <\/strong>safeguarding ecosystems and species at risk by implementing stringent processes to identify and proactively protect those areas.*<\/p>\n\n\n\n<p>8. <strong>Commit to Forest Renewal: <\/strong>sourcing forest biomass from harvest sites regenerated with ecologically appropriate, non-GMO trees at a sufficient level to ensure that long-term productivity, health, and vitality of the forest is either enhanced or maintained.*<\/p>\n\n\n\n<p>9. <strong>Reduce Carbon Emissions: <\/strong>maintaining or increasing sequestration of carbon in working forests over the medium to long term.*<\/p>\n\n\n\n<p>10. <strong>Maintain Social Licence: <\/strong>evolving with the latest research, policies, and societal needs* while operating economically stable businesses that contribute to the well-being of our communities, our country, and the world at large.<\/p>\n\n\n\n<p>Delivering on these expectations takes a collective effort and WPAC members recognize Canada\u2019s unique strengths and steadfast commitment to advancing these goals while helping supply the world with low-carbon energy alternatives. <\/p>\n\n\n\n<p>\n          <em>*As verified by independent third-party certifications such as the Sustainable Forestry Initiative and the Sustainable Biomass Program.<\/em>\n        <\/p>\n<\/div>\n\n\n\n<div class=\"wp-block-group sidebar-container is-layout-flow wp-block-group-is-layout-flow\">\n<div  class=\"sidebar\">\n\t<div class=\"inner-container\">\n\t\t\t\t\t<h3 class=\"heading\">D\u00c9COUVRIR DAVANTAGE<\/h3>\n\t\t\n\t\t<div class=\"sidebar-item link\">\n\t\t\t\t\t\t<h6>Fact Sheet<\/h6>\n\t\t\t\t\t\t\n\t\t\t\t\t\t<p>\n\t\t\t\t\t\t\t<a \n\t\t\t\t\t\t\t\ttarget=\"_blank\" \n\t\t\t\t\t\t\t\thref=\"https:\/\/pellet-troubleshooting.gotbdev.com\/resources\/wpac-member-sustainability-commitment\/\">\n\t\t\t\t\t\t\t\t\tWPAC Member Sustainability Commitment\n\t\t\t\t\t\t\t<\/a>\n\t\t\t\t\t\t<\/p>\n\t\t\t\t\t<\/div><div class=\"sidebar-item link\">\n\t\t\t\t\t\t<h6>External Link<\/h6>\n\t\t\t\t\t\t\n\t\t\t\t\t\t<p>\n\t\t\t\t\t\t\t<a \n\t\t\t\t\t\t\t\ttarget=\"_blank\" \n\t\t\t\t\t\t\t\thref=\"https:\/\/natural-resources.canada.ca\/our-natural-resources\/forests\/sustainable-forest-management\/canadas-forest-laws\/17497\">\n\t\t\t\t\t\t\t\t\tLes lois foresti\u00e8res du Canada\n\t\t\t\t\t\t\t<\/a>\n\t\t\t\t\t\t<\/p>\n\t\t\t\t\t<\/div>\t<\/div>\n<\/div><\/div>\n<\/div>\n\n<\/div>","protected":false},"excerpt":{"rendered":"<p>L&rsquo;Association canadienne des granul\u00e9s de bois (ACBP) et ses membres s&rsquo;engagent \u00e0 fournir au monde une \u00e9nergie propre, responsable et renouvelable. <\/p>\n","protected":false},"author":1,"featured_media":2209,"parent":4375,"menu_order":0,"comment_status":"closed","ping_status":"closed","template":"","meta":{"_acf_changed":false,"inline_featured_image":false,"footnotes":""},"class_list":["post-4356","page","type-page","status-publish","has-post-thumbnail","hentry"],"acf":[],"yoast_head":"<!-- This site is optimized with the Yoast SEO plugin v24.5 - https:\/\/yoast.com\/wordpress\/plugins\/seo\/ -->\n<title>Notre Engagement - WOOD PELLET ASSOCIATION OF CANADA<\/title>\n<meta name=\"robots\" content=\"noindex, follow, max-snippet:-1, max-image-preview:large, max-video-preview:-1\" \/>\n<meta property=\"og:locale\" content=\"fr_FR\" \/>\n<meta property=\"og:type\" content=\"article\" \/>\n<meta property=\"og:title\" content=\"Notre Engagement - WOOD PELLET ASSOCIATION OF CANADA\" \/>\n<meta property=\"og:description\" content=\"L&#039;Association canadienne des granul\u00e9s de bois (ACBP) et ses membres s&#039;engagent \u00e0 fournir au monde une \u00e9nergie propre, responsable et renouvelable.\" \/>\n<meta property=\"og:url\" content=\"https:\/\/pellet-troubleshooting.gotbdev.com\/fr\/les-granules-notre-planete\/notre-engagement\/\" \/>\n<meta property=\"og:site_name\" content=\"WOOD PELLET ASSOCIATION OF CANADA\" \/>\n<meta property=\"article:modified_time\" content=\"2025-02-04T01:13:11+00:00\" \/>\n<meta property=\"og:image\" content=\"https:\/\/pellet-troubleshooting.gotbdev.com\/wp-content\/uploads\/2023\/09\/hero-our-commitment-scaled.jpg\" \/>\n\t<meta property=\"og:image:width\" content=\"2560\" \/>\n\t<meta property=\"og:image:height\" content=\"889\" \/>\n\t<meta property=\"og:image:type\" content=\"image\/jpeg\" \/>\n<meta name=\"twitter:card\" content=\"summary_large_image\" \/>\n<meta name=\"twitter:label1\" content=\"Dur\u00e9e de lecture estim\u00e9e\" \/>\n\t<meta name=\"twitter:data1\" content=\"3 minutes\" \/>\n<script type=\"application\/ld+json\" class=\"yoast-schema-graph\">{\"@context\":\"https:\/\/schema.org\",\"@graph\":[{\"@type\":\"WebPage\",\"@id\":\"https:\/\/pellet-troubleshooting.gotbdev.com\/fr\/les-granules-notre-planete\/notre-engagement\/\",\"url\":\"https:\/\/pellet-troubleshooting.gotbdev.com\/fr\/les-granules-notre-planete\/notre-engagement\/\",\"name\":\"Notre Engagement - WOOD PELLET ASSOCIATION OF CANADA\",\"isPartOf\":{\"@id\":\"https:\/\/pellet-troubleshooting.gotbdev.com\/fr\/#website\"},\"primaryImageOfPage\":{\"@id\":\"https:\/\/pellet-troubleshooting.gotbdev.com\/fr\/les-granules-notre-planete\/notre-engagement\/#primaryimage\"},\"image\":{\"@id\":\"https:\/\/pellet-troubleshooting.gotbdev.com\/fr\/les-granules-notre-planete\/notre-engagement\/#primaryimage\"},\"thumbnailUrl\":\"https:\/\/pellet-troubleshooting.gotbdev.com\/wp-content\/uploads\/2023\/09\/hero-our-commitment-scaled.jpg\",\"datePublished\":\"2023-09-04T21:36:42+00:00\",\"dateModified\":\"2025-02-04T01:13:11+00:00\",\"breadcrumb\":{\"@id\":\"https:\/\/pellet-troubleshooting.gotbdev.com\/fr\/les-granules-notre-planete\/notre-engagement\/#breadcrumb\"},\"inLanguage\":\"fr-FR\",\"potentialAction\":[{\"@type\":\"ReadAction\",\"target\":[\"https:\/\/pellet-troubleshooting.gotbdev.com\/fr\/les-granules-notre-planete\/notre-engagement\/\"]}]},{\"@type\":\"ImageObject\",\"inLanguage\":\"fr-FR\",\"@id\":\"https:\/\/pellet-troubleshooting.gotbdev.com\/fr\/les-granules-notre-planete\/notre-engagement\/#primaryimage\",\"url\":\"https:\/\/pellet-troubleshooting.gotbdev.com\/wp-content\/uploads\/2023\/09\/hero-our-commitment-scaled.jpg\",\"contentUrl\":\"https:\/\/pellet-troubleshooting.gotbdev.com\/wp-content\/uploads\/2023\/09\/hero-our-commitment-scaled.jpg\",\"width\":2560,\"height\":889},{\"@type\":\"BreadcrumbList\",\"@id\":\"https:\/\/pellet-troubleshooting.gotbdev.com\/fr\/les-granules-notre-planete\/notre-engagement\/#breadcrumb\",\"itemListElement\":[{\"@type\":\"ListItem\",\"position\":1,\"name\":\"Home\",\"item\":\"https:\/\/pellet-troubleshooting.gotbdev.com\/fr\/\"},{\"@type\":\"ListItem\",\"position\":2,\"name\":\"Les granul\u00e9s + notre plan\u00e8te\",\"item\":\"https:\/\/pellet-troubleshooting.gotbdev.com\/fr\/les-granules-notre-planete\/\"},{\"@type\":\"ListItem\",\"position\":3,\"name\":\"Notre Engagement\"}]},{\"@type\":\"WebSite\",\"@id\":\"https:\/\/pellet-troubleshooting.gotbdev.com\/fr\/#website\",\"url\":\"https:\/\/pellet-troubleshooting.gotbdev.com\/fr\/\",\"name\":\"WOOD PELLET ASSOCIATION OF CANADA\",\"description\":\"\",\"publisher\":{\"@id\":\"https:\/\/pellet-troubleshooting.gotbdev.com\/fr\/#organization\"},\"potentialAction\":[{\"@type\":\"SearchAction\",\"target\":{\"@type\":\"EntryPoint\",\"urlTemplate\":\"https:\/\/pellet-troubleshooting.gotbdev.com\/fr\/?s={search_term_string}\"},\"query-input\":{\"@type\":\"PropertyValueSpecification\",\"valueRequired\":true,\"valueName\":\"search_term_string\"}}],\"inLanguage\":\"fr-FR\"},{\"@type\":\"Organization\",\"@id\":\"https:\/\/pellet-troubleshooting.gotbdev.com\/fr\/#organization\",\"name\":\"WOOD PELLET ASSOCIATION OF CANADA\",\"url\":\"https:\/\/pellet-troubleshooting.gotbdev.com\/fr\/\",\"logo\":{\"@type\":\"ImageObject\",\"inLanguage\":\"fr-FR\",\"@id\":\"https:\/\/pellet-troubleshooting.gotbdev.com\/fr\/#\/schema\/logo\/image\/\",\"url\":\"https:\/\/pellet-troubleshooting.gotbdev.com\/wp-content\/uploads\/2023\/09\/logo-color.png\",\"contentUrl\":\"https:\/\/pellet-troubleshooting.gotbdev.com\/wp-content\/uploads\/2023\/09\/logo-color.png\",\"width\":510,\"height\":183,\"caption\":\"WOOD PELLET ASSOCIATION OF CANADA\"},\"image\":{\"@id\":\"https:\/\/pellet-troubleshooting.gotbdev.com\/fr\/#\/schema\/logo\/image\/\"}}]}<\/script>\n<!-- \/ Yoast SEO plugin. -->","yoast_head_json":{"title":"Notre Engagement - WOOD PELLET ASSOCIATION OF CANADA","robots":{"index":"noindex","follow":"follow","max-snippet":"max-snippet:-1","max-image-preview":"max-image-preview:large","max-video-preview":"max-video-preview:-1"},"og_locale":"fr_FR","og_type":"article","og_title":"Notre Engagement - WOOD PELLET ASSOCIATION OF CANADA","og_description":"L'Association canadienne des granul\u00e9s de bois (ACBP) et ses membres s'engagent \u00e0 fournir au monde une \u00e9nergie propre, responsable et renouvelable.","og_url":"https:\/\/pellet-troubleshooting.gotbdev.com\/fr\/les-granules-notre-planete\/notre-engagement\/","og_site_name":"WOOD PELLET ASSOCIATION OF CANADA","article_modified_time":"2025-02-04T01:13:11+00:00","og_image":[{"width":2560,"height":889,"url":"https:\/\/pellet-troubleshooting.gotbdev.com\/wp-content\/uploads\/2023\/09\/hero-our-commitment-scaled.jpg","type":"image\/jpeg"}],"twitter_card":"summary_large_image","twitter_misc":{"Dur\u00e9e de lecture estim\u00e9e":"3 minutes"},"schema":{"@context":"https:\/\/schema.org","@graph":[{"@type":"WebPage","@id":"https:\/\/pellet-troubleshooting.gotbdev.com\/fr\/les-granules-notre-planete\/notre-engagement\/","url":"https:\/\/pellet-troubleshooting.gotbdev.com\/fr\/les-granules-notre-planete\/notre-engagement\/","name":"Notre Engagement - WOOD PELLET ASSOCIATION OF CANADA","isPartOf":{"@id":"https:\/\/pellet-troubleshooting.gotbdev.com\/fr\/#website"},"primaryImageOfPage":{"@id":"https:\/\/pellet-troubleshooting.gotbdev.com\/fr\/les-granules-notre-planete\/notre-engagement\/#primaryimage"},"image":{"@id":"https:\/\/pellet-troubleshooting.gotbdev.com\/fr\/les-granules-notre-planete\/notre-engagement\/#primaryimage"},"thumbnailUrl":"https:\/\/pellet-troubleshooting.gotbdev.com\/wp-content\/uploads\/2023\/09\/hero-our-commitment-scaled.jpg","datePublished":"2023-09-04T21:36:42+00:00","dateModified":"2025-02-04T01:13:11+00:00","breadcrumb":{"@id":"https:\/\/pellet-troubleshooting.gotbdev.com\/fr\/les-granules-notre-planete\/notre-engagement\/#breadcrumb"},"inLanguage":"fr-FR","potentialAction":[{"@type":"ReadAction","target":["https:\/\/pellet-troubleshooting.gotbdev.com\/fr\/les-granules-notre-planete\/notre-engagement\/"]}]},{"@type":"ImageObject","inLanguage":"fr-FR","@id":"https:\/\/pellet-troubleshooting.gotbdev.com\/fr\/les-granules-notre-planete\/notre-engagement\/#primaryimage","url":"https:\/\/pellet-troubleshooting.gotbdev.com\/wp-content\/uploads\/2023\/09\/hero-our-commitment-scaled.jpg","contentUrl":"https:\/\/pellet-troubleshooting.gotbdev.com\/wp-content\/uploads\/2023\/09\/hero-our-commitment-scaled.jpg","width":2560,"height":889},{"@type":"BreadcrumbList","@id":"https:\/\/pellet-troubleshooting.gotbdev.com\/fr\/les-granules-notre-planete\/notre-engagement\/#breadcrumb","itemListElement":[{"@type":"ListItem","position":1,"name":"Home","item":"https:\/\/pellet-troubleshooting.gotbdev.com\/fr\/"},{"@type":"ListItem","position":2,"name":"Les granul\u00e9s + notre plan\u00e8te","item":"https:\/\/pellet-troubleshooting.gotbdev.com\/fr\/les-granules-notre-planete\/"},{"@type":"ListItem","position":3,"name":"Notre Engagement"}]},{"@type":"WebSite","@id":"https:\/\/pellet-troubleshooting.gotbdev.com\/fr\/#website","url":"https:\/\/pellet-troubleshooting.gotbdev.com\/fr\/","name":"WOOD PELLET ASSOCIATION OF CANADA","description":"","publisher":{"@id":"https:\/\/pellet-troubleshooting.gotbdev.com\/fr\/#organization"},"potentialAction":[{"@type":"SearchAction","target":{"@type":"EntryPoint","urlTemplate":"https:\/\/pellet-troubleshooting.gotbdev.com\/fr\/?s={search_term_string}"},"query-input":{"@type":"PropertyValueSpecification","valueRequired":true,"valueName":"search_term_string"}}],"inLanguage":"fr-FR"},{"@type":"Organization","@id":"https:\/\/pellet-troubleshooting.gotbdev.com\/fr\/#organization","name":"WOOD PELLET ASSOCIATION OF CANADA","url":"https:\/\/pellet-troubleshooting.gotbdev.com\/fr\/","logo":{"@type":"ImageObject","inLanguage":"fr-FR","@id":"https:\/\/pellet-troubleshooting.gotbdev.com\/fr\/#\/schema\/logo\/image\/","url":"https:\/\/pellet-troubleshooting.gotbdev.com\/wp-content\/uploads\/2023\/09\/logo-color.png","contentUrl":"https:\/\/pellet-troubleshooting.gotbdev.com\/wp-content\/uploads\/2023\/09\/logo-color.png","width":510,"height":183,"caption":"WOOD PELLET ASSOCIATION OF CANADA"},"image":{"@id":"https:\/\/pellet-troubleshooting.gotbdev.com\/fr\/#\/schema\/logo\/image\/"}}]}},"_links":{"self":[{"href":"https:\/\/pellet-troubleshooting.gotbdev.com\/fr\/wp-json\/wp\/v2\/pages\/4356","targetHints":{"allow":["GET"]}}],"collection":[{"href":"https:\/\/pellet-troubleshooting.gotbdev.com\/fr\/wp-json\/wp\/v2\/pages"}],"about":[{"href":"https:\/\/pellet-troubleshooting.gotbdev.com\/fr\/wp-json\/wp\/v2\/types\/page"}],"author":[{"embeddable":true,"href":"https:\/\/pellet-troubleshooting.gotbdev.com\/fr\/wp-json\/wp\/v2\/users\/1"}],"replies":[{"embeddable":true,"href":"https:\/\/pellet-troubleshooting.gotbdev.com\/fr\/wp-json\/wp\/v2\/comments?post=4356"}],"version-history":[{"count":7,"href":"https:\/\/pellet-troubleshooting.gotbdev.com\/fr\/wp-json\/wp\/v2\/pages\/4356\/revisions"}],"predecessor-version":[{"id":5454,"href":"https:\/\/pellet-troubleshooting.gotbdev.com\/fr\/wp-json\/wp\/v2\/pages\/4356\/revisions\/5454"}],"up":[{"embeddable":true,"href":"https:\/\/pellet-troubleshooting.gotbdev.com\/fr\/wp-json\/wp\/v2\/pages\/4375"}],"wp:featuredmedia":[{"embeddable":true,"href":"https:\/\/pellet-troubleshooting.gotbdev.com\/fr\/wp-json\/wp\/v2\/media\/2209"}],"wp:attachment":[{"href":"https:\/\/pellet-troubleshooting.gotbdev.com\/fr\/wp-json\/wp\/v2\/media?parent=4356"}],"curies":[{"name":"wp","href":"https:\/\/api.w.org\/{rel}","templated":true}]}}