{"id":4368,"date":"2023-09-04T21:45:51","date_gmt":"2023-09-04T21:45:51","guid":{"rendered":"https:\/\/pellet-troubleshooting.gotbdev.com\/pellets-entreprises\/utilisations-industrielles-de-lenergie\/"},"modified":"2025-02-03T14:17:21","modified_gmt":"2025-02-03T14:17:21","slug":"utilisations-industrielles-de-lenergie","status":"publish","type":"page","link":"https:\/\/pellet-troubleshooting.gotbdev.com\/fr\/pellets-entreprises\/utilisations-industrielles-de-lenergie\/","title":{"rendered":"Utilisations industrielles de l&rsquo;\u00e9nergie"},"content":{"rendered":"\n<div class=\"page-intro\">\n\n<div class=\"wp-block-group mw-medium is-layout-flow wp-block-group-is-layout-flow\">\n<p class=\"has-x-large-font-size\">Les granul\u00e9s de bois sont couramment utilis\u00e9s dans le monde entier, en particulier en Europe et en Asie, pour remplacer le charbon dans les centrales \u00e9lectriques \u00e0 charbon pulv\u00e9ris\u00e9. Pour produire de l&rsquo;\u00e9nergie avec un g\u00e9n\u00e9rateur industriel, le charbon et la biomasse sont soit m\u00e9lang\u00e9s dans un processus connu sous le nom de cocombustion de la biomasse, soit le charbon est enti\u00e8rement remplac\u00e9 par des granul\u00e9s de bois, ce qui est connu sous le nom de combustion d\u00e9di\u00e9e \u00e0 la biomasse. <\/p>\n<\/div>\n\n<\/div>\n\n\n<div class=\"layout-sidebar alignfull\">\n\n<div class=\"wp-block-group grid-container mw-medium is-layout-flow wp-block-group-is-layout-flow\">\n<div class=\"wp-block-group main-container is-layout-flow wp-block-group-is-layout-flow\">\n<div  class=\"accordion-group\">\n\t\n\t<div class=\"accordion-items\"><div class=\"accordion-item accordion\">\n\t\t\t\t<h4 class=\"accordion-item-heading\">\n\t\t\t\t\t<button type=\"button\"\n\t\t\t\t\t\taria-expanded=\"false\"\n\t\t\t\t\t\tclass=\"accordion-trigger\"\n\t\t\t\t\t\taria-controls=\"sect0\"\n\t\t\t\t\t\tid=\"accordion0id\">\n\t\t\t\t\t\t\tG\u00e9n\u00e9rateurs d&rsquo;\u00e9nergie industriels\n\t\t\t\t\t\t\t<span class=\"accordion-icon\"><svg class=\"svg-icon icon-expand\" width=\"33\" height=\"33\" aria-hidden=\"true\" role=\"img\" focusable=\"false\" viewBox=\"0 0 34 34\" fill=\"none\" xmlns=\"http:\/\/www.w3.org\/2000\/svg\"><path d=\"M15.5417 25H18.0417V18.0833H25V15.5833H18.0417V8.33333H15.5417V15.5833H8.33333V18.0833H15.5417V25ZM16.6777 33.3333C14.3796 33.3333 12.2199 32.8958 10.1986 32.0208C8.1773 31.1458 6.40972 29.9514 4.89583 28.4375C3.38194 26.9236 2.1875 25.155 1.3125 23.1316C0.4375 21.1083 0 18.9464 0 16.6458C0 14.3453 0.4375 12.1834 1.3125 10.16C2.1875 8.13668 3.38194 6.375 4.89583 4.875C6.40972 3.375 8.17835 2.1875 10.2017 1.3125C12.225 0.4375 14.387 0 16.6875 0C18.988 0 21.15 0.4375 23.1733 1.3125C25.1967 2.1875 26.9583 3.375 28.4583 4.875C29.9583 6.375 31.1458 8.13889 32.0208 10.1667C32.8958 12.1944 33.3333 14.3574 33.3333 16.6556C33.3333 18.9537 32.8958 21.1135 32.0208 23.1347C31.1458 25.156 29.9583 26.9211 28.4583 28.4298C26.9583 29.9386 25.1944 31.1331 23.1667 32.0132C21.1389 32.8933 18.9759 33.3333 16.6777 33.3333ZM16.6875 30.8333C20.6181 30.8333 23.9583 29.4514 26.7083 26.6875C29.4583 23.9236 30.8333 20.5764 30.8333 16.6458C30.8333 12.7153 29.4609 9.375 26.7162 6.625C23.9714 3.875 20.6215 2.5 16.6667 2.5C12.75 2.5 9.40972 3.87239 6.64583 6.61717C3.88194 9.36197 2.5 12.7118 2.5 16.6667C2.5 20.5833 3.88194 23.9236 6.64583 26.6875C9.40972 29.4514 12.7569 30.8333 16.6875 30.8333Z\" fill=\"currentColor\"\/><\/svg><\/span>\n\t\t\t\t\t<\/button>\n\t\t\t\t<\/h4>\n\t\t\t\t<div id=\"sect0\"\n\t\t\t\t\trole=\"region\"\n\t\t\t\t\taria-labelledby=\"accordion0id\"\n\t\t\t\t\tclass=\"accordion-panel\">\n\t\t\t\t\t\t<p><!-- wp:paragraph {\"placeholder\":\"Lorem ipsum dolor sit amet, consectetur adipisicing elit. Aliquid, fugiat qui corrupti animi molestias fugit magnam consectetur, ipsum officia unde blanditiis facere sed quis, ipsam suscipit facilis eum voluptatum nulla!\",\"className\":\"has-x-large-font-size\"} --><\/p>\n<p>Qu&rsquo;ils soient utilis\u00e9s pour la co-combustion ou pour une combustion sp\u00e9cifique, les granul\u00e9s de bois sont trait\u00e9s de la m\u00eame mani\u00e8re que le charbon. Les granul\u00e9s sont r\u00e9duits en poussi\u00e8re \u00e0 l&rsquo;aide de broyeurs \u00e0 charbon modifi\u00e9s ou de broyeurs \u00e0 marteaux. La poussi\u00e8re est ensuite m\u00e9lang\u00e9e \u00e0 de l&rsquo;air et souffl\u00e9e dans des tuyaux qui sont reli\u00e9s \u00e0 des br\u00fbleurs dans une chaudi\u00e8re \u00e0 charbon pulv\u00e9ris\u00e9. Le m\u00e9lange poussi\u00e8re-air est enflamm\u00e9, agissant comme un gaz. L&rsquo;eau circule \u00e0 l&rsquo;int\u00e9rieur de la chaudi\u00e8re dans des milliers de petits tubes. La flamme continue fait bouillir l&rsquo;eau dans les tubes, cr\u00e9ant ainsi de la vapeur. La vapeur, sous pression, fait tourner une turbine et un g\u00e9n\u00e9rateur. Le g\u00e9n\u00e9rateur utilise un champ magn\u00e9tique rotatif \u00e0 l&rsquo;int\u00e9rieur d&rsquo;une bobine pour cr\u00e9er de l&rsquo;\u00e9lectricit\u00e9 qui est inject\u00e9e dans le r\u00e9seau \u00e9lectrique. La vapeur us\u00e9e passe par un condenseur &#8211; essentiellement des tuyaux traversant de l&rsquo;eau froide &#8211; et est reconvertie en eau qui circule \u00e0 nouveau dans la chaudi\u00e8re dans un processus continu appel\u00e9 cycle de Rankine.<\/p>\n<p><!-- \/wp:paragraph --><img loading=\"lazy\" decoding=\"async\" class=\" wp-image-814 aligncenter\" src=\"https:\/\/pellet-troubleshooting.gotbdev.com\/wp-content\/uploads\/2023\/10\/industrialpowergen-300x232.png\" alt=\"\" width=\"579\" height=\"448\" srcset=\"https:\/\/pellet-troubleshooting.gotbdev.com\/wp-content\/uploads\/2023\/10\/industrialpowergen-300x232.png 300w, https:\/\/pellet-troubleshooting.gotbdev.com\/wp-content\/uploads\/2023\/10\/industrialpowergen-1024x791.png 1024w, https:\/\/pellet-troubleshooting.gotbdev.com\/wp-content\/uploads\/2023\/10\/industrialpowergen-768x593.png 768w, https:\/\/pellet-troubleshooting.gotbdev.com\/wp-content\/uploads\/2023\/10\/industrialpowergen-1080x835.png 1080w, https:\/\/pellet-troubleshooting.gotbdev.com\/wp-content\/uploads\/2023\/10\/industrialpowergen.png 1100w\" sizes=\"auto, (max-width: 579px) 100vw, 579px\" \/><\/p>\n<p><!-- wp:paragraph --><\/p>\n<p>Les pellets sont un substitut facile au charbon. Ils peuvent \u00eatre facilement r\u00e9duits en poussi\u00e8re, ont une faible teneur en humidit\u00e9 (environ 6 %), se manipulent facilement et sont comparables au charbon avec un contenu \u00e9nerg\u00e9tique d&rsquo;environ 18 gigajoules par tonne.<\/p>\n<p><!-- \/wp:paragraph --> <!-- wp:paragraph --><\/p>\n<p>Contrairement au charbon, les granul\u00e9s de bois ne peuvent pas \u00eatre stock\u00e9s \u00e0 l&rsquo;ext\u00e9rieur, car ils se d\u00e9sint\u00e8grent s&rsquo;ils sont expos\u00e9s \u00e0 la pluie. Les granul\u00e9s doivent \u00eatre stock\u00e9s \u00e0 l&rsquo;int\u00e9rieur dans des silos, des d\u00f4mes ou des entrep\u00f4ts. Cela signifie que les centrales \u00e9lectriques au charbon pulv\u00e9ris\u00e9 doivent \u00eatre modifi\u00e9es pour l&rsquo;utilisation de granul\u00e9s de bois afin d&rsquo;ajouter ce type de stockage, ainsi que des syst\u00e8mes de transport s\u00e9par\u00e9s pour acheminer les granul\u00e9s du stockage au processus de broyage.<\/p>\n<p><!-- \/wp:paragraph --> <!-- wp:paragraph --><\/p>\n<p><strong>Pour en savoir plus sur la combustion de la biomasse et la cocombustion, lisez le document<\/strong> <a href=\"https:\/\/www.ieabioenergy.com\/wp-content\/uploads\/2016\/03\/IEA_Bioenergy_T32_cofiring_2016.pdf\" target=\"_blank\" rel=\"noreferrer noopener\" data-type=\"link\" data-id=\"https:\/\/www.ieabioenergy.com\/wp-content\/uploads\/2016\/03\/IEA_Bioenergy_T32_cofiring_2016.pdf\">The Status of Large Scale Biomass Firing<\/a> de l&rsquo;IEA Energy pour plus d&rsquo;informations sur la combustion et la cocombustion de la biomasse.<\/p>\n<p><!-- \/wp:paragraph --> <!-- wp:image {\"align\":\"right\",\"id\":815,\"sizeSlug\":\"full\",\"linkDestination\":\"none\"} --><\/p>\n<figure class=\"wp-block-image alignright size-full\"><img loading=\"lazy\" decoding=\"async\" width=\"640\" height=\"360\" class=\"wp-image-815\" src=\"https:\/\/pellet-troubleshooting.gotbdev.com\/wp-content\/uploads\/2023\/10\/plant1.jpg\" alt=\"\" srcset=\"https:\/\/pellet-troubleshooting.gotbdev.com\/wp-content\/uploads\/2023\/10\/plant1.jpg 640w, https:\/\/pellet-troubleshooting.gotbdev.com\/wp-content\/uploads\/2023\/10\/plant1-300x169.jpg 300w\" sizes=\"auto, (max-width: 640px) 100vw, 640px\" \/><figcaption class=\"wp-element-caption\">La centrale \u00e9lectrique \u00e0 la biomasse de Sakata de Sumitomo, dans la pr\u00e9fecture de Yamagata, est aliment\u00e9e en partie par des granul\u00e9s de bois canadiens. Photo : avec l&rsquo;aimable autorisation de Sumitomo Corporation<\/figcaption><\/figure>\n<p><!-- \/wp:image --> <!-- wp:paragraph --><\/p>\n<p>Les chaudi\u00e8res \u00e0 charbon pulv\u00e9ris\u00e9 converties ne sont pas la seule option pour cr\u00e9er de l&rsquo;\u00e9lectricit\u00e9 \u00e0 partir de granul\u00e9s de bois \u00e0 l&rsquo;\u00e9chelle industrielle. Les granul\u00e9s de bois sont \u00e9galement utilis\u00e9s pour cr\u00e9er de l&rsquo;\u00e9lectricit\u00e9 en alimentant des chaudi\u00e8res \u00e0 lit fluidis\u00e9 circulant (LFC) sp\u00e9cialement con\u00e7ues \u00e0 cet effet. De nombreuses chaudi\u00e8res \u00e0 lit fluidis\u00e9 circulant sont en service au Japon. Au fond du four de la chaudi\u00e8re se trouve un lit de mat\u00e9riau inerte, g\u00e9n\u00e9ralement du sable. C&rsquo;est sur ce lit que les granul\u00e9s de bois se r\u00e9pandent. L&rsquo;air entrant par des buses situ\u00e9es sous le lit soul\u00e8ve le mat\u00e9riau du lit et les granul\u00e9s de bois, les maintenant en suspension. La combustion a lieu dans cet \u00e9tat de suspension. La chaleur est utilis\u00e9e pour augmenter la temp\u00e9rature de l&rsquo;eau dans les tubes de la chaudi\u00e8re et le reste du processus cr\u00e9e de l&rsquo;\u00e9lectricit\u00e9 gr\u00e2ce au cycle de Rankine. Le principal avantage des chaudi\u00e8res CFB est qu&rsquo;elles peuvent utiliser une plus large gamme de combustibles de biomasse, le plus souvent un m\u00e9lange de granul\u00e9s de bois, de copeaux de bois et de coques de palmiste.<\/p>\n<p><!-- \/wp:paragraph --> <!-- wp:paragraph --><\/p>\n<p>Les producteurs d&rsquo;\u00e9lectricit\u00e9 du monde entier se sont lanc\u00e9s dans une course \u00e0 la commercialisation des technologies de captage et de stockage du carbone (CSC). Il est \u00e9vident que, coupl\u00e9es au CSC, la combustion et la cocombustion de la biomasse constituent l&rsquo;un des rares moyens d&rsquo;\u00e9liminer des quantit\u00e9s substantielles de dioxyde de carbone de l&rsquo;atmosph\u00e8re.<\/p>\n<p><!-- \/wp:paragraph --> <!-- wp:paragraph --><\/p>\n<p>Les granul\u00e9s de bois canadiens sont export\u00e9s dans le monde entier pour une utilisation industrielle dans de grandes centrales \u00e9lectriques. Nos march\u00e9s industriels comprennent le Royaume-Uni, les Pays-Bas, la Belgique, le Danemark, le Japon et la Cor\u00e9e du Sud.<\/p>\n<p><!-- \/wp:paragraph --><\/p>\n\n\t\t\t\t<\/div>\n\t\t\t\t<\/div><\/div><\/div><\/div>\n\n\n\n<div class=\"wp-block-group sidebar-container is-layout-flow wp-block-group-is-layout-flow\">\n<div  class=\"sidebar\">\n\t<div class=\"inner-container\">\n\t\t\t\t\t<h3 class=\"heading\">d\u00e9couvrir davantage<\/h3>\n\t\t\n\t\t<div class=\"sidebar-item link\">\n\t\t\t\t\t\t<h6>External Link<\/h6>\n\t\t\t\t\t\t\n\t\t\t\t\t\t<p>\n\t\t\t\t\t\t\t<a \n\t\t\t\t\t\t\t\ttarget=\"_blank\" \n\t\t\t\t\t\t\t\thref=\"https:\/\/www.ieabioenergy.com\/wp-content\/uploads\/2016\/03\/IEA_Bioenergy_T32_cofiring_2016.pdf\">\n\t\t\t\t\t\t\t\t\tRapport de l&#039;AIE sur l&#039;\u00e9nergie : Le statut de la combustion de la biomasse \u00e0 grande \u00e9chelle\n\t\t\t\t\t\t\t<\/a>\n\t\t\t\t\t\t<\/p>\n\t\t\t\t\t<\/div>\t<\/div>\n<\/div><\/div>\n<\/div>\n\n<\/div>","protected":false},"excerpt":{"rendered":"<p>Les granul\u00e9s de bois sont couramment utilis\u00e9s dans le monde entier, en particulier en Europe et en Asie, pour remplacer le charbon dans les centrales \u00e9lectriques \u00e0 charbon pulv\u00e9ris\u00e9.  <\/p>\n","protected":false},"author":1,"featured_media":2769,"parent":4360,"menu_order":0,"comment_status":"closed","ping_status":"closed","template":"","meta":{"_acf_changed":false,"inline_featured_image":false,"footnotes":""},"class_list":["post-4368","page","type-page","status-publish","has-post-thumbnail","hentry"],"acf":[],"yoast_head":"<!-- This site is optimized with the Yoast SEO plugin v24.5 - https:\/\/yoast.com\/wordpress\/plugins\/seo\/ -->\n<title>Utilisations industrielles de l&#039;\u00e9nergie - WOOD PELLET ASSOCIATION OF CANADA<\/title>\n<meta name=\"robots\" content=\"noindex, follow, max-snippet:-1, max-image-preview:large, max-video-preview:-1\" \/>\n<meta property=\"og:locale\" content=\"fr_FR\" \/>\n<meta property=\"og:type\" content=\"article\" \/>\n<meta property=\"og:title\" content=\"Utilisations industrielles de l&#039;\u00e9nergie - WOOD PELLET ASSOCIATION OF CANADA\" \/>\n<meta property=\"og:description\" content=\"Les granul\u00e9s de bois sont couramment utilis\u00e9s dans le monde entier, en particulier en Europe et en Asie, pour remplacer le charbon dans les centrales \u00e9lectriques \u00e0 charbon pulv\u00e9ris\u00e9.\" \/>\n<meta property=\"og:url\" content=\"https:\/\/pellet-troubleshooting.gotbdev.com\/fr\/pellets-entreprises\/utilisations-industrielles-de-lenergie\/\" \/>\n<meta property=\"og:site_name\" content=\"WOOD PELLET ASSOCIATION OF CANADA\" \/>\n<meta property=\"article:modified_time\" content=\"2025-02-03T14:17:21+00:00\" \/>\n<meta property=\"og:image\" content=\"https:\/\/pellet-troubleshooting.gotbdev.com\/wp-content\/uploads\/2023\/10\/plant1.jpg\" \/>\n\t<meta property=\"og:image:width\" content=\"640\" \/>\n\t<meta property=\"og:image:height\" content=\"360\" \/>\n\t<meta property=\"og:image:type\" content=\"image\/jpeg\" \/>\n<meta name=\"twitter:card\" content=\"summary_large_image\" \/>\n<meta name=\"twitter:label1\" content=\"Dur\u00e9e de lecture estim\u00e9e\" \/>\n\t<meta name=\"twitter:data1\" content=\"1 minute\" \/>\n<script type=\"application\/ld+json\" class=\"yoast-schema-graph\">{\"@context\":\"https:\/\/schema.org\",\"@graph\":[{\"@type\":\"WebPage\",\"@id\":\"https:\/\/pellet-troubleshooting.gotbdev.com\/fr\/pellets-entreprises\/utilisations-industrielles-de-lenergie\/\",\"url\":\"https:\/\/pellet-troubleshooting.gotbdev.com\/fr\/pellets-entreprises\/utilisations-industrielles-de-lenergie\/\",\"name\":\"Utilisations industrielles de l'\u00e9nergie - WOOD PELLET ASSOCIATION OF CANADA\",\"isPartOf\":{\"@id\":\"https:\/\/pellet-troubleshooting.gotbdev.com\/fr\/#website\"},\"primaryImageOfPage\":{\"@id\":\"https:\/\/pellet-troubleshooting.gotbdev.com\/fr\/pellets-entreprises\/utilisations-industrielles-de-lenergie\/#primaryimage\"},\"image\":{\"@id\":\"https:\/\/pellet-troubleshooting.gotbdev.com\/fr\/pellets-entreprises\/utilisations-industrielles-de-lenergie\/#primaryimage\"},\"thumbnailUrl\":\"https:\/\/pellet-troubleshooting.gotbdev.com\/wp-content\/uploads\/2023\/10\/plant1.jpg\",\"datePublished\":\"2023-09-04T21:45:51+00:00\",\"dateModified\":\"2025-02-03T14:17:21+00:00\",\"breadcrumb\":{\"@id\":\"https:\/\/pellet-troubleshooting.gotbdev.com\/fr\/pellets-entreprises\/utilisations-industrielles-de-lenergie\/#breadcrumb\"},\"inLanguage\":\"fr-FR\",\"potentialAction\":[{\"@type\":\"ReadAction\",\"target\":[\"https:\/\/pellet-troubleshooting.gotbdev.com\/fr\/pellets-entreprises\/utilisations-industrielles-de-lenergie\/\"]}]},{\"@type\":\"ImageObject\",\"inLanguage\":\"fr-FR\",\"@id\":\"https:\/\/pellet-troubleshooting.gotbdev.com\/fr\/pellets-entreprises\/utilisations-industrielles-de-lenergie\/#primaryimage\",\"url\":\"https:\/\/pellet-troubleshooting.gotbdev.com\/wp-content\/uploads\/2023\/10\/plant1.jpg\",\"contentUrl\":\"https:\/\/pellet-troubleshooting.gotbdev.com\/wp-content\/uploads\/2023\/10\/plant1.jpg\",\"width\":640,\"height\":360},{\"@type\":\"BreadcrumbList\",\"@id\":\"https:\/\/pellet-troubleshooting.gotbdev.com\/fr\/pellets-entreprises\/utilisations-industrielles-de-lenergie\/#breadcrumb\",\"itemListElement\":[{\"@type\":\"ListItem\",\"position\":1,\"name\":\"Home\",\"item\":\"https:\/\/pellet-troubleshooting.gotbdev.com\/fr\/\"},{\"@type\":\"ListItem\",\"position\":2,\"name\":\"Pellets + Entreprises\",\"item\":\"https:\/\/pellet-troubleshooting.gotbdev.com\/fr\/pellets-business\/\"},{\"@type\":\"ListItem\",\"position\":3,\"name\":\"Utilisations industrielles de l&#8217;\u00e9nergie\"}]},{\"@type\":\"WebSite\",\"@id\":\"https:\/\/pellet-troubleshooting.gotbdev.com\/fr\/#website\",\"url\":\"https:\/\/pellet-troubleshooting.gotbdev.com\/fr\/\",\"name\":\"WOOD PELLET ASSOCIATION OF CANADA\",\"description\":\"\",\"publisher\":{\"@id\":\"https:\/\/pellet-troubleshooting.gotbdev.com\/fr\/#organization\"},\"potentialAction\":[{\"@type\":\"SearchAction\",\"target\":{\"@type\":\"EntryPoint\",\"urlTemplate\":\"https:\/\/pellet-troubleshooting.gotbdev.com\/fr\/?s={search_term_string}\"},\"query-input\":{\"@type\":\"PropertyValueSpecification\",\"valueRequired\":true,\"valueName\":\"search_term_string\"}}],\"inLanguage\":\"fr-FR\"},{\"@type\":\"Organization\",\"@id\":\"https:\/\/pellet-troubleshooting.gotbdev.com\/fr\/#organization\",\"name\":\"WOOD PELLET ASSOCIATION OF CANADA\",\"url\":\"https:\/\/pellet-troubleshooting.gotbdev.com\/fr\/\",\"logo\":{\"@type\":\"ImageObject\",\"inLanguage\":\"fr-FR\",\"@id\":\"https:\/\/pellet-troubleshooting.gotbdev.com\/fr\/#\/schema\/logo\/image\/\",\"url\":\"https:\/\/pellet-troubleshooting.gotbdev.com\/wp-content\/uploads\/2023\/09\/logo-color.png\",\"contentUrl\":\"https:\/\/pellet-troubleshooting.gotbdev.com\/wp-content\/uploads\/2023\/09\/logo-color.png\",\"width\":510,\"height\":183,\"caption\":\"WOOD PELLET ASSOCIATION OF CANADA\"},\"image\":{\"@id\":\"https:\/\/pellet-troubleshooting.gotbdev.com\/fr\/#\/schema\/logo\/image\/\"}}]}<\/script>\n<!-- \/ Yoast SEO plugin. -->","yoast_head_json":{"title":"Utilisations industrielles de l'\u00e9nergie - WOOD PELLET ASSOCIATION OF CANADA","robots":{"index":"noindex","follow":"follow","max-snippet":"max-snippet:-1","max-image-preview":"max-image-preview:large","max-video-preview":"max-video-preview:-1"},"og_locale":"fr_FR","og_type":"article","og_title":"Utilisations industrielles de l'\u00e9nergie - WOOD PELLET ASSOCIATION OF CANADA","og_description":"Les granul\u00e9s de bois sont couramment utilis\u00e9s dans le monde entier, en particulier en Europe et en Asie, pour remplacer le charbon dans les centrales \u00e9lectriques \u00e0 charbon pulv\u00e9ris\u00e9.","og_url":"https:\/\/pellet-troubleshooting.gotbdev.com\/fr\/pellets-entreprises\/utilisations-industrielles-de-lenergie\/","og_site_name":"WOOD PELLET ASSOCIATION OF CANADA","article_modified_time":"2025-02-03T14:17:21+00:00","og_image":[{"width":640,"height":360,"url":"https:\/\/pellet-troubleshooting.gotbdev.com\/wp-content\/uploads\/2023\/10\/plant1.jpg","type":"image\/jpeg"}],"twitter_card":"summary_large_image","twitter_misc":{"Dur\u00e9e de lecture estim\u00e9e":"1 minute"},"schema":{"@context":"https:\/\/schema.org","@graph":[{"@type":"WebPage","@id":"https:\/\/pellet-troubleshooting.gotbdev.com\/fr\/pellets-entreprises\/utilisations-industrielles-de-lenergie\/","url":"https:\/\/pellet-troubleshooting.gotbdev.com\/fr\/pellets-entreprises\/utilisations-industrielles-de-lenergie\/","name":"Utilisations industrielles de l'\u00e9nergie - WOOD PELLET ASSOCIATION OF CANADA","isPartOf":{"@id":"https:\/\/pellet-troubleshooting.gotbdev.com\/fr\/#website"},"primaryImageOfPage":{"@id":"https:\/\/pellet-troubleshooting.gotbdev.com\/fr\/pellets-entreprises\/utilisations-industrielles-de-lenergie\/#primaryimage"},"image":{"@id":"https:\/\/pellet-troubleshooting.gotbdev.com\/fr\/pellets-entreprises\/utilisations-industrielles-de-lenergie\/#primaryimage"},"thumbnailUrl":"https:\/\/pellet-troubleshooting.gotbdev.com\/wp-content\/uploads\/2023\/10\/plant1.jpg","datePublished":"2023-09-04T21:45:51+00:00","dateModified":"2025-02-03T14:17:21+00:00","breadcrumb":{"@id":"https:\/\/pellet-troubleshooting.gotbdev.com\/fr\/pellets-entreprises\/utilisations-industrielles-de-lenergie\/#breadcrumb"},"inLanguage":"fr-FR","potentialAction":[{"@type":"ReadAction","target":["https:\/\/pellet-troubleshooting.gotbdev.com\/fr\/pellets-entreprises\/utilisations-industrielles-de-lenergie\/"]}]},{"@type":"ImageObject","inLanguage":"fr-FR","@id":"https:\/\/pellet-troubleshooting.gotbdev.com\/fr\/pellets-entreprises\/utilisations-industrielles-de-lenergie\/#primaryimage","url":"https:\/\/pellet-troubleshooting.gotbdev.com\/wp-content\/uploads\/2023\/10\/plant1.jpg","contentUrl":"https:\/\/pellet-troubleshooting.gotbdev.com\/wp-content\/uploads\/2023\/10\/plant1.jpg","width":640,"height":360},{"@type":"BreadcrumbList","@id":"https:\/\/pellet-troubleshooting.gotbdev.com\/fr\/pellets-entreprises\/utilisations-industrielles-de-lenergie\/#breadcrumb","itemListElement":[{"@type":"ListItem","position":1,"name":"Home","item":"https:\/\/pellet-troubleshooting.gotbdev.com\/fr\/"},{"@type":"ListItem","position":2,"name":"Pellets + Entreprises","item":"https:\/\/pellet-troubleshooting.gotbdev.com\/fr\/pellets-business\/"},{"@type":"ListItem","position":3,"name":"Utilisations industrielles de l&#8217;\u00e9nergie"}]},{"@type":"WebSite","@id":"https:\/\/pellet-troubleshooting.gotbdev.com\/fr\/#website","url":"https:\/\/pellet-troubleshooting.gotbdev.com\/fr\/","name":"WOOD PELLET ASSOCIATION OF CANADA","description":"","publisher":{"@id":"https:\/\/pellet-troubleshooting.gotbdev.com\/fr\/#organization"},"potentialAction":[{"@type":"SearchAction","target":{"@type":"EntryPoint","urlTemplate":"https:\/\/pellet-troubleshooting.gotbdev.com\/fr\/?s={search_term_string}"},"query-input":{"@type":"PropertyValueSpecification","valueRequired":true,"valueName":"search_term_string"}}],"inLanguage":"fr-FR"},{"@type":"Organization","@id":"https:\/\/pellet-troubleshooting.gotbdev.com\/fr\/#organization","name":"WOOD PELLET ASSOCIATION OF CANADA","url":"https:\/\/pellet-troubleshooting.gotbdev.com\/fr\/","logo":{"@type":"ImageObject","inLanguage":"fr-FR","@id":"https:\/\/pellet-troubleshooting.gotbdev.com\/fr\/#\/schema\/logo\/image\/","url":"https:\/\/pellet-troubleshooting.gotbdev.com\/wp-content\/uploads\/2023\/09\/logo-color.png","contentUrl":"https:\/\/pellet-troubleshooting.gotbdev.com\/wp-content\/uploads\/2023\/09\/logo-color.png","width":510,"height":183,"caption":"WOOD PELLET ASSOCIATION OF CANADA"},"image":{"@id":"https:\/\/pellet-troubleshooting.gotbdev.com\/fr\/#\/schema\/logo\/image\/"}}]}},"_links":{"self":[{"href":"https:\/\/pellet-troubleshooting.gotbdev.com\/fr\/wp-json\/wp\/v2\/pages\/4368","targetHints":{"allow":["GET"]}}],"collection":[{"href":"https:\/\/pellet-troubleshooting.gotbdev.com\/fr\/wp-json\/wp\/v2\/pages"}],"about":[{"href":"https:\/\/pellet-troubleshooting.gotbdev.com\/fr\/wp-json\/wp\/v2\/types\/page"}],"author":[{"embeddable":true,"href":"https:\/\/pellet-troubleshooting.gotbdev.com\/fr\/wp-json\/wp\/v2\/users\/1"}],"replies":[{"embeddable":true,"href":"https:\/\/pellet-troubleshooting.gotbdev.com\/fr\/wp-json\/wp\/v2\/comments?post=4368"}],"version-history":[{"count":5,"href":"https:\/\/pellet-troubleshooting.gotbdev.com\/fr\/wp-json\/wp\/v2\/pages\/4368\/revisions"}],"predecessor-version":[{"id":5363,"href":"https:\/\/pellet-troubleshooting.gotbdev.com\/fr\/wp-json\/wp\/v2\/pages\/4368\/revisions\/5363"}],"up":[{"embeddable":true,"href":"https:\/\/pellet-troubleshooting.gotbdev.com\/fr\/wp-json\/wp\/v2\/pages\/4360"}],"wp:featuredmedia":[{"embeddable":true,"href":"https:\/\/pellet-troubleshooting.gotbdev.com\/fr\/wp-json\/wp\/v2\/media\/2769"}],"wp:attachment":[{"href":"https:\/\/pellet-troubleshooting.gotbdev.com\/fr\/wp-json\/wp\/v2\/media?parent=4368"}],"curies":[{"name":"wp","href":"https:\/\/api.w.org\/{rel}","templated":true}]}}