{"id":4375,"date":"2023-09-04T21:34:13","date_gmt":"2023-09-04T21:34:13","guid":{"rendered":"https:\/\/pellet-troubleshooting.gotbdev.com\/les-granules-notre-planete\/"},"modified":"2025-02-03T21:50:59","modified_gmt":"2025-02-03T21:50:59","slug":"les-granules-notre-planete","status":"publish","type":"page","link":"https:\/\/pellet-troubleshooting.gotbdev.com\/fr\/les-granules-notre-planete\/","title":{"rendered":"Les granul\u00e9s + notre plan\u00e8te"},"content":{"rendered":"\n<div class=\"page-intro\">\n\n<div class=\"wp-block-group is-layout-flow wp-block-group-is-layout-flow\">\n<p class=\"has-x-large-font-size\">Face \u00e0 une plan\u00e8te qui ne cesse de se r\u00e9chauffer, les granul\u00e9s de bois durables et renouvelables sont utilis\u00e9s dans le monde entier pour acc\u00e9l\u00e9rer la transition vers l&rsquo;abandon des combustibles fossiles et r\u00e9duire les \u00e9missions de gaz \u00e0 effet de serre. Les granul\u00e9s de bois, provenant de producteurs responsables dans des pays bien r\u00e9glement\u00e9s comme le Canada, constituent incontestablement une solution durable, renouvelable et \u00e0 faible teneur en carbone pour lutter contre le changement climatique et sont porteurs d&rsquo;un avenir \u00e9nerg\u00e9tique propre.   <\/p>\n<\/div>\n\n<\/div>","protected":false},"excerpt":{"rendered":"","protected":false},"author":1,"featured_media":2753,"parent":0,"menu_order":0,"comment_status":"closed","ping_status":"closed","template":"page-templates\/template-subsections.php","meta":{"_acf_changed":false,"inline_featured_image":false,"footnotes":""},"class_list":["post-4375","page","type-page","status-publish","has-post-thumbnail","hentry"],"acf":[],"yoast_head":"<!-- This site is optimized with the Yoast SEO plugin v24.5 - https:\/\/yoast.com\/wordpress\/plugins\/seo\/ -->\n<title>Les granul\u00e9s + notre plan\u00e8te - WOOD PELLET ASSOCIATION OF CANADA<\/title>\n<meta name=\"robots\" content=\"noindex, follow, max-snippet:-1, max-image-preview:large, max-video-preview:-1\" \/>\n<meta property=\"og:locale\" content=\"fr_FR\" \/>\n<meta property=\"og:type\" content=\"article\" \/>\n<meta property=\"og:title\" content=\"Les granul\u00e9s + notre plan\u00e8te - WOOD PELLET ASSOCIATION OF CANADA\" \/>\n<meta property=\"og:url\" content=\"https:\/\/pellet-troubleshooting.gotbdev.com\/fr\/les-granules-notre-planete\/\" \/>\n<meta property=\"og:site_name\" content=\"WOOD PELLET ASSOCIATION OF CANADA\" \/>\n<meta property=\"article:modified_time\" content=\"2025-02-03T21:50:59+00:00\" \/>\n<meta property=\"og:image\" content=\"https:\/\/pellet-troubleshooting.gotbdev.com\/wp-content\/uploads\/2023\/10\/harvesting-in-southern-interior-bc-candace-kenyon-courtesy-naturallywood.png\" \/>\n\t<meta property=\"og:image:width\" content=\"668\" \/>\n\t<meta property=\"og:image:height\" content=\"401\" \/>\n\t<meta property=\"og:image:type\" content=\"image\/png\" \/>\n<meta name=\"twitter:card\" content=\"summary_large_image\" \/>\n<meta name=\"twitter:label1\" content=\"Dur\u00e9e de lecture estim\u00e9e\" \/>\n\t<meta name=\"twitter:data1\" content=\"1 minute\" \/>\n<script type=\"application\/ld+json\" class=\"yoast-schema-graph\">{\"@context\":\"https:\/\/schema.org\",\"@graph\":[{\"@type\":\"WebPage\",\"@id\":\"https:\/\/pellet-troubleshooting.gotbdev.com\/fr\/les-granules-notre-planete\/\",\"url\":\"https:\/\/pellet-troubleshooting.gotbdev.com\/fr\/les-granules-notre-planete\/\",\"name\":\"Les granul\u00e9s + notre plan\u00e8te - WOOD PELLET ASSOCIATION OF CANADA\",\"isPartOf\":{\"@id\":\"https:\/\/pellet-troubleshooting.gotbdev.com\/fr\/#website\"},\"primaryImageOfPage\":{\"@id\":\"https:\/\/pellet-troubleshooting.gotbdev.com\/fr\/les-granules-notre-planete\/#primaryimage\"},\"image\":{\"@id\":\"https:\/\/pellet-troubleshooting.gotbdev.com\/fr\/les-granules-notre-planete\/#primaryimage\"},\"thumbnailUrl\":\"https:\/\/pellet-troubleshooting.gotbdev.com\/wp-content\/uploads\/2023\/10\/harvesting-in-southern-interior-bc-candace-kenyon-courtesy-naturallywood.png\",\"datePublished\":\"2023-09-04T21:34:13+00:00\",\"dateModified\":\"2025-02-03T21:50:59+00:00\",\"breadcrumb\":{\"@id\":\"https:\/\/pellet-troubleshooting.gotbdev.com\/fr\/les-granules-notre-planete\/#breadcrumb\"},\"inLanguage\":\"fr-FR\",\"potentialAction\":[{\"@type\":\"ReadAction\",\"target\":[\"https:\/\/pellet-troubleshooting.gotbdev.com\/fr\/les-granules-notre-planete\/\"]}]},{\"@type\":\"ImageObject\",\"inLanguage\":\"fr-FR\",\"@id\":\"https:\/\/pellet-troubleshooting.gotbdev.com\/fr\/les-granules-notre-planete\/#primaryimage\",\"url\":\"https:\/\/pellet-troubleshooting.gotbdev.com\/wp-content\/uploads\/2023\/10\/harvesting-in-southern-interior-bc-candace-kenyon-courtesy-naturallywood.png\",\"contentUrl\":\"https:\/\/pellet-troubleshooting.gotbdev.com\/wp-content\/uploads\/2023\/10\/harvesting-in-southern-interior-bc-candace-kenyon-courtesy-naturallywood.png\",\"width\":668,\"height\":401,\"caption\":\"Photo: Candace Kenyon, courtesy naturallywood.com\"},{\"@type\":\"BreadcrumbList\",\"@id\":\"https:\/\/pellet-troubleshooting.gotbdev.com\/fr\/les-granules-notre-planete\/#breadcrumb\",\"itemListElement\":[{\"@type\":\"ListItem\",\"position\":1,\"name\":\"Home\",\"item\":\"https:\/\/pellet-troubleshooting.gotbdev.com\/fr\/\"},{\"@type\":\"ListItem\",\"position\":2,\"name\":\"Les granul\u00e9s + notre plan\u00e8te\"}]},{\"@type\":\"WebSite\",\"@id\":\"https:\/\/pellet-troubleshooting.gotbdev.com\/fr\/#website\",\"url\":\"https:\/\/pellet-troubleshooting.gotbdev.com\/fr\/\",\"name\":\"WOOD PELLET ASSOCIATION OF CANADA\",\"description\":\"\",\"publisher\":{\"@id\":\"https:\/\/pellet-troubleshooting.gotbdev.com\/fr\/#organization\"},\"potentialAction\":[{\"@type\":\"SearchAction\",\"target\":{\"@type\":\"EntryPoint\",\"urlTemplate\":\"https:\/\/pellet-troubleshooting.gotbdev.com\/fr\/?s={search_term_string}\"},\"query-input\":{\"@type\":\"PropertyValueSpecification\",\"valueRequired\":true,\"valueName\":\"search_term_string\"}}],\"inLanguage\":\"fr-FR\"},{\"@type\":\"Organization\",\"@id\":\"https:\/\/pellet-troubleshooting.gotbdev.com\/fr\/#organization\",\"name\":\"WOOD PELLET ASSOCIATION OF CANADA\",\"url\":\"https:\/\/pellet-troubleshooting.gotbdev.com\/fr\/\",\"logo\":{\"@type\":\"ImageObject\",\"inLanguage\":\"fr-FR\",\"@id\":\"https:\/\/pellet-troubleshooting.gotbdev.com\/fr\/#\/schema\/logo\/image\/\",\"url\":\"https:\/\/pellet-troubleshooting.gotbdev.com\/wp-content\/uploads\/2023\/09\/logo-color.png\",\"contentUrl\":\"https:\/\/pellet-troubleshooting.gotbdev.com\/wp-content\/uploads\/2023\/09\/logo-color.png\",\"width\":510,\"height\":183,\"caption\":\"WOOD PELLET ASSOCIATION OF CANADA\"},\"image\":{\"@id\":\"https:\/\/pellet-troubleshooting.gotbdev.com\/fr\/#\/schema\/logo\/image\/\"}}]}<\/script>\n<!-- \/ Yoast SEO plugin. -->","yoast_head_json":{"title":"Les granul\u00e9s + notre plan\u00e8te - WOOD PELLET ASSOCIATION OF CANADA","robots":{"index":"noindex","follow":"follow","max-snippet":"max-snippet:-1","max-image-preview":"max-image-preview:large","max-video-preview":"max-video-preview:-1"},"og_locale":"fr_FR","og_type":"article","og_title":"Les granul\u00e9s + notre plan\u00e8te - WOOD PELLET ASSOCIATION OF CANADA","og_url":"https:\/\/pellet-troubleshooting.gotbdev.com\/fr\/les-granules-notre-planete\/","og_site_name":"WOOD PELLET ASSOCIATION OF CANADA","article_modified_time":"2025-02-03T21:50:59+00:00","og_image":[{"width":668,"height":401,"url":"https:\/\/pellet-troubleshooting.gotbdev.com\/wp-content\/uploads\/2023\/10\/harvesting-in-southern-interior-bc-candace-kenyon-courtesy-naturallywood.png","type":"image\/png"}],"twitter_card":"summary_large_image","twitter_misc":{"Dur\u00e9e de lecture estim\u00e9e":"1 minute"},"schema":{"@context":"https:\/\/schema.org","@graph":[{"@type":"WebPage","@id":"https:\/\/pellet-troubleshooting.gotbdev.com\/fr\/les-granules-notre-planete\/","url":"https:\/\/pellet-troubleshooting.gotbdev.com\/fr\/les-granules-notre-planete\/","name":"Les granul\u00e9s + notre plan\u00e8te - WOOD PELLET ASSOCIATION OF CANADA","isPartOf":{"@id":"https:\/\/pellet-troubleshooting.gotbdev.com\/fr\/#website"},"primaryImageOfPage":{"@id":"https:\/\/pellet-troubleshooting.gotbdev.com\/fr\/les-granules-notre-planete\/#primaryimage"},"image":{"@id":"https:\/\/pellet-troubleshooting.gotbdev.com\/fr\/les-granules-notre-planete\/#primaryimage"},"thumbnailUrl":"https:\/\/pellet-troubleshooting.gotbdev.com\/wp-content\/uploads\/2023\/10\/harvesting-in-southern-interior-bc-candace-kenyon-courtesy-naturallywood.png","datePublished":"2023-09-04T21:34:13+00:00","dateModified":"2025-02-03T21:50:59+00:00","breadcrumb":{"@id":"https:\/\/pellet-troubleshooting.gotbdev.com\/fr\/les-granules-notre-planete\/#breadcrumb"},"inLanguage":"fr-FR","potentialAction":[{"@type":"ReadAction","target":["https:\/\/pellet-troubleshooting.gotbdev.com\/fr\/les-granules-notre-planete\/"]}]},{"@type":"ImageObject","inLanguage":"fr-FR","@id":"https:\/\/pellet-troubleshooting.gotbdev.com\/fr\/les-granules-notre-planete\/#primaryimage","url":"https:\/\/pellet-troubleshooting.gotbdev.com\/wp-content\/uploads\/2023\/10\/harvesting-in-southern-interior-bc-candace-kenyon-courtesy-naturallywood.png","contentUrl":"https:\/\/pellet-troubleshooting.gotbdev.com\/wp-content\/uploads\/2023\/10\/harvesting-in-southern-interior-bc-candace-kenyon-courtesy-naturallywood.png","width":668,"height":401,"caption":"Photo: Candace Kenyon, courtesy naturallywood.com"},{"@type":"BreadcrumbList","@id":"https:\/\/pellet-troubleshooting.gotbdev.com\/fr\/les-granules-notre-planete\/#breadcrumb","itemListElement":[{"@type":"ListItem","position":1,"name":"Home","item":"https:\/\/pellet-troubleshooting.gotbdev.com\/fr\/"},{"@type":"ListItem","position":2,"name":"Les granul\u00e9s + notre plan\u00e8te"}]},{"@type":"WebSite","@id":"https:\/\/pellet-troubleshooting.gotbdev.com\/fr\/#website","url":"https:\/\/pellet-troubleshooting.gotbdev.com\/fr\/","name":"WOOD PELLET ASSOCIATION OF CANADA","description":"","publisher":{"@id":"https:\/\/pellet-troubleshooting.gotbdev.com\/fr\/#organization"},"potentialAction":[{"@type":"SearchAction","target":{"@type":"EntryPoint","urlTemplate":"https:\/\/pellet-troubleshooting.gotbdev.com\/fr\/?s={search_term_string}"},"query-input":{"@type":"PropertyValueSpecification","valueRequired":true,"valueName":"search_term_string"}}],"inLanguage":"fr-FR"},{"@type":"Organization","@id":"https:\/\/pellet-troubleshooting.gotbdev.com\/fr\/#organization","name":"WOOD PELLET ASSOCIATION OF CANADA","url":"https:\/\/pellet-troubleshooting.gotbdev.com\/fr\/","logo":{"@type":"ImageObject","inLanguage":"fr-FR","@id":"https:\/\/pellet-troubleshooting.gotbdev.com\/fr\/#\/schema\/logo\/image\/","url":"https:\/\/pellet-troubleshooting.gotbdev.com\/wp-content\/uploads\/2023\/09\/logo-color.png","contentUrl":"https:\/\/pellet-troubleshooting.gotbdev.com\/wp-content\/uploads\/2023\/09\/logo-color.png","width":510,"height":183,"caption":"WOOD PELLET ASSOCIATION OF CANADA"},"image":{"@id":"https:\/\/pellet-troubleshooting.gotbdev.com\/fr\/#\/schema\/logo\/image\/"}}]}},"_links":{"self":[{"href":"https:\/\/pellet-troubleshooting.gotbdev.com\/fr\/wp-json\/wp\/v2\/pages\/4375","targetHints":{"allow":["GET"]}}],"collection":[{"href":"https:\/\/pellet-troubleshooting.gotbdev.com\/fr\/wp-json\/wp\/v2\/pages"}],"about":[{"href":"https:\/\/pellet-troubleshooting.gotbdev.com\/fr\/wp-json\/wp\/v2\/types\/page"}],"author":[{"embeddable":true,"href":"https:\/\/pellet-troubleshooting.gotbdev.com\/fr\/wp-json\/wp\/v2\/users\/1"}],"replies":[{"embeddable":true,"href":"https:\/\/pellet-troubleshooting.gotbdev.com\/fr\/wp-json\/wp\/v2\/comments?post=4375"}],"version-history":[{"count":9,"href":"https:\/\/pellet-troubleshooting.gotbdev.com\/fr\/wp-json\/wp\/v2\/pages\/4375\/revisions"}],"predecessor-version":[{"id":5372,"href":"https:\/\/pellet-troubleshooting.gotbdev.com\/fr\/wp-json\/wp\/v2\/pages\/4375\/revisions\/5372"}],"wp:featuredmedia":[{"embeddable":true,"href":"https:\/\/pellet-troubleshooting.gotbdev.com\/fr\/wp-json\/wp\/v2\/media\/2753"}],"wp:attachment":[{"href":"https:\/\/pellet-troubleshooting.gotbdev.com\/fr\/wp-json\/wp\/v2\/media?parent=4375"}],"curies":[{"name":"wp","href":"https:\/\/api.w.org\/{rel}","templated":true}]}}