{"id":4399,"date":"2023-08-22T04:34:50","date_gmt":"2023-08-22T04:34:50","guid":{"rendered":"https:\/\/pellet-troubleshooting.gotbdev.com\/a-propos-de\/"},"modified":"2024-11-28T19:39:13","modified_gmt":"2024-11-28T19:39:13","slug":"a-propos-de","status":"publish","type":"page","link":"https:\/\/pellet-troubleshooting.gotbdev.com\/fr\/a-propos-de\/","title":{"rendered":"\u00c0 propos de"},"content":{"rendered":"\n<div class=\"page-intro\">\n\n<div class=\"wp-block-group mw-medium is-layout-flow wp-block-group-is-layout-flow\">\n<p class=\"has-x-large-font-size\">L&rsquo;Association canadienne des granul\u00e9s de bois (ACBP) et ses membres s&rsquo;engagent \u00e0 fournir au monde une \u00e9nergie propre, responsable et renouvelable. <\/p>\n<\/div>\n\n<\/div>\n\n\n<div class=\"layout-sidebar alignfull\">\n\n<div class=\"wp-block-group grid-container mw-medium is-layout-flow wp-block-group-is-layout-flow\">\n<div class=\"wp-block-group main-container is-layout-flow wp-block-group-is-layout-flow\">\n<h3 class=\"wp-block-heading\">La voix du secteur canadien des granul\u00e9s de bois, durable et de premier plan au niveau mondial  <\/h3>\n\n\n\n<p>La biomasse &#8211; sous forme de granul\u00e9s de bois &#8211; est une technologie \u00e0 faible teneur en carbone, qui permet g\u00e9n\u00e9ralement de r\u00e9duire de 90 % les \u00e9missions de gaz \u00e0 effet de serre par rapport aux combustibles fossiles.<\/p>\n\n\n\n<p>Face \u00e0 une plan\u00e8te qui ne cesse de se r\u00e9chauffer, la demande croissante de granul\u00e9s de bois dans le monde est motiv\u00e9e en grande partie par les efforts d\u00e9ploy\u00e9s \u00e0 l&rsquo;\u00e9chelle mondiale pour atteindre des objectifs climatiques ambitieux.<\/p>\n\n\n\n<p>En l&rsquo;espace d&rsquo;une d\u00e9cennie, notre secteur est devenu l&rsquo;un des plus grands producteurs de granul\u00e9s de bois au monde, fournissant \u00e0 ses clients nationaux et internationaux des granul\u00e9s de qualit\u00e9 qui soutiennent une \u00e9conomie \u00e0 faible \u00e9mission de carbone.<\/p>\n\n\n\n<p>Nous repr\u00e9sentons plus de 50 producteurs et membres poss\u00e9dant des installations dans tout le Canada, employant des Canadiens d&rsquo;un oc\u00e9an \u00e0 l&rsquo;autre et transformant la fibre &#8211; autrefois consid\u00e9r\u00e9e comme un d\u00e9chet &#8211; en une \u00e9nergie responsable et renouvelable qui exploite le pouvoir de transformation des granul\u00e9s.<\/p>\n\n\n\n<p>\n          <strong>Comment proc\u00e9der ?<\/strong>\n        <\/p>\n\n\n\n<ul class=\"wp-block-list\">\n<li>En soutenant la recherche et le d\u00e9veloppement de nouveaux produits bio\u00e9nerg\u00e9tiques innovants \u00e0 base de bois, tels que les biocarburants liquides et le gaz naturel renouvelable.<\/li>\n\n\n\n<li>En \u00e9largissant les march\u00e9s existants et en d\u00e9veloppant de nouveaux march\u00e9s pour les granul\u00e9s de bois<\/li>\n\n\n\n<li>En d\u00e9veloppant des politiques et des programmes nationaux qui favorisent les objectifs en mati\u00e8re de carbone visant \u00e0 remplacer les combustibles fossiles et les sources d&rsquo;\u00e9nergie \u00e0 forte intensit\u00e9 de carbone par de la bio\u00e9nergie produite \u00e0 partir de granul\u00e9s de bois.<\/li>\n\n\n\n<li>En supprimant les obstacles politiques et administratifs \u00e0 l&rsquo;utilisation des r\u00e9sidus de l&rsquo;exploitation foresti\u00e8re laiss\u00e9s dans les bois en tant que d\u00e9chets<\/li>\n<\/ul>\n<\/div>\n\n\n\n<div class=\"wp-block-group sidebar-container is-layout-flow wp-block-group-is-layout-flow\">\n<div  class=\"sidebar\">\n\t<div class=\"inner-container\">\n\t\t\t\t\t<h3 class=\"heading\">contactez-nous<\/h3>\n\t\t\n\t\t<div class=\"sidebar-item richtext\"><p><strong>Gord Murray<\/strong><br \/>\nDirecteur ex\u00e9cutif<\/p>\n<p>Mobile (250) 837-8821<\/p>\n<p>Fax (250) 837-6125<\/p>\n<p><a href=\"mailto:gord@pellet.org\">gord@pellet.org<\/a><\/p>\n<\/div><div class=\"sidebar-item richtext\"><p><strong>ADRESSE POSTALE<\/strong><\/p>\n<p>Wood Pellet Association of Canada<br \/>\nP.O. Box 2989<br \/>\n1877 Upper McKinnon Road<br \/>\nRevelstoke, BC<br \/>\nV0E 2S0<\/p>\n<\/div>\t<\/div>\n<\/div><\/div>\n<\/div>\n\n<\/div>\n\n<section  class=\"team alignfull is-style-sombre\"><div class=\"section-inner\"><h4 class=\"section-title\">Notre \u00e9quipe<\/h4><div class=\"team-members\">\t\t<div class=\"member\">\n\t\t\t<div class=\"member-top\">\n\t\t\t\t\t\t\t\t\t<img decoding=\"async\" class=\"image\" src=\"https:\/\/pellet-troubleshooting.gotbdev.com\/wp-content\/uploads\/2023\/10\/Gord-Murray-1.jpg\" alt=\"\" \/>\n\t\t\t\t\n\t\t\t\t<div class=\"contact\"><p><strong>Gord Murray<\/strong><br \/>\nDirecteur ex\u00e9cutif<\/p>\n<p>Mobile (250) 837-8821<br \/>\nFax (250) 837-6125<br \/>\n<a href=\"mailto:gord@pellet.org\">gord@pellet.org<\/a><\/p>\n<\/div>\t\t\t<\/div>\n\n\t\t\t<div class=\"member-description\">\n\t\t\t\t<p>Ayant travaill\u00e9 sur le terrain dans les op\u00e9rations des scieries et des terrains bois\u00e9s, ainsi que dans le domaine de la finance d&rsquo;entreprise de l&rsquo;industrie (fusions, acquisitions et financement de projets), Gordon Murray a rejoint l&rsquo;Association canadienne des granul\u00e9s de bois en 2009. Aujourd&rsquo;hui, il est un ardent d\u00e9fenseur des producteurs canadiens, des n\u00e9gociants, des ports, des terminaux, des soci\u00e9t\u00e9s de transport, des fournisseurs d&rsquo;\u00e9quipement et de tous ceux qui veulent participer \u00e0 la croissance d&rsquo;une industrie des granul\u00e9s de bois s\u00fbre et prosp\u00e8re. Gordon Murray est titulaire d&rsquo;une licence en sciences foresti\u00e8res. Il est forestier professionnel agr\u00e9\u00e9 et comptable professionnel agr\u00e9\u00e9.   <\/p>\n\t\t\t<\/div>\n\t\t<\/div>\n\t\t<div class=\"member\">\n\t\t\t<div class=\"member-top\">\n\t\t\t\t\t\t\t\t\t<img decoding=\"async\" class=\"image\" src=\"https:\/\/pellet-troubleshooting.gotbdev.com\/wp-content\/uploads\/2024\/10\/fahimeh-yazdan-panah-e1727975280980.jpg\" alt=\"\" \/>\n\t\t\t\t\n\t\t\t\t<div class=\"contact\"><p><strong>Fahimeh Yazdan Panah<strong><br \/>\n<\/strong><\/strong>Directrice de la recherche et du d\u00e9veloppement technique<\/p>\n<p>Mobile (778) 990-2656<br \/>\n<a href=\"mailto:fahimeh@pellet.org\">fahimeh@pellet.org<\/a><\/p>\n<\/div>\t\t\t<\/div>\n\n\t\t\t<div class=\"member-description\">\n\t\t\t\t<p><span class=\"TrackChangeTextInsertion TrackedChange TrackChangeHoverSelectColorRed SCXW247160337 BCX0\"><span class=\"TextRun SCXW247160337 BCX0\" lang=\"EN-US\" data-contrast=\"none\"><span class=\"NormalTextRun TrackChangeHoverSelectHighlightRed SCXW247160337 BCX0\">Fahimeh Yazdan Panah<\/span><\/span><\/span><span class=\"TrackChangeTextInsertion TrackedChange TrackChangeHoverSelectColorRed SCXW247160337 BCX0\"><span class=\"TextRun SCXW247160337 BCX0\" lang=\"EN-US\" data-contrast=\"none\"><span class=\"NormalTextRun TrackChangeHoverSelectHighlightRed SCXW247160337 BCX0\"> se consacre \u00e0 la recherche et \u00e0 la d\u00e9couverte dans le domaine \u00e9mergent de la bio\u00e9nergie depuis plus de 15 ans et a g\u00e9r\u00e9 des projets de bio\u00e9nergie pour une vari\u00e9t\u00e9 de clients, y compris des gouvernements, <\/span><\/span><\/span><span class=\"TrackChangeTextInsertion TrackedChange TrackChangeHoverSelectColorRed SCXW247160337 BCX0\"><span class=\"TextRun SCXW247160337 BCX0\" lang=\"EN-US\" data-contrast=\"none\"><span class=\"NormalTextRun TrackChangeHoverSelectHighlightRed SCXW247160337 BCX0\">des fabricants,<\/span><\/span><\/span><span class=\"TrackChangeTextInsertion TrackedChange TrackChangeHoverSelectColorRed SCXW247160337 BCX0\"><span class=\"TextRun SCXW247160337 BCX0\" lang=\"EN-US\" xml:lang=\"EN-US\" data-contrast=\"none\"><span class=\"NormalTextRun TrackChangeHoverSelectHighlightRed SCXW247160337 BCX0\">  et des d\u00e9veloppeurs de technologies. Elle a dirig\u00e9 la densification des biocarburants, le pr\u00e9traitement et le d\u00e9veloppement de la technologie.   <\/span><\/span><\/span><span class=\"TrackChangeTextInsertion TrackedChange TrackChangeHoverSelectColorRed SCXW247160337 BCX0\"><span class=\"TextRun SCXW247160337 BCX0\" lang=\"EN-US\" data-contrast=\"none\"><span class=\"NormalTextRun TrackChangeHoverSelectHighlightRed SCXW247160337 BCX0\">de l&rsquo;entreposage et de la manutention<\/span><\/span><\/span><span class=\"TrackChangeTextInsertion TrackedChange TrackChangeHoverSelectColorRed SCXW247160337 BCX0\"><span class=\"TextRun SCXW247160337 BCX0\" lang=\"EN-US\" data-contrast=\"none\"><span class=\"NormalTextRun TrackChangeHoverSelectHighlightRed SCXW247160337 BCX0\"> Pendant 10 ans, il a particip\u00e9 \u00e0 des \u00e9tudes de recherche sur le stockage et la manutention, il a r\u00e9dig\u00e9 plus de 80 rapports techniques et il a publi\u00e9 des ouvrages \u00e9valu\u00e9s par des pairs dans ce domaine.<\/span><span class=\"NormalTextRun TrackChangeHoverSelectHighlightRed SCXW247160337 BCX0\">.<\/span><\/span><\/span><\/p>\n<p><span class=\"TrackChangeTextInsertion TrackedChange TrackChangeHoverSelectColorRed SCXW247160337 BCX0\"><span class=\"TextRun SCXW247160337 BCX0\" lang=\"EN-US\" data-contrast=\"none\"><span class=\"NormalTextRun TrackChangeHoverSelectHighlightRed SCXW247160337 BCX0\">Elle a obtenu son doctorat et son <\/span><\/span><\/span><span class=\"TrackChangeTextInsertion TrackedChange TrackChangeHoverSelectColorRed SCXW247160337 BCX0\"><span class=\"TextRun SCXW247160337 BCX0\" lang=\"EN-US\" data-contrast=\"none\"><span class=\"NormalTextRun SpellingErrorV2Themed TrackChangeHoverSelectHighlightRed SCXW247160337 BCX0\">MASc<\/span><\/span><\/span><span class=\"TrackChangeTextInsertion TrackedChange TrackChangeHoverSelectColorRed SCXW247160337 BCX0\"><span class=\"TextRun SCXW247160337 BCX0\" lang=\"EN-US\" data-contrast=\"none\"><span class=\"NormalTextRun TrackChangeHoverSelectHighlightRed SCXW247160337 BCX0\"> du d\u00e9partement de g\u00e9nie chimique et biologique de l&rsquo;Universit\u00e9 de la Colombie-Britannique (UBC) et elle est titulaire d&rsquo;un baccalaur\u00e9at de l&rsquo;Universit\u00e9 de la Colombie-Britannique (UBC). <\/span><\/span><\/span><span class=\"TrackChangeTextInsertion TrackedChange TrackChangeHoverSelectColorRed SCXW247160337 BCX0\"><span class=\"TextRun SCXW247160337 BCX0\" lang=\"EN-US\" data-contrast=\"none\"><span class=\"NormalTextRun SpellingErrorV2Themed TrackChangeHoverSelectHighlightRed SCXW247160337 BCX0\">Amirkabir<\/span><\/span><\/span><span class=\"TrackChangeTextInsertion TrackedChange TrackChangeHoverSelectColorRed SCXW247160337 BCX0\"><span class=\"TextRun SCXW247160337 BCX0\" lang=\"EN-US\" xml:lang=\"EN-US\" data-contrast=\"none\"><span class=\"NormalTextRun TrackChangeHoverSelectHighlightRed SCXW247160337 BCX0\">  Universit\u00e9 de technologie. Elle est \u00e9galement ing\u00e9nieur professionnel enregistr\u00e9 aupr\u00e8s de l&rsquo;EGBC et gestionnaire de projet professionnel aupr\u00e8s du PMI. <\/span><\/span><\/span><span class=\"EOP SCXW247160337 BCX0\" data-ccp-props=\"{\"201341983\":0,\"335559685\":720,\"335559739\":160,\"335559740\":259}\"> <\/span><\/p>\n\t\t\t<\/div>\n\t\t<\/div>\n<\/div><\/div><\/section>\n\n\n<div class=\"wp-block-group has-global-padding is-layout-constrained wp-block-group-is-layout-constrained\">\n<blockquote class=\"wp-block-quote is-layout-flow wp-block-quote-is-layout-flow\">\n<p><em>\u00c0 la WPAC, nous nous engageons \u00e0 int\u00e9grer la diversit\u00e9 et l\u2019inclusion dans notre culture d\u2019entreprise. Nous pensons qu\u2019en recherchant activement la diversit\u00e9, nous pouvons mieux d\u00e9velopper les id\u00e9es et les personnes, assurer le succ\u00e8s continu de notre organisation et am\u00e9liorer la r\u00e9putation de l\u2019industrie que nous servons. Pour ce faire, nous cr\u00e9ons des opportunit\u00e9s qui permettent \u00e0 notre \u00e9quipe de se d\u00e9velopper et d\u2019atteindre de nouveaux objectifs. Nous recherchons des perspectives diverses, reconnaissant la valeur de la diversit\u00e9 de pens\u00e9e pour remettre en question le statu quo. Nous sommes inspir\u00e9s et encourag\u00e9s par les efforts des autres en mati\u00e8re de diversit\u00e9 et d\u2019inclusion. Nous pensons que les meilleurs \u00e9l\u00e9ments sont attir\u00e9s par les environnements inclusifs et s\u2019y \u00e9panouissent. Nous pensons que le leadership et la contribution en tant que leader d\u2019opinion se traduisent par un r\u00f4le de catalyseur du changement et de facilitateur du progr\u00e8s.      <\/em><\/p>\n<\/blockquote>\n\n\n\n<h4 class=\"wp-block-heading has-text-align-center\">\n          <strong>Installations de granul\u00e9s de bois au Canada<\/strong>\n        <\/h4>\n\n\n\n<figure class=\"wp-block-image size-full\"><a href=\"https:\/\/pellet-troubleshooting.gotbdev.com\/wp-content\/uploads\/2024\/05\/2024-canadian-pellet-facilities-map-image.jpg\" target=\"_blank\" rel=\"noreferrer noopener\"><img loading=\"lazy\" decoding=\"async\" width=\"11660\" height=\"8033\" src=\"https:\/\/pellet-troubleshooting.gotbdev.com\/wp-content\/uploads\/2024\/05\/2024-canadian-pellet-facilities-map-image.jpg\" alt=\"\" class=\"wp-image-1911\"\/><\/a><\/figure>\n<\/div>\n\n\n\n<p>Pour t\u00e9l\u00e9charger la carte au format PDF, cliquez <a href=\"https:\/\/pellet-troubleshooting.gotbdev.com\/fr\/ressources\/carte-des-membres-de-la-wpac\/\" target=\"_blank\" rel=\"noreferrer noopener\">ici<\/a>.<\/p>\n\n\n\n<blockquote class=\"wp-block-quote is-layout-flow wp-block-quote-is-layout-flow\">\n<p><\/p>\n<\/blockquote>\n","protected":false},"excerpt":{"rendered":"<p>\u00c0 la WPAC, nous nous engageons \u00e0 int\u00e9grer la diversit\u00e9 et l\u2019inclusion dans notre culture d\u2019entreprise. Nous pensons qu\u2019en recherchant activement la diversit\u00e9, nous pouvons mieux d\u00e9velopper les id\u00e9es et les personnes, assurer le succ\u00e8s continu de notre organisation et am\u00e9liorer la r\u00e9putation de l\u2019industrie que nous servons. Pour ce faire, nous cr\u00e9ons des opportunit\u00e9s&hellip;<\/p>\n","protected":false},"author":1,"featured_media":2717,"parent":0,"menu_order":0,"comment_status":"closed","ping_status":"closed","template":"","meta":{"_acf_changed":false,"inline_featured_image":false,"footnotes":""},"class_list":["post-4399","page","type-page","status-publish","has-post-thumbnail","hentry"],"acf":[],"yoast_head":"<!-- This site is optimized with the Yoast SEO plugin v24.5 - https:\/\/yoast.com\/wordpress\/plugins\/seo\/ -->\n<title>\u00c0 propos de - WOOD PELLET ASSOCIATION OF CANADA<\/title>\n<meta name=\"robots\" content=\"noindex, follow, max-snippet:-1, max-image-preview:large, max-video-preview:-1\" \/>\n<meta property=\"og:locale\" content=\"fr_FR\" \/>\n<meta property=\"og:type\" content=\"article\" \/>\n<meta property=\"og:title\" content=\"\u00c0 propos de - WOOD PELLET ASSOCIATION OF CANADA\" \/>\n<meta property=\"og:description\" content=\"\u00c0 la WPAC, nous nous engageons \u00e0 int\u00e9grer la diversit\u00e9 et l\u2019inclusion dans notre culture d\u2019entreprise. Nous pensons qu\u2019en recherchant activement la diversit\u00e9, nous pouvons mieux d\u00e9velopper les id\u00e9es et les personnes, assurer le succ\u00e8s continu de notre organisation et am\u00e9liorer la r\u00e9putation de l\u2019industrie que nous servons. Pour ce faire, nous cr\u00e9ons des opportunit\u00e9s&hellip;\" \/>\n<meta property=\"og:url\" content=\"https:\/\/pellet-troubleshooting.gotbdev.com\/fr\/a-propos-de\/\" \/>\n<meta property=\"og:site_name\" content=\"WOOD PELLET ASSOCIATION OF CANADA\" \/>\n<meta property=\"article:modified_time\" content=\"2024-11-28T19:39:13+00:00\" \/>\n<meta property=\"og:image\" content=\"https:\/\/pellet-troubleshooting.gotbdev.com\/wp-content\/uploads\/2023\/10\/pinnacle-renewable-meadowbank-facility-78-credit-trey-hurst-courtesy-naturallywood.com_-scaled.jpg\" \/>\n\t<meta property=\"og:image:width\" content=\"2560\" \/>\n\t<meta property=\"og:image:height\" content=\"1433\" \/>\n\t<meta property=\"og:image:type\" content=\"image\/jpeg\" \/>\n<meta name=\"twitter:card\" content=\"summary_large_image\" \/>\n<meta name=\"twitter:label1\" content=\"Dur\u00e9e de lecture estim\u00e9e\" \/>\n\t<meta name=\"twitter:data1\" content=\"2 minutes\" \/>\n<script type=\"application\/ld+json\" class=\"yoast-schema-graph\">{\"@context\":\"https:\/\/schema.org\",\"@graph\":[{\"@type\":\"WebPage\",\"@id\":\"https:\/\/pellet-troubleshooting.gotbdev.com\/fr\/a-propos-de\/\",\"url\":\"https:\/\/pellet-troubleshooting.gotbdev.com\/fr\/a-propos-de\/\",\"name\":\"\u00c0 propos de - WOOD PELLET ASSOCIATION OF CANADA\",\"isPartOf\":{\"@id\":\"https:\/\/pellet-troubleshooting.gotbdev.com\/fr\/#website\"},\"primaryImageOfPage\":{\"@id\":\"https:\/\/pellet-troubleshooting.gotbdev.com\/fr\/a-propos-de\/#primaryimage\"},\"image\":{\"@id\":\"https:\/\/pellet-troubleshooting.gotbdev.com\/fr\/a-propos-de\/#primaryimage\"},\"thumbnailUrl\":\"https:\/\/pellet-troubleshooting.gotbdev.com\/wp-content\/uploads\/2023\/10\/pinnacle-renewable-meadowbank-facility-78-credit-trey-hurst-courtesy-naturallywood.com_-scaled.jpg\",\"datePublished\":\"2023-08-22T04:34:50+00:00\",\"dateModified\":\"2024-11-28T19:39:13+00:00\",\"breadcrumb\":{\"@id\":\"https:\/\/pellet-troubleshooting.gotbdev.com\/fr\/a-propos-de\/#breadcrumb\"},\"inLanguage\":\"fr-FR\",\"potentialAction\":[{\"@type\":\"ReadAction\",\"target\":[\"https:\/\/pellet-troubleshooting.gotbdev.com\/fr\/a-propos-de\/\"]}]},{\"@type\":\"ImageObject\",\"inLanguage\":\"fr-FR\",\"@id\":\"https:\/\/pellet-troubleshooting.gotbdev.com\/fr\/a-propos-de\/#primaryimage\",\"url\":\"https:\/\/pellet-troubleshooting.gotbdev.com\/wp-content\/uploads\/2023\/10\/pinnacle-renewable-meadowbank-facility-78-credit-trey-hurst-courtesy-naturallywood.com_-scaled.jpg\",\"contentUrl\":\"https:\/\/pellet-troubleshooting.gotbdev.com\/wp-content\/uploads\/2023\/10\/pinnacle-renewable-meadowbank-facility-78-credit-trey-hurst-courtesy-naturallywood.com_-scaled.jpg\",\"width\":2560,\"height\":1433,\"caption\":\"Photo: Trey Hurst, courtesy naturallywood.com\"},{\"@type\":\"BreadcrumbList\",\"@id\":\"https:\/\/pellet-troubleshooting.gotbdev.com\/fr\/a-propos-de\/#breadcrumb\",\"itemListElement\":[{\"@type\":\"ListItem\",\"position\":1,\"name\":\"Home\",\"item\":\"https:\/\/pellet-troubleshooting.gotbdev.com\/fr\/\"},{\"@type\":\"ListItem\",\"position\":2,\"name\":\"\u00c0 propos de\"}]},{\"@type\":\"WebSite\",\"@id\":\"https:\/\/pellet-troubleshooting.gotbdev.com\/fr\/#website\",\"url\":\"https:\/\/pellet-troubleshooting.gotbdev.com\/fr\/\",\"name\":\"WOOD PELLET ASSOCIATION OF CANADA\",\"description\":\"\",\"publisher\":{\"@id\":\"https:\/\/pellet-troubleshooting.gotbdev.com\/fr\/#organization\"},\"potentialAction\":[{\"@type\":\"SearchAction\",\"target\":{\"@type\":\"EntryPoint\",\"urlTemplate\":\"https:\/\/pellet-troubleshooting.gotbdev.com\/fr\/?s={search_term_string}\"},\"query-input\":{\"@type\":\"PropertyValueSpecification\",\"valueRequired\":true,\"valueName\":\"search_term_string\"}}],\"inLanguage\":\"fr-FR\"},{\"@type\":\"Organization\",\"@id\":\"https:\/\/pellet-troubleshooting.gotbdev.com\/fr\/#organization\",\"name\":\"WOOD PELLET ASSOCIATION OF CANADA\",\"url\":\"https:\/\/pellet-troubleshooting.gotbdev.com\/fr\/\",\"logo\":{\"@type\":\"ImageObject\",\"inLanguage\":\"fr-FR\",\"@id\":\"https:\/\/pellet-troubleshooting.gotbdev.com\/fr\/#\/schema\/logo\/image\/\",\"url\":\"https:\/\/pellet-troubleshooting.gotbdev.com\/wp-content\/uploads\/2023\/09\/logo-color.png\",\"contentUrl\":\"https:\/\/pellet-troubleshooting.gotbdev.com\/wp-content\/uploads\/2023\/09\/logo-color.png\",\"width\":510,\"height\":183,\"caption\":\"WOOD PELLET ASSOCIATION OF CANADA\"},\"image\":{\"@id\":\"https:\/\/pellet-troubleshooting.gotbdev.com\/fr\/#\/schema\/logo\/image\/\"}}]}<\/script>\n<!-- \/ Yoast SEO plugin. -->","yoast_head_json":{"title":"\u00c0 propos de - WOOD PELLET ASSOCIATION OF CANADA","robots":{"index":"noindex","follow":"follow","max-snippet":"max-snippet:-1","max-image-preview":"max-image-preview:large","max-video-preview":"max-video-preview:-1"},"og_locale":"fr_FR","og_type":"article","og_title":"\u00c0 propos de - WOOD PELLET ASSOCIATION OF CANADA","og_description":"\u00c0 la WPAC, nous nous engageons \u00e0 int\u00e9grer la diversit\u00e9 et l\u2019inclusion dans notre culture d\u2019entreprise. Nous pensons qu\u2019en recherchant activement la diversit\u00e9, nous pouvons mieux d\u00e9velopper les id\u00e9es et les personnes, assurer le succ\u00e8s continu de notre organisation et am\u00e9liorer la r\u00e9putation de l\u2019industrie que nous servons. Pour ce faire, nous cr\u00e9ons des opportunit\u00e9s&hellip;","og_url":"https:\/\/pellet-troubleshooting.gotbdev.com\/fr\/a-propos-de\/","og_site_name":"WOOD PELLET ASSOCIATION OF CANADA","article_modified_time":"2024-11-28T19:39:13+00:00","og_image":[{"width":2560,"height":1433,"url":"https:\/\/pellet-troubleshooting.gotbdev.com\/wp-content\/uploads\/2023\/10\/pinnacle-renewable-meadowbank-facility-78-credit-trey-hurst-courtesy-naturallywood.com_-scaled.jpg","type":"image\/jpeg"}],"twitter_card":"summary_large_image","twitter_misc":{"Dur\u00e9e de lecture estim\u00e9e":"2 minutes"},"schema":{"@context":"https:\/\/schema.org","@graph":[{"@type":"WebPage","@id":"https:\/\/pellet-troubleshooting.gotbdev.com\/fr\/a-propos-de\/","url":"https:\/\/pellet-troubleshooting.gotbdev.com\/fr\/a-propos-de\/","name":"\u00c0 propos de - WOOD PELLET ASSOCIATION OF CANADA","isPartOf":{"@id":"https:\/\/pellet-troubleshooting.gotbdev.com\/fr\/#website"},"primaryImageOfPage":{"@id":"https:\/\/pellet-troubleshooting.gotbdev.com\/fr\/a-propos-de\/#primaryimage"},"image":{"@id":"https:\/\/pellet-troubleshooting.gotbdev.com\/fr\/a-propos-de\/#primaryimage"},"thumbnailUrl":"https:\/\/pellet-troubleshooting.gotbdev.com\/wp-content\/uploads\/2023\/10\/pinnacle-renewable-meadowbank-facility-78-credit-trey-hurst-courtesy-naturallywood.com_-scaled.jpg","datePublished":"2023-08-22T04:34:50+00:00","dateModified":"2024-11-28T19:39:13+00:00","breadcrumb":{"@id":"https:\/\/pellet-troubleshooting.gotbdev.com\/fr\/a-propos-de\/#breadcrumb"},"inLanguage":"fr-FR","potentialAction":[{"@type":"ReadAction","target":["https:\/\/pellet-troubleshooting.gotbdev.com\/fr\/a-propos-de\/"]}]},{"@type":"ImageObject","inLanguage":"fr-FR","@id":"https:\/\/pellet-troubleshooting.gotbdev.com\/fr\/a-propos-de\/#primaryimage","url":"https:\/\/pellet-troubleshooting.gotbdev.com\/wp-content\/uploads\/2023\/10\/pinnacle-renewable-meadowbank-facility-78-credit-trey-hurst-courtesy-naturallywood.com_-scaled.jpg","contentUrl":"https:\/\/pellet-troubleshooting.gotbdev.com\/wp-content\/uploads\/2023\/10\/pinnacle-renewable-meadowbank-facility-78-credit-trey-hurst-courtesy-naturallywood.com_-scaled.jpg","width":2560,"height":1433,"caption":"Photo: Trey Hurst, courtesy naturallywood.com"},{"@type":"BreadcrumbList","@id":"https:\/\/pellet-troubleshooting.gotbdev.com\/fr\/a-propos-de\/#breadcrumb","itemListElement":[{"@type":"ListItem","position":1,"name":"Home","item":"https:\/\/pellet-troubleshooting.gotbdev.com\/fr\/"},{"@type":"ListItem","position":2,"name":"\u00c0 propos de"}]},{"@type":"WebSite","@id":"https:\/\/pellet-troubleshooting.gotbdev.com\/fr\/#website","url":"https:\/\/pellet-troubleshooting.gotbdev.com\/fr\/","name":"WOOD PELLET ASSOCIATION OF CANADA","description":"","publisher":{"@id":"https:\/\/pellet-troubleshooting.gotbdev.com\/fr\/#organization"},"potentialAction":[{"@type":"SearchAction","target":{"@type":"EntryPoint","urlTemplate":"https:\/\/pellet-troubleshooting.gotbdev.com\/fr\/?s={search_term_string}"},"query-input":{"@type":"PropertyValueSpecification","valueRequired":true,"valueName":"search_term_string"}}],"inLanguage":"fr-FR"},{"@type":"Organization","@id":"https:\/\/pellet-troubleshooting.gotbdev.com\/fr\/#organization","name":"WOOD PELLET ASSOCIATION OF CANADA","url":"https:\/\/pellet-troubleshooting.gotbdev.com\/fr\/","logo":{"@type":"ImageObject","inLanguage":"fr-FR","@id":"https:\/\/pellet-troubleshooting.gotbdev.com\/fr\/#\/schema\/logo\/image\/","url":"https:\/\/pellet-troubleshooting.gotbdev.com\/wp-content\/uploads\/2023\/09\/logo-color.png","contentUrl":"https:\/\/pellet-troubleshooting.gotbdev.com\/wp-content\/uploads\/2023\/09\/logo-color.png","width":510,"height":183,"caption":"WOOD PELLET ASSOCIATION OF CANADA"},"image":{"@id":"https:\/\/pellet-troubleshooting.gotbdev.com\/fr\/#\/schema\/logo\/image\/"}}]}},"_links":{"self":[{"href":"https:\/\/pellet-troubleshooting.gotbdev.com\/fr\/wp-json\/wp\/v2\/pages\/4399","targetHints":{"allow":["GET"]}}],"collection":[{"href":"https:\/\/pellet-troubleshooting.gotbdev.com\/fr\/wp-json\/wp\/v2\/pages"}],"about":[{"href":"https:\/\/pellet-troubleshooting.gotbdev.com\/fr\/wp-json\/wp\/v2\/types\/page"}],"author":[{"embeddable":true,"href":"https:\/\/pellet-troubleshooting.gotbdev.com\/fr\/wp-json\/wp\/v2\/users\/1"}],"replies":[{"embeddable":true,"href":"https:\/\/pellet-troubleshooting.gotbdev.com\/fr\/wp-json\/wp\/v2\/comments?post=4399"}],"version-history":[{"count":7,"href":"https:\/\/pellet-troubleshooting.gotbdev.com\/fr\/wp-json\/wp\/v2\/pages\/4399\/revisions"}],"predecessor-version":[{"id":4934,"href":"https:\/\/pellet-troubleshooting.gotbdev.com\/fr\/wp-json\/wp\/v2\/pages\/4399\/revisions\/4934"}],"wp:featuredmedia":[{"embeddable":true,"href":"https:\/\/pellet-troubleshooting.gotbdev.com\/fr\/wp-json\/wp\/v2\/media\/2717"}],"wp:attachment":[{"href":"https:\/\/pellet-troubleshooting.gotbdev.com\/fr\/wp-json\/wp\/v2\/media?parent=4399"}],"curies":[{"name":"wp","href":"https:\/\/api.w.org\/{rel}","templated":true}]}}