{"id":4960,"date":"2023-09-04T21:32:58","date_gmt":"2023-09-04T21:32:58","guid":{"rendered":"https:\/\/pellet-troubleshooting.gotbdev.com\/les-membres\/devenez-membre\/"},"modified":"2025-01-06T23:50:17","modified_gmt":"2025-01-06T23:50:17","slug":"devenez-membre","status":"publish","type":"page","link":"https:\/\/pellet-troubleshooting.gotbdev.com\/fr\/les-membres\/devenez-membre\/","title":{"rendered":"Devenez membre"},"content":{"rendered":"\n<div class=\"page-intro\">\n\n<div class=\"wp-block-group mw-medium is-layout-flow wp-block-group-is-layout-flow\">\n<p class=\"has-x-large-font-size\">L&rsquo;adh\u00e9sion est ouverte \u00e0 tous les producteurs de granul\u00e9s, clients, fournisseurs, entreprises, agences et individus int\u00e9ress\u00e9s par l&rsquo;am\u00e9lioration de notre industrie. <\/p>\n\n\n\n<p class=\"has-x-large-font-size\">Au nom de nos membres, nous :<\/p>\n\n\n\n<p class=\"has-x-large-font-size\"> &#8211; Poursuivre l&rsquo;acc\u00e8s au march\u00e9 et \u00e9liminer les barri\u00e8res commerciales<\/p>\n\n\n\n<p class=\"has-x-large-font-size\"> &#8211; Contribuer \u00e0 am\u00e9liorer les performances en mati\u00e8re de s\u00e9curit\u00e9<\/p>\n\n\n\n<p class=\"has-x-large-font-size\"> &#8211; Promouvoir la durabilit\u00e9, la qualit\u00e9 et la fiabilit\u00e9 des granul\u00e9s de bois canadiens <\/p>\n\n\n\n<p class=\"has-x-large-font-size\"> &#8211; Provide frequent networking opportunities<\/p>\n\n\n\n<h5 class=\"wp-block-heading\"><\/h5>\n<\/div>\n\n<\/div><section  class=\"membership-fees alignfull is-style-dark\"><div class=\"section-inner\"><h3 class=\"section-title\">Cat\u00e9gories d&rsquo;adh\u00e9sion et cotisations*<\/h3><div class=\"categories\"><div class=\"category\"><div class=\"category-title\"><h4>Cat\u00e9gorie A<\/h4><\/div><div class=\"levels\"><div class=\"level\"><p class=\"level-title\">Niveau de frais 1 : Producteurs de granul\u00e9s de bois<\/p><div class=\"level-description\"><p><strong>Cotisations des membres :<\/strong> 0,27 $\/tonne de production &#8211; facturation trimestrielle<\/p>\n<\/div><\/div><\/div><\/div>\n<div class=\"category\"><div class=\"category-title\"><h4>Cat\u00e9gorie B<\/h4><\/div><div class=\"levels\"><div class=\"level\"><p class=\"level-title\">Niveau de frais 2 : Exp\u00e9diteurs\/Ports<\/p><div class=\"level-description\"><p><strong>Cotisations des membres :<\/strong> 5 000 $\/an &#8211; factur\u00e9es annuellement (en janvier)<\/p>\n<\/div><\/div><div class=\"level\"><p class=\"level-title\">Niveau de frais 3 : Acheteurs\/n\u00e9gociants de pellets<\/p><div class=\"level-description\"><p><strong>Cotisations :<\/strong> 3 500 $\/an &#8211; factur\u00e9es annuellement (en janvier)<\/p>\n<\/div><\/div><div class=\"level\"><p class=\"level-title\">Niveau de frais 4 :  Fournisseurs de l&rsquo;industrie des pellets<\/p><div class=\"level-description\"><p><strong>Cotisations :<\/strong> 2 500 $\/an &#8211; factur\u00e9es annuellement (en janvier)<\/p>\n<\/div><\/div><div class=\"level\"><p class=\"level-title\">Niveau de frais 5 :  Consultants<\/p><div class=\"level-description\"><p><strong>Cotisations des membres :<\/strong> 1 000 $\/an &#8211; factur\u00e9es annuellement (en janvier)<\/p>\n<\/div><\/div><\/div><\/div>\n<div class=\"category\"><div class=\"category-title\"><h4><\/h4><\/div><\/div>\n<\/div><div class=\"disclaimer\"><p>*(net de TPS le cas \u00e9ch\u00e9ant)<\/p>\n<\/div><\/div><\/section>\n<div class=\"wp-block-group alignfull has-light-grey-background-color has-background has-global-padding is-layout-constrained wp-block-group-is-layout-constrained\">\n<div class=\"wp-block-group has-global-padding is-layout-constrained wp-container-core-group-is-layout-e0c59931 wp-block-group-is-layout-constrained\" style=\"padding-top:0;padding-right:15px;padding-bottom:0;padding-left:15px\">\n<h4 class=\"wp-block-heading has-text-align-center\">\n          <strong>Demande d&rsquo;adh\u00e9sion d&rsquo;un nouveau membre<\/strong>\n        <\/h4>\n\n\n\n<div class=\"wp-block-contact-form-7-contact-form-selector\">\n<div class=\"wpcf7 no-js\" id=\"wpcf7-f5388-o1\" lang=\"fr-FR\" dir=\"ltr\" data-wpcf7-id=\"5388\">\n<div class=\"screen-reader-response\"><p role=\"status\" aria-live=\"polite\" aria-atomic=\"true\"><\/p> <ul><\/ul><\/div>\n<form action=\"\/fr\/wp-json\/wp\/v2\/pages\/4960#wpcf7-f5388-o1\" method=\"post\" class=\"wpcf7-form init\" aria-label=\"Formulaire de contact\" novalidate=\"novalidate\" data-status=\"init\">\n<div style=\"display: none;\">\n<input type=\"hidden\" name=\"_wpcf7\" value=\"5388\" \/>\n<input type=\"hidden\" name=\"_wpcf7_version\" value=\"6.0.4\" \/>\n<input type=\"hidden\" name=\"_wpcf7_locale\" value=\"fr_FR\" \/>\n<input type=\"hidden\" name=\"_wpcf7_unit_tag\" value=\"wpcf7-f5388-o1\" \/>\n<input type=\"hidden\" name=\"_wpcf7_container_post\" value=\"0\" \/>\n<input type=\"hidden\" name=\"_wpcf7_posted_data_hash\" value=\"\" \/>\n<\/div>\n<input class=\"wpcf7-form-control wpcf7-hidden\" value=\"Demande d&#039;adh\u00e9sion d&#039;un nouveau membre\" type=\"hidden\" name=\"your-subject\" \/>\n<div class=\"grid cols-12\">\n\t<div class=\"col form-group\">\n\t\t<p><label> Cat\u00e9gorie de membre* <\/label><span class=\"wpcf7-form-control-wrap\" data-name=\"membership-category\"><select class=\"wpcf7-form-control wpcf7-select wpcf7-validates-as-required\" aria-required=\"true\" aria-invalid=\"false\" name=\"membership-category\"><option value=\"\">&#8212;Veuillez choisir une option&#8212;<\/option><option value=\"Cat\u00e9gorie A, Niveau 1 : Producteurs de granul\u00e9s de bois\">Cat\u00e9gorie A, Niveau 1 : Producteurs de granul\u00e9s de bois<\/option><option value=\"Cat\u00e9gorie B, Niveau 2 : Exp\u00e9diteurs\/Ports\">Cat\u00e9gorie B, Niveau 2 : Exp\u00e9diteurs\/Ports<\/option><option value=\"Cat\u00e9gorie B, Niveau 3 : Acheteurs\/n\u00e9gociants de granul\u00e9s\">Cat\u00e9gorie B, Niveau 3 : Acheteurs\/n\u00e9gociants de granul\u00e9s<\/option><option value=\"Cat\u00e9gorie B, Niveau 4 : Fournisseurs de l&#039;industrie des granul\u00e9s\">Cat\u00e9gorie B, Niveau 4 : Fournisseurs de l&#039;industrie des granul\u00e9s<\/option><option value=\"Cat\u00e9gorie B, Niveau 5 : Consultants\">Cat\u00e9gorie B, Niveau 5 : Consultants<\/option><\/select><\/span>\n\t\t<\/p>\n\t<\/div>\n\t<div class=\"col form-group\">\n\t\t<p><label>nom de l'entreprise*<\/label><span class=\"wpcf7-form-control-wrap\" data-name=\"company-name\"><input size=\"40\" maxlength=\"400\" class=\"wpcf7-form-control wpcf7-text wpcf7-validates-as-required\" aria-required=\"true\" aria-invalid=\"false\" value=\"\" type=\"text\" name=\"company-name\" \/><\/span>\n\t\t<\/p>\n\t<\/div>\n\t<div class=\"col form-group\">\n\t\t<p><label> adresse postale ligne 1*<\/label><span class=\"wpcf7-form-control-wrap\" data-name=\"street-address-1\"><input size=\"40\" maxlength=\"400\" class=\"wpcf7-form-control wpcf7-text wpcf7-validates-as-required\" aria-required=\"true\" aria-invalid=\"false\" value=\"\" type=\"text\" name=\"street-address-1\" \/><\/span>\n\t\t<\/p>\n\t<\/div>\n\t<div class=\"col form-group\">\n\t\t<p><label> adresse postale ligne 2<\/label><span class=\"wpcf7-form-control-wrap\" data-name=\"street-address-2\"><input size=\"40\" maxlength=\"400\" class=\"wpcf7-form-control wpcf7-text\" aria-invalid=\"false\" value=\"\" type=\"text\" name=\"street-address-2\" \/><\/span>\n\t\t<\/p>\n\t<\/div>\n<\/div>\n<div class=\"grid cols-t-4\">\n\t<div class=\"col form-group\">\n\t\t<p><label> Ville* <\/label><span class=\"wpcf7-form-control-wrap\" data-name=\"city\"><input size=\"40\" maxlength=\"400\" class=\"wpcf7-form-control wpcf7-text wpcf7-validates-as-required\" aria-required=\"true\" aria-invalid=\"false\" value=\"\" type=\"text\" name=\"city\" \/><\/span>\n\t\t<\/p>\n\t<\/div>\n\t<div class=\"col form-group\">\n\t\t<p><label> \u00e9tat \/ province* <\/label><span class=\"wpcf7-form-control-wrap\" data-name=\"province\"><input size=\"40\" maxlength=\"400\" class=\"wpcf7-form-control wpcf7-text wpcf7-validates-as-required\" aria-required=\"true\" aria-invalid=\"false\" value=\"\" type=\"text\" name=\"province\" \/><\/span>\n\t\t<\/p>\n\t<\/div>\n\t<div class=\"col form-group\">\n\t\t<p><label> zip \/ code postal* <\/label><span class=\"wpcf7-form-control-wrap\" data-name=\"postal-code\"><input size=\"40\" maxlength=\"400\" class=\"wpcf7-form-control wpcf7-text wpcf7-validates-as-required\" aria-required=\"true\" aria-invalid=\"false\" value=\"\" type=\"text\" name=\"postal-code\" \/><\/span>\n\t\t<\/p>\n\t<\/div>\n<\/div>\n<div class=\"grid cols-12\">\n\t<div class=\"col form-group\">\n\t\t<p><label> NOM DU REPR\u00c9SENTANT PRINCIPAL* <\/label><span class=\"wpcf7-form-control-wrap\" data-name=\"primary-rep-name\"><input size=\"40\" maxlength=\"400\" class=\"wpcf7-form-control wpcf7-text wpcf7-validates-as-required\" aria-required=\"true\" aria-invalid=\"false\" value=\"\" type=\"text\" name=\"primary-rep-name\" \/><\/span>\n\t\t<\/p>\n\t<\/div>\n\t<div class=\"col form-group\">\n\t\t<p><label> num\u00e9ro de t\u00e9l\u00e9phone* <\/label><span class=\"wpcf7-form-control-wrap\" data-name=\"phone-number\"><input size=\"40\" maxlength=\"400\" class=\"wpcf7-form-control wpcf7-tel wpcf7-validates-as-required wpcf7-text wpcf7-validates-as-tel\" aria-required=\"true\" aria-invalid=\"false\" value=\"\" type=\"tel\" name=\"phone-number\" \/><\/span>\n\t\t<\/p>\n\t<\/div>\n\t<div class=\"col form-group\">\n\t\t<p><label> NOM DU REPR\u00c9SENTANT SECONDAIRE* <\/label><span class=\"wpcf7-form-control-wrap\" data-name=\"secondary-rep-name\"><input size=\"40\" maxlength=\"400\" class=\"wpcf7-form-control wpcf7-text wpcf7-validates-as-required\" aria-required=\"true\" aria-invalid=\"false\" value=\"\" type=\"text\" name=\"secondary-rep-name\" \/><\/span>\n\t\t<\/p>\n\t<\/div>\n\t<div class=\"col form-group\">\n\t\t<p><label> Site web <\/label><span class=\"wpcf7-form-control-wrap\" data-name=\"website\"><input size=\"40\" maxlength=\"400\" class=\"wpcf7-form-control wpcf7-url wpcf7-text wpcf7-validates-as-url\" aria-invalid=\"false\" value=\"\" type=\"url\" name=\"website\" \/><\/span>\n\t\t<\/p>\n\t<\/div>\n<\/div>\n<p><input class=\"wpcf7-form-control wpcf7-submit has-spinner\" type=\"submit\" value=\"Soumettre\" \/>\n<\/p>\n<p><br \/>\n<strong>Vous n'\u00eates pas tenu de joindre le paiement \u00e0 votre demande.<\/strong><br \/>\nNous vous facturerons apr\u00e8s acceptation de votre demande par le conseil d'administration.\n<\/p><div class=\"wpcf7-response-output\" aria-hidden=\"true\"><\/div>\n<\/form>\n<\/div>\n<\/div>\n\n\n\n<p style=\"margin-top:var(--wp--preset--spacing--30)\">\n          <strong>Vous avez des questions concernant votre demande ?<\/strong>\n        <\/p>\n\n\n\n<p><strong>Veuillez contacter :<\/strong><br\/>Gordon Murray, directeur ex\u00e9cutif, Wood Pellet Association of Canada<br\/><strong><a href=\"mailto:gord@pellet.org\">gord@pellet.org<\/a><\/strong><\/p>\n<\/div>\n<\/div>\n","protected":false},"excerpt":{"rendered":"<p>Demande d&rsquo;adh\u00e9sion d&rsquo;un nouveau membre Vous avez des questions concernant votre demande ? Veuillez contacter :Gordon Murray, directeur ex\u00e9cutif, Wood Pellet Association of Canadagord@pellet.org<\/p>\n","protected":false},"author":1,"featured_media":0,"parent":4405,"menu_order":0,"comment_status":"closed","ping_status":"closed","template":"","meta":{"_acf_changed":false,"inline_featured_image":false,"footnotes":""},"class_list":["post-4960","page","type-page","status-publish","hentry"],"acf":[],"yoast_head":"<!-- This site is optimized with the Yoast SEO plugin v24.5 - https:\/\/yoast.com\/wordpress\/plugins\/seo\/ -->\n<title>Devenez membre - WOOD PELLET ASSOCIATION OF CANADA<\/title>\n<meta name=\"robots\" content=\"noindex, follow, max-snippet:-1, max-image-preview:large, max-video-preview:-1\" \/>\n<meta property=\"og:locale\" content=\"fr_FR\" \/>\n<meta property=\"og:type\" content=\"article\" \/>\n<meta property=\"og:title\" content=\"Devenez membre - WOOD PELLET ASSOCIATION OF CANADA\" \/>\n<meta property=\"og:description\" content=\"Demande d&rsquo;adh\u00e9sion d&rsquo;un nouveau membre Vous avez des questions concernant votre demande ? Veuillez contacter :Gordon Murray, directeur ex\u00e9cutif, Wood Pellet Association of Canadagord@pellet.org\" \/>\n<meta property=\"og:url\" content=\"https:\/\/pellet-troubleshooting.gotbdev.com\/fr\/les-membres\/devenez-membre\/\" \/>\n<meta property=\"og:site_name\" content=\"WOOD PELLET ASSOCIATION OF CANADA\" \/>\n<meta property=\"article:modified_time\" content=\"2025-01-06T23:50:17+00:00\" \/>\n<meta name=\"twitter:card\" content=\"summary_large_image\" \/>\n<meta name=\"twitter:label1\" content=\"Dur\u00e9e de lecture estim\u00e9e\" \/>\n\t<meta name=\"twitter:data1\" content=\"1 minute\" \/>\n<script type=\"application\/ld+json\" class=\"yoast-schema-graph\">{\"@context\":\"https:\/\/schema.org\",\"@graph\":[{\"@type\":\"WebPage\",\"@id\":\"https:\/\/pellet-troubleshooting.gotbdev.com\/fr\/les-membres\/devenez-membre\/\",\"url\":\"https:\/\/pellet-troubleshooting.gotbdev.com\/fr\/les-membres\/devenez-membre\/\",\"name\":\"Devenez membre - WOOD PELLET ASSOCIATION OF CANADA\",\"isPartOf\":{\"@id\":\"https:\/\/pellet-troubleshooting.gotbdev.com\/fr\/#website\"},\"datePublished\":\"2023-09-04T21:32:58+00:00\",\"dateModified\":\"2025-01-06T23:50:17+00:00\",\"breadcrumb\":{\"@id\":\"https:\/\/pellet-troubleshooting.gotbdev.com\/fr\/les-membres\/devenez-membre\/#breadcrumb\"},\"inLanguage\":\"fr-FR\",\"potentialAction\":[{\"@type\":\"ReadAction\",\"target\":[\"https:\/\/pellet-troubleshooting.gotbdev.com\/fr\/les-membres\/devenez-membre\/\"]}]},{\"@type\":\"BreadcrumbList\",\"@id\":\"https:\/\/pellet-troubleshooting.gotbdev.com\/fr\/les-membres\/devenez-membre\/#breadcrumb\",\"itemListElement\":[{\"@type\":\"ListItem\",\"position\":1,\"name\":\"Home\",\"item\":\"https:\/\/pellet-troubleshooting.gotbdev.com\/fr\/\"},{\"@type\":\"ListItem\",\"position\":2,\"name\":\"Les membres\",\"item\":\"https:\/\/pellet-troubleshooting.gotbdev.com\/fr\/les-membres\/\"},{\"@type\":\"ListItem\",\"position\":3,\"name\":\"Devenez membre\"}]},{\"@type\":\"WebSite\",\"@id\":\"https:\/\/pellet-troubleshooting.gotbdev.com\/fr\/#website\",\"url\":\"https:\/\/pellet-troubleshooting.gotbdev.com\/fr\/\",\"name\":\"WOOD PELLET ASSOCIATION OF CANADA\",\"description\":\"\",\"publisher\":{\"@id\":\"https:\/\/pellet-troubleshooting.gotbdev.com\/fr\/#organization\"},\"potentialAction\":[{\"@type\":\"SearchAction\",\"target\":{\"@type\":\"EntryPoint\",\"urlTemplate\":\"https:\/\/pellet-troubleshooting.gotbdev.com\/fr\/?s={search_term_string}\"},\"query-input\":{\"@type\":\"PropertyValueSpecification\",\"valueRequired\":true,\"valueName\":\"search_term_string\"}}],\"inLanguage\":\"fr-FR\"},{\"@type\":\"Organization\",\"@id\":\"https:\/\/pellet-troubleshooting.gotbdev.com\/fr\/#organization\",\"name\":\"WOOD PELLET ASSOCIATION OF CANADA\",\"url\":\"https:\/\/pellet-troubleshooting.gotbdev.com\/fr\/\",\"logo\":{\"@type\":\"ImageObject\",\"inLanguage\":\"fr-FR\",\"@id\":\"https:\/\/pellet-troubleshooting.gotbdev.com\/fr\/#\/schema\/logo\/image\/\",\"url\":\"https:\/\/pellet-troubleshooting.gotbdev.com\/wp-content\/uploads\/2023\/09\/logo-color.png\",\"contentUrl\":\"https:\/\/pellet-troubleshooting.gotbdev.com\/wp-content\/uploads\/2023\/09\/logo-color.png\",\"width\":510,\"height\":183,\"caption\":\"WOOD PELLET ASSOCIATION OF CANADA\"},\"image\":{\"@id\":\"https:\/\/pellet-troubleshooting.gotbdev.com\/fr\/#\/schema\/logo\/image\/\"}}]}<\/script>\n<!-- \/ Yoast SEO plugin. -->","yoast_head_json":{"title":"Devenez membre - WOOD PELLET ASSOCIATION OF CANADA","robots":{"index":"noindex","follow":"follow","max-snippet":"max-snippet:-1","max-image-preview":"max-image-preview:large","max-video-preview":"max-video-preview:-1"},"og_locale":"fr_FR","og_type":"article","og_title":"Devenez membre - WOOD PELLET ASSOCIATION OF CANADA","og_description":"Demande d&rsquo;adh\u00e9sion d&rsquo;un nouveau membre Vous avez des questions concernant votre demande ? Veuillez contacter :Gordon Murray, directeur ex\u00e9cutif, Wood Pellet Association of Canadagord@pellet.org","og_url":"https:\/\/pellet-troubleshooting.gotbdev.com\/fr\/les-membres\/devenez-membre\/","og_site_name":"WOOD PELLET ASSOCIATION OF CANADA","article_modified_time":"2025-01-06T23:50:17+00:00","twitter_card":"summary_large_image","twitter_misc":{"Dur\u00e9e de lecture estim\u00e9e":"1 minute"},"schema":{"@context":"https:\/\/schema.org","@graph":[{"@type":"WebPage","@id":"https:\/\/pellet-troubleshooting.gotbdev.com\/fr\/les-membres\/devenez-membre\/","url":"https:\/\/pellet-troubleshooting.gotbdev.com\/fr\/les-membres\/devenez-membre\/","name":"Devenez membre - WOOD PELLET ASSOCIATION OF CANADA","isPartOf":{"@id":"https:\/\/pellet-troubleshooting.gotbdev.com\/fr\/#website"},"datePublished":"2023-09-04T21:32:58+00:00","dateModified":"2025-01-06T23:50:17+00:00","breadcrumb":{"@id":"https:\/\/pellet-troubleshooting.gotbdev.com\/fr\/les-membres\/devenez-membre\/#breadcrumb"},"inLanguage":"fr-FR","potentialAction":[{"@type":"ReadAction","target":["https:\/\/pellet-troubleshooting.gotbdev.com\/fr\/les-membres\/devenez-membre\/"]}]},{"@type":"BreadcrumbList","@id":"https:\/\/pellet-troubleshooting.gotbdev.com\/fr\/les-membres\/devenez-membre\/#breadcrumb","itemListElement":[{"@type":"ListItem","position":1,"name":"Home","item":"https:\/\/pellet-troubleshooting.gotbdev.com\/fr\/"},{"@type":"ListItem","position":2,"name":"Les membres","item":"https:\/\/pellet-troubleshooting.gotbdev.com\/fr\/les-membres\/"},{"@type":"ListItem","position":3,"name":"Devenez membre"}]},{"@type":"WebSite","@id":"https:\/\/pellet-troubleshooting.gotbdev.com\/fr\/#website","url":"https:\/\/pellet-troubleshooting.gotbdev.com\/fr\/","name":"WOOD PELLET ASSOCIATION OF CANADA","description":"","publisher":{"@id":"https:\/\/pellet-troubleshooting.gotbdev.com\/fr\/#organization"},"potentialAction":[{"@type":"SearchAction","target":{"@type":"EntryPoint","urlTemplate":"https:\/\/pellet-troubleshooting.gotbdev.com\/fr\/?s={search_term_string}"},"query-input":{"@type":"PropertyValueSpecification","valueRequired":true,"valueName":"search_term_string"}}],"inLanguage":"fr-FR"},{"@type":"Organization","@id":"https:\/\/pellet-troubleshooting.gotbdev.com\/fr\/#organization","name":"WOOD PELLET ASSOCIATION OF CANADA","url":"https:\/\/pellet-troubleshooting.gotbdev.com\/fr\/","logo":{"@type":"ImageObject","inLanguage":"fr-FR","@id":"https:\/\/pellet-troubleshooting.gotbdev.com\/fr\/#\/schema\/logo\/image\/","url":"https:\/\/pellet-troubleshooting.gotbdev.com\/wp-content\/uploads\/2023\/09\/logo-color.png","contentUrl":"https:\/\/pellet-troubleshooting.gotbdev.com\/wp-content\/uploads\/2023\/09\/logo-color.png","width":510,"height":183,"caption":"WOOD PELLET ASSOCIATION OF CANADA"},"image":{"@id":"https:\/\/pellet-troubleshooting.gotbdev.com\/fr\/#\/schema\/logo\/image\/"}}]}},"_links":{"self":[{"href":"https:\/\/pellet-troubleshooting.gotbdev.com\/fr\/wp-json\/wp\/v2\/pages\/4960","targetHints":{"allow":["GET"]}}],"collection":[{"href":"https:\/\/pellet-troubleshooting.gotbdev.com\/fr\/wp-json\/wp\/v2\/pages"}],"about":[{"href":"https:\/\/pellet-troubleshooting.gotbdev.com\/fr\/wp-json\/wp\/v2\/types\/page"}],"author":[{"embeddable":true,"href":"https:\/\/pellet-troubleshooting.gotbdev.com\/fr\/wp-json\/wp\/v2\/users\/1"}],"replies":[{"embeddable":true,"href":"https:\/\/pellet-troubleshooting.gotbdev.com\/fr\/wp-json\/wp\/v2\/comments?post=4960"}],"version-history":[{"count":2,"href":"https:\/\/pellet-troubleshooting.gotbdev.com\/fr\/wp-json\/wp\/v2\/pages\/4960\/revisions"}],"predecessor-version":[{"id":4979,"href":"https:\/\/pellet-troubleshooting.gotbdev.com\/fr\/wp-json\/wp\/v2\/pages\/4960\/revisions\/4979"}],"up":[{"embeddable":true,"href":"https:\/\/pellet-troubleshooting.gotbdev.com\/fr\/wp-json\/wp\/v2\/pages\/4405"}],"wp:attachment":[{"href":"https:\/\/pellet-troubleshooting.gotbdev.com\/fr\/wp-json\/wp\/v2\/media?parent=4960"}],"curies":[{"name":"wp","href":"https:\/\/api.w.org\/{rel}","templated":true}]}}