{"id":5006,"date":"2023-09-04T21:31:55","date_gmt":"2023-09-04T21:31:55","guid":{"rendered":"https:\/\/pellet-troubleshooting.gotbdev.com\/securite\/comite-de-securite-wpac\/"},"modified":"2025-02-02T18:44:52","modified_gmt":"2025-02-02T18:44:52","slug":"comite-de-securite-wpac","status":"publish","type":"page","link":"https:\/\/pellet-troubleshooting.gotbdev.com\/fr\/securite\/comite-de-securite-wpac\/","title":{"rendered":"Comit\u00e9 de s\u00e9curit\u00e9 WPAC"},"content":{"rendered":"\n<div class=\"page-intro\">\n\n<div class=\"wp-block-group mw-medium is-layout-flow wp-block-group-is-layout-flow\">\n<p class=\"has-x-large-font-size\">Vous \u00eates membre du comit\u00e9 de s\u00e9curit\u00e9 de la WPAC ou vous souhaitez le devenir ? Vous trouverez tout ce dont vous avez besoin sur cette page.   <\/p>\n<\/div>\n\n<\/div>\n\n\n<div class=\"layout-sidebar alignfull\">\n\n<div class=\"wp-block-group grid-container mw-medium is-layout-flow wp-block-group-is-layout-flow\">\n<div class=\"wp-block-group main-container is-layout-flow wp-block-group-is-layout-flow\">\n<div  class=\"accordion-group\">\n\t\n\t<div class=\"accordion-items\"><div class=\"accordion-item accordion\">\n\t\t\t\t<h4 class=\"accordion-item-heading\">\n\t\t\t\t\t<button type=\"button\"\n\t\t\t\t\t\taria-expanded=\"false\"\n\t\t\t\t\t\tclass=\"accordion-trigger\"\n\t\t\t\t\t\taria-controls=\"sect0\"\n\t\t\t\t\t\tid=\"accordion0id\">\n\t\t\t\t\t\t\tResponsabilit\u00e9s du comit\u00e9 de s\u00e9curit\u00e9 du WPAC\n\t\t\t\t\t\t\t<span class=\"accordion-icon\"><svg class=\"svg-icon icon-expand\" width=\"33\" height=\"33\" aria-hidden=\"true\" role=\"img\" focusable=\"false\" viewBox=\"0 0 34 34\" fill=\"none\" xmlns=\"http:\/\/www.w3.org\/2000\/svg\"><path d=\"M15.5417 25H18.0417V18.0833H25V15.5833H18.0417V8.33333H15.5417V15.5833H8.33333V18.0833H15.5417V25ZM16.6777 33.3333C14.3796 33.3333 12.2199 32.8958 10.1986 32.0208C8.1773 31.1458 6.40972 29.9514 4.89583 28.4375C3.38194 26.9236 2.1875 25.155 1.3125 23.1316C0.4375 21.1083 0 18.9464 0 16.6458C0 14.3453 0.4375 12.1834 1.3125 10.16C2.1875 8.13668 3.38194 6.375 4.89583 4.875C6.40972 3.375 8.17835 2.1875 10.2017 1.3125C12.225 0.4375 14.387 0 16.6875 0C18.988 0 21.15 0.4375 23.1733 1.3125C25.1967 2.1875 26.9583 3.375 28.4583 4.875C29.9583 6.375 31.1458 8.13889 32.0208 10.1667C32.8958 12.1944 33.3333 14.3574 33.3333 16.6556C33.3333 18.9537 32.8958 21.1135 32.0208 23.1347C31.1458 25.156 29.9583 26.9211 28.4583 28.4298C26.9583 29.9386 25.1944 31.1331 23.1667 32.0132C21.1389 32.8933 18.9759 33.3333 16.6777 33.3333ZM16.6875 30.8333C20.6181 30.8333 23.9583 29.4514 26.7083 26.6875C29.4583 23.9236 30.8333 20.5764 30.8333 16.6458C30.8333 12.7153 29.4609 9.375 26.7162 6.625C23.9714 3.875 20.6215 2.5 16.6667 2.5C12.75 2.5 9.40972 3.87239 6.64583 6.61717C3.88194 9.36197 2.5 12.7118 2.5 16.6667C2.5 20.5833 3.88194 23.9236 6.64583 26.6875C9.40972 29.4514 12.7569 30.8333 16.6875 30.8333Z\" fill=\"currentColor\"\/><\/svg><\/span>\n\t\t\t\t\t<\/button>\n\t\t\t\t<\/h4>\n\t\t\t\t<div id=\"sect0\"\n\t\t\t\t\trole=\"region\"\n\t\t\t\t\taria-labelledby=\"accordion0id\"\n\t\t\t\t\tclass=\"accordion-panel\">\n\t\t\t\t\t\t<p><strong>Responsabilit\u00e9s des membres du comit\u00e9 de s\u00e9curit\u00e9 : <\/strong><\/p>\n<ul>\n<li>Consid\u00e9rer le comit\u00e9 comme un engagement prioritaire et s&rsquo;efforcer d&rsquo;assister aux r\u00e9unions et aux conf\u00e9rences t\u00e9l\u00e9phoniques.<\/li>\n<li>Ne pas consid\u00e9rer la s\u00e9curit\u00e9 comme un avantage concurrentiel.<\/li>\n<li>Coop\u00e9rer et \u00eatre ouvert au partage d&rsquo;informations sur la s\u00e9curit\u00e9 qui b\u00e9n\u00e9ficieraient \u00e0 la s\u00e9curit\u00e9 collective de notre industrie.<\/li>\n<li>S&rsquo;engager \u00e0 appliquer les enseignements tir\u00e9s des travaux du comit\u00e9 de s\u00e9curit\u00e9 pour porter les performances de leur propre entreprise en mati\u00e8re de s\u00e9curit\u00e9 au niveau le plus \u00e9lev\u00e9.<\/li>\n<li>\u00catre conscient que les performances individuelles de chaque entreprise en mati\u00e8re de s\u00e9curit\u00e9 se r\u00e9percutent sur la r\u00e9putation de l&rsquo;ensemble du secteur.<\/li>\n<\/ul>\n<p><strong>Fonctionnement du comit\u00e9 de s\u00e9curit\u00e9 : <\/strong><\/p>\n<ul>\n<li>Les membres se r\u00e9unissent par conf\u00e9rence t\u00e9l\u00e9phonique pendant une heure le deuxi\u00e8me mercredi de chaque mois \u00e0 11 heures, heure du Pacifique.<\/li>\n<li>Le comit\u00e9 de s\u00e9curit\u00e9 pr\u00e9pare un plan de travail annuel et suit les progr\u00e8s r\u00e9alis\u00e9s par rapport \u00e0 ce plan lors de chaque conf\u00e9rence t\u00e9l\u00e9phonique.<\/li>\n<li>Les membres du comit\u00e9 de s\u00e9curit\u00e9 se portent volontaires pour assumer la responsabilit\u00e9 d&rsquo;une t\u00e2che sp\u00e9cifique du plan de travail annuel.<\/li>\n<li>Tous les producteurs canadiens de pellets sont invit\u00e9s \u00e0 rejoindre le comit\u00e9 de s\u00e9curit\u00e9.<\/li>\n<\/ul>\n\n\t\t\t\t<\/div>\n\t\t\t\t<\/div><div class=\"accordion-item accordion\">\n\t\t\t\t<h4 class=\"accordion-item-heading\">\n\t\t\t\t\t<button type=\"button\"\n\t\t\t\t\t\taria-expanded=\"false\"\n\t\t\t\t\t\tclass=\"accordion-trigger\"\n\t\t\t\t\t\taria-controls=\"sect1\"\n\t\t\t\t\t\tid=\"accordion1id\">\n\t\t\t\t\t\t\tPlans de travail pour la s\u00e9curit\u00e9\n\t\t\t\t\t\t\t<span class=\"accordion-icon\"><svg class=\"svg-icon icon-expand\" width=\"33\" height=\"33\" aria-hidden=\"true\" role=\"img\" focusable=\"false\" viewBox=\"0 0 34 34\" fill=\"none\" xmlns=\"http:\/\/www.w3.org\/2000\/svg\"><path d=\"M15.5417 25H18.0417V18.0833H25V15.5833H18.0417V8.33333H15.5417V15.5833H8.33333V18.0833H15.5417V25ZM16.6777 33.3333C14.3796 33.3333 12.2199 32.8958 10.1986 32.0208C8.1773 31.1458 6.40972 29.9514 4.89583 28.4375C3.38194 26.9236 2.1875 25.155 1.3125 23.1316C0.4375 21.1083 0 18.9464 0 16.6458C0 14.3453 0.4375 12.1834 1.3125 10.16C2.1875 8.13668 3.38194 6.375 4.89583 4.875C6.40972 3.375 8.17835 2.1875 10.2017 1.3125C12.225 0.4375 14.387 0 16.6875 0C18.988 0 21.15 0.4375 23.1733 1.3125C25.1967 2.1875 26.9583 3.375 28.4583 4.875C29.9583 6.375 31.1458 8.13889 32.0208 10.1667C32.8958 12.1944 33.3333 14.3574 33.3333 16.6556C33.3333 18.9537 32.8958 21.1135 32.0208 23.1347C31.1458 25.156 29.9583 26.9211 28.4583 28.4298C26.9583 29.9386 25.1944 31.1331 23.1667 32.0132C21.1389 32.8933 18.9759 33.3333 16.6777 33.3333ZM16.6875 30.8333C20.6181 30.8333 23.9583 29.4514 26.7083 26.6875C29.4583 23.9236 30.8333 20.5764 30.8333 16.6458C30.8333 12.7153 29.4609 9.375 26.7162 6.625C23.9714 3.875 20.6215 2.5 16.6667 2.5C12.75 2.5 9.40972 3.87239 6.64583 6.61717C3.88194 9.36197 2.5 12.7118 2.5 16.6667C2.5 20.5833 3.88194 23.9236 6.64583 26.6875C9.40972 29.4514 12.7569 30.8333 16.6875 30.8333Z\" fill=\"currentColor\"\/><\/svg><\/span>\n\t\t\t\t\t<\/button>\n\t\t\t\t<\/h4>\n\t\t\t\t<div id=\"sect1\"\n\t\t\t\t\trole=\"region\"\n\t\t\t\t\taria-labelledby=\"accordion1id\"\n\t\t\t\t\tclass=\"accordion-panel\">\n\t\t\t\t\t\t<p>Lisez le plan de travail 2024 : <a href=\"https:\/\/pellet-troubleshooting.gotbdev.com\/wpac-safety-committee-workplan\/\" target=\"_blank\" rel=\"noopener\">Plan de travail du comit\u00e9 de s\u00e9curit\u00e9 du WPAC<\/a> Vous cherchez les plans de travail pr\u00e9c\u00e9dents ? Vous pouvez les trouver <a href=\"https:\/\/www.dropbox.com\/scl\/fo\/ehyq0copr8tah2dc36jx4\/h?rlkey=489a7ywcujxku4o0gez9b71zj&amp;dl=0\" target=\"_blank\" rel=\"noopener\">ici.<\/a><\/p>\n\n\t\t\t\t<\/div>\n\t\t\t\t<\/div><div class=\"accordion-item accordion\">\n\t\t\t\t<h4 class=\"accordion-item-heading\">\n\t\t\t\t\t<button type=\"button\"\n\t\t\t\t\t\taria-expanded=\"false\"\n\t\t\t\t\t\tclass=\"accordion-trigger\"\n\t\t\t\t\t\taria-controls=\"sect2\"\n\t\t\t\t\t\tid=\"accordion2id\">\n\t\t\t\t\t\t\tMembres et r\u00e9unions du comit\u00e9 de s\u00e9curit\u00e9 du WPAC\n\t\t\t\t\t\t\t<span class=\"accordion-icon\"><svg class=\"svg-icon icon-expand\" width=\"33\" height=\"33\" aria-hidden=\"true\" role=\"img\" focusable=\"false\" viewBox=\"0 0 34 34\" fill=\"none\" xmlns=\"http:\/\/www.w3.org\/2000\/svg\"><path d=\"M15.5417 25H18.0417V18.0833H25V15.5833H18.0417V8.33333H15.5417V15.5833H8.33333V18.0833H15.5417V25ZM16.6777 33.3333C14.3796 33.3333 12.2199 32.8958 10.1986 32.0208C8.1773 31.1458 6.40972 29.9514 4.89583 28.4375C3.38194 26.9236 2.1875 25.155 1.3125 23.1316C0.4375 21.1083 0 18.9464 0 16.6458C0 14.3453 0.4375 12.1834 1.3125 10.16C2.1875 8.13668 3.38194 6.375 4.89583 4.875C6.40972 3.375 8.17835 2.1875 10.2017 1.3125C12.225 0.4375 14.387 0 16.6875 0C18.988 0 21.15 0.4375 23.1733 1.3125C25.1967 2.1875 26.9583 3.375 28.4583 4.875C29.9583 6.375 31.1458 8.13889 32.0208 10.1667C32.8958 12.1944 33.3333 14.3574 33.3333 16.6556C33.3333 18.9537 32.8958 21.1135 32.0208 23.1347C31.1458 25.156 29.9583 26.9211 28.4583 28.4298C26.9583 29.9386 25.1944 31.1331 23.1667 32.0132C21.1389 32.8933 18.9759 33.3333 16.6777 33.3333ZM16.6875 30.8333C20.6181 30.8333 23.9583 29.4514 26.7083 26.6875C29.4583 23.9236 30.8333 20.5764 30.8333 16.6458C30.8333 12.7153 29.4609 9.375 26.7162 6.625C23.9714 3.875 20.6215 2.5 16.6667 2.5C12.75 2.5 9.40972 3.87239 6.64583 6.61717C3.88194 9.36197 2.5 12.7118 2.5 16.6667C2.5 20.5833 3.88194 23.9236 6.64583 26.6875C9.40972 29.4514 12.7569 30.8333 16.6875 30.8333Z\" fill=\"currentColor\"\/><\/svg><\/span>\n\t\t\t\t\t<\/button>\n\t\t\t\t<\/h4>\n\t\t\t\t<div id=\"sect2\"\n\t\t\t\t\trole=\"region\"\n\t\t\t\t\taria-labelledby=\"accordion2id\"\n\t\t\t\t\tclass=\"accordion-panel\">\n\t\t\t\t\t\t<p>Consultez la liste la plus r\u00e9cente des membres du comit\u00e9 de s\u00e9curit\u00e9 du WPAC <a href=\"https:\/\/www.dropbox.com\/scl\/fo\/oxbstkph6m63vh94cn1d5\/h?rlkey=d5ezojxbmknxlpxs9pxwkncs2&amp;dl=0\" target=\"_blank\" rel=\"noopener\">ici.<\/a><\/p>\n<p>Lisez les comptes-rendus des r\u00e9unions pr\u00e9c\u00e9dentes du comit\u00e9 de s\u00e9curit\u00e9 du WPAC <a href=\"https:\/\/www.dropbox.com\/scl\/fo\/zpgfuxd74tbus89pwsqzw\/h?rlkey=ni0tfmcgqljaf4wq9vgxrcks7&amp;dl=0\" target=\"_blank\" rel=\"noopener\">ici.<\/a><\/p>\n\n\t\t\t\t<\/div>\n\t\t\t\t<\/div><\/div><\/div><\/div>\n\n\n\n<div class=\"wp-block-group sidebar-container is-layout-flow wp-block-group-is-layout-flow\">\n<div  class=\"sidebar\">\n\t<div class=\"inner-container\">\n\t\t\t\t\t<h3 class=\"heading\">D\u00e9couvrir davantage<\/h3>\n\t\t\n\t\t<div class=\"sidebar-item link\">\n\t\t\t\t\t\t<h6>External Link<\/h6>\n\t\t\t\t\t\t\n\t\t\t\t\t\t<p>\n\t\t\t\t\t\t\t<a \n\t\t\t\t\t\t\t\ttarget=\"\" \n\t\t\t\t\t\t\t\thref=\"\">\n\t\t\t\t\t\t\t\t\tR\u00f4le et responsabilit\u00e9s du comit\u00e9 de s\u00e9curit\u00e9\n\t\t\t\t\t\t\t<\/a>\n\t\t\t\t\t\t<\/p>\n\t\t\t\t\t<\/div><div class=\"sidebar-item link\">\n\t\t\t\t\t\t<h6>Report<\/h6>\n\t\t\t\t\t\t\n\t\t\t\t\t\t<p>\n\t\t\t\t\t\t\t<a \n\t\t\t\t\t\t\t\ttarget=\"_blank\" \n\t\t\t\t\t\t\t\thref=\"https:\/\/pellet-troubleshooting.gotbdev.com\/resources\/wpac-safety-committee-workplan\/\">\n\t\t\t\t\t\t\t\t\tWPAC Safety Committee Workplan\n\t\t\t\t\t\t\t<\/a>\n\t\t\t\t\t\t<\/p>\n\t\t\t\t\t<\/div><div class=\"sidebar-item link\">\n\t\t\t\t\t\t<h6>External Link<\/h6>\n\t\t\t\t\t\t\n\t\t\t\t\t\t<p>\n\t\t\t\t\t\t\t<a \n\t\t\t\t\t\t\t\ttarget=\"_blank\" \n\t\t\t\t\t\t\t\thref=\"https:\/\/www.dropbox.com\/scl\/fo\/oxbstkph6m63vh94cn1d5\/h?rlkey=d5ezojxbmknxlpxs9pxwkncs2&#038;dl=0\">\n\t\t\t\t\t\t\t\t\tMembres du comit\u00e9 de s\u00e9curit\u00e9  \n\t\t\t\t\t\t\t<\/a>\n\t\t\t\t\t\t<\/p>\n\t\t\t\t\t<\/div><div class=\"sidebar-item link\">\n\t\t\t\t\t\t<h6>External Link<\/h6>\n\t\t\t\t\t\t\n\t\t\t\t\t\t<p>\n\t\t\t\t\t\t\t<a \n\t\t\t\t\t\t\t\ttarget=\"_blank\" \n\t\t\t\t\t\t\t\thref=\"https:\/\/www.dropbox.com\/scl\/fo\/zpgfuxd74tbus89pwsqzw\/h?rlkey=ni0tfmcgqljaf4wq9vgxrcks7&#038;dl=0\">\n\t\t\t\t\t\t\t\t\tProc\u00e8s-verbal de la r\u00e9union du comit\u00e9 de s\u00e9curit\u00e9\n\t\t\t\t\t\t\t<\/a>\n\t\t\t\t\t\t<\/p>\n\t\t\t\t\t<\/div><div class=\"sidebar-item link\">\n\t\t\t\t\t\t<h6>External Link<\/h6>\n\t\t\t\t\t\t\n\t\t\t\t\t\t<p>\n\t\t\t\t\t\t\t<a \n\t\t\t\t\t\t\t\ttarget=\"_blank\" \n\t\t\t\t\t\t\t\thref=\"https:\/\/www.dropbox.com\/scl\/fo\/ehyq0copr8tah2dc36jx4\/h?rlkey=489a7ywcujxku4o0gez9b71zj&#038;dl=0\">\n\t\t\t\t\t\t\t\t\tPlans de travail ant\u00e9rieurs\n\t\t\t\t\t\t\t<\/a>\n\t\t\t\t\t\t<\/p>\n\t\t\t\t\t<\/div>\t<\/div>\n<\/div><\/div>\n<\/div>\n\n<\/div>","protected":false},"excerpt":{"rendered":"<p>Vous \u00eates membre du comit\u00e9 de s\u00e9curit\u00e9 de la WPAC ou vous souhaitez le devenir ? Vous trouverez tout ce dont vous avez besoin sur cette page.   <\/p>\n","protected":false},"author":1,"featured_media":0,"parent":4999,"menu_order":0,"comment_status":"closed","ping_status":"closed","template":"","meta":{"_acf_changed":false,"inline_featured_image":false,"footnotes":""},"class_list":["post-5006","page","type-page","status-publish","hentry"],"acf":[],"yoast_head":"<!-- This site is optimized with the Yoast SEO plugin v24.5 - https:\/\/yoast.com\/wordpress\/plugins\/seo\/ -->\n<title>Comit\u00e9 de s\u00e9curit\u00e9 WPAC - WOOD PELLET ASSOCIATION OF CANADA<\/title>\n<meta name=\"robots\" content=\"noindex, follow, max-snippet:-1, max-image-preview:large, max-video-preview:-1\" \/>\n<meta property=\"og:locale\" content=\"fr_FR\" \/>\n<meta property=\"og:type\" content=\"article\" \/>\n<meta property=\"og:title\" content=\"Comit\u00e9 de s\u00e9curit\u00e9 WPAC - WOOD PELLET ASSOCIATION OF CANADA\" \/>\n<meta property=\"og:description\" content=\"Vous \u00eates membre du comit\u00e9 de s\u00e9curit\u00e9 de la WPAC ou vous souhaitez le devenir ? Vous trouverez tout ce dont vous avez besoin sur cette page.\" \/>\n<meta property=\"og:url\" content=\"https:\/\/pellet-troubleshooting.gotbdev.com\/fr\/securite\/comite-de-securite-wpac\/\" \/>\n<meta property=\"og:site_name\" content=\"WOOD PELLET ASSOCIATION OF CANADA\" \/>\n<meta property=\"article:modified_time\" content=\"2025-02-02T18:44:52+00:00\" \/>\n<meta name=\"twitter:card\" content=\"summary_large_image\" \/>\n<meta name=\"twitter:label1\" content=\"Dur\u00e9e de lecture estim\u00e9e\" \/>\n\t<meta name=\"twitter:data1\" content=\"1 minute\" \/>\n<script type=\"application\/ld+json\" class=\"yoast-schema-graph\">{\"@context\":\"https:\/\/schema.org\",\"@graph\":[{\"@type\":\"WebPage\",\"@id\":\"https:\/\/pellet-troubleshooting.gotbdev.com\/fr\/securite\/comite-de-securite-wpac\/\",\"url\":\"https:\/\/pellet-troubleshooting.gotbdev.com\/fr\/securite\/comite-de-securite-wpac\/\",\"name\":\"Comit\u00e9 de s\u00e9curit\u00e9 WPAC - WOOD PELLET ASSOCIATION OF CANADA\",\"isPartOf\":{\"@id\":\"https:\/\/pellet-troubleshooting.gotbdev.com\/fr\/#website\"},\"datePublished\":\"2023-09-04T21:31:55+00:00\",\"dateModified\":\"2025-02-02T18:44:52+00:00\",\"breadcrumb\":{\"@id\":\"https:\/\/pellet-troubleshooting.gotbdev.com\/fr\/securite\/comite-de-securite-wpac\/#breadcrumb\"},\"inLanguage\":\"fr-FR\",\"potentialAction\":[{\"@type\":\"ReadAction\",\"target\":[\"https:\/\/pellet-troubleshooting.gotbdev.com\/fr\/securite\/comite-de-securite-wpac\/\"]}]},{\"@type\":\"BreadcrumbList\",\"@id\":\"https:\/\/pellet-troubleshooting.gotbdev.com\/fr\/securite\/comite-de-securite-wpac\/#breadcrumb\",\"itemListElement\":[{\"@type\":\"ListItem\",\"position\":1,\"name\":\"Home\",\"item\":\"https:\/\/pellet-troubleshooting.gotbdev.com\/fr\/\"},{\"@type\":\"ListItem\",\"position\":2,\"name\":\"S\u00e9curit\u00e9\",\"item\":\"https:\/\/pellet-troubleshooting.gotbdev.com\/fr\/safety\/\"},{\"@type\":\"ListItem\",\"position\":3,\"name\":\"Comit\u00e9 de s\u00e9curit\u00e9 WPAC\"}]},{\"@type\":\"WebSite\",\"@id\":\"https:\/\/pellet-troubleshooting.gotbdev.com\/fr\/#website\",\"url\":\"https:\/\/pellet-troubleshooting.gotbdev.com\/fr\/\",\"name\":\"WOOD PELLET ASSOCIATION OF CANADA\",\"description\":\"\",\"publisher\":{\"@id\":\"https:\/\/pellet-troubleshooting.gotbdev.com\/fr\/#organization\"},\"potentialAction\":[{\"@type\":\"SearchAction\",\"target\":{\"@type\":\"EntryPoint\",\"urlTemplate\":\"https:\/\/pellet-troubleshooting.gotbdev.com\/fr\/?s={search_term_string}\"},\"query-input\":{\"@type\":\"PropertyValueSpecification\",\"valueRequired\":true,\"valueName\":\"search_term_string\"}}],\"inLanguage\":\"fr-FR\"},{\"@type\":\"Organization\",\"@id\":\"https:\/\/pellet-troubleshooting.gotbdev.com\/fr\/#organization\",\"name\":\"WOOD PELLET ASSOCIATION OF CANADA\",\"url\":\"https:\/\/pellet-troubleshooting.gotbdev.com\/fr\/\",\"logo\":{\"@type\":\"ImageObject\",\"inLanguage\":\"fr-FR\",\"@id\":\"https:\/\/pellet-troubleshooting.gotbdev.com\/fr\/#\/schema\/logo\/image\/\",\"url\":\"https:\/\/pellet-troubleshooting.gotbdev.com\/wp-content\/uploads\/2023\/09\/logo-color.png\",\"contentUrl\":\"https:\/\/pellet-troubleshooting.gotbdev.com\/wp-content\/uploads\/2023\/09\/logo-color.png\",\"width\":510,\"height\":183,\"caption\":\"WOOD PELLET ASSOCIATION OF CANADA\"},\"image\":{\"@id\":\"https:\/\/pellet-troubleshooting.gotbdev.com\/fr\/#\/schema\/logo\/image\/\"}}]}<\/script>\n<!-- \/ Yoast SEO plugin. -->","yoast_head_json":{"title":"Comit\u00e9 de s\u00e9curit\u00e9 WPAC - WOOD PELLET ASSOCIATION OF CANADA","robots":{"index":"noindex","follow":"follow","max-snippet":"max-snippet:-1","max-image-preview":"max-image-preview:large","max-video-preview":"max-video-preview:-1"},"og_locale":"fr_FR","og_type":"article","og_title":"Comit\u00e9 de s\u00e9curit\u00e9 WPAC - WOOD PELLET ASSOCIATION OF CANADA","og_description":"Vous \u00eates membre du comit\u00e9 de s\u00e9curit\u00e9 de la WPAC ou vous souhaitez le devenir ? Vous trouverez tout ce dont vous avez besoin sur cette page.","og_url":"https:\/\/pellet-troubleshooting.gotbdev.com\/fr\/securite\/comite-de-securite-wpac\/","og_site_name":"WOOD PELLET ASSOCIATION OF CANADA","article_modified_time":"2025-02-02T18:44:52+00:00","twitter_card":"summary_large_image","twitter_misc":{"Dur\u00e9e de lecture estim\u00e9e":"1 minute"},"schema":{"@context":"https:\/\/schema.org","@graph":[{"@type":"WebPage","@id":"https:\/\/pellet-troubleshooting.gotbdev.com\/fr\/securite\/comite-de-securite-wpac\/","url":"https:\/\/pellet-troubleshooting.gotbdev.com\/fr\/securite\/comite-de-securite-wpac\/","name":"Comit\u00e9 de s\u00e9curit\u00e9 WPAC - WOOD PELLET ASSOCIATION OF CANADA","isPartOf":{"@id":"https:\/\/pellet-troubleshooting.gotbdev.com\/fr\/#website"},"datePublished":"2023-09-04T21:31:55+00:00","dateModified":"2025-02-02T18:44:52+00:00","breadcrumb":{"@id":"https:\/\/pellet-troubleshooting.gotbdev.com\/fr\/securite\/comite-de-securite-wpac\/#breadcrumb"},"inLanguage":"fr-FR","potentialAction":[{"@type":"ReadAction","target":["https:\/\/pellet-troubleshooting.gotbdev.com\/fr\/securite\/comite-de-securite-wpac\/"]}]},{"@type":"BreadcrumbList","@id":"https:\/\/pellet-troubleshooting.gotbdev.com\/fr\/securite\/comite-de-securite-wpac\/#breadcrumb","itemListElement":[{"@type":"ListItem","position":1,"name":"Home","item":"https:\/\/pellet-troubleshooting.gotbdev.com\/fr\/"},{"@type":"ListItem","position":2,"name":"S\u00e9curit\u00e9","item":"https:\/\/pellet-troubleshooting.gotbdev.com\/fr\/safety\/"},{"@type":"ListItem","position":3,"name":"Comit\u00e9 de s\u00e9curit\u00e9 WPAC"}]},{"@type":"WebSite","@id":"https:\/\/pellet-troubleshooting.gotbdev.com\/fr\/#website","url":"https:\/\/pellet-troubleshooting.gotbdev.com\/fr\/","name":"WOOD PELLET ASSOCIATION OF CANADA","description":"","publisher":{"@id":"https:\/\/pellet-troubleshooting.gotbdev.com\/fr\/#organization"},"potentialAction":[{"@type":"SearchAction","target":{"@type":"EntryPoint","urlTemplate":"https:\/\/pellet-troubleshooting.gotbdev.com\/fr\/?s={search_term_string}"},"query-input":{"@type":"PropertyValueSpecification","valueRequired":true,"valueName":"search_term_string"}}],"inLanguage":"fr-FR"},{"@type":"Organization","@id":"https:\/\/pellet-troubleshooting.gotbdev.com\/fr\/#organization","name":"WOOD PELLET ASSOCIATION OF CANADA","url":"https:\/\/pellet-troubleshooting.gotbdev.com\/fr\/","logo":{"@type":"ImageObject","inLanguage":"fr-FR","@id":"https:\/\/pellet-troubleshooting.gotbdev.com\/fr\/#\/schema\/logo\/image\/","url":"https:\/\/pellet-troubleshooting.gotbdev.com\/wp-content\/uploads\/2023\/09\/logo-color.png","contentUrl":"https:\/\/pellet-troubleshooting.gotbdev.com\/wp-content\/uploads\/2023\/09\/logo-color.png","width":510,"height":183,"caption":"WOOD PELLET ASSOCIATION OF CANADA"},"image":{"@id":"https:\/\/pellet-troubleshooting.gotbdev.com\/fr\/#\/schema\/logo\/image\/"}}]}},"_links":{"self":[{"href":"https:\/\/pellet-troubleshooting.gotbdev.com\/fr\/wp-json\/wp\/v2\/pages\/5006","targetHints":{"allow":["GET"]}}],"collection":[{"href":"https:\/\/pellet-troubleshooting.gotbdev.com\/fr\/wp-json\/wp\/v2\/pages"}],"about":[{"href":"https:\/\/pellet-troubleshooting.gotbdev.com\/fr\/wp-json\/wp\/v2\/types\/page"}],"author":[{"embeddable":true,"href":"https:\/\/pellet-troubleshooting.gotbdev.com\/fr\/wp-json\/wp\/v2\/users\/1"}],"replies":[{"embeddable":true,"href":"https:\/\/pellet-troubleshooting.gotbdev.com\/fr\/wp-json\/wp\/v2\/comments?post=5006"}],"version-history":[{"count":4,"href":"https:\/\/pellet-troubleshooting.gotbdev.com\/fr\/wp-json\/wp\/v2\/pages\/5006\/revisions"}],"predecessor-version":[{"id":5357,"href":"https:\/\/pellet-troubleshooting.gotbdev.com\/fr\/wp-json\/wp\/v2\/pages\/5006\/revisions\/5357"}],"up":[{"embeddable":true,"href":"https:\/\/pellet-troubleshooting.gotbdev.com\/fr\/wp-json\/wp\/v2\/pages\/4999"}],"wp:attachment":[{"href":"https:\/\/pellet-troubleshooting.gotbdev.com\/fr\/wp-json\/wp\/v2\/media?parent=5006"}],"curies":[{"name":"wp","href":"https:\/\/api.w.org\/{rel}","templated":true}]}}