{"id":5352,"date":"2024-01-09T17:07:27","date_gmt":"2024-01-09T17:07:27","guid":{"rendered":"https:\/\/pellet-troubleshooting.gotbdev.com\/securite\/prix-du-heros-de-la-securite\/"},"modified":"2025-02-05T20:55:48","modified_gmt":"2025-02-05T20:55:48","slug":"prix-du-heros-de-la-securite","status":"publish","type":"page","link":"https:\/\/pellet-troubleshooting.gotbdev.com\/fr\/securite\/prix-du-heros-de-la-securite\/","title":{"rendered":"Prix du h\u00e9ros de la s\u00e9curit\u00e9"},"content":{"rendered":"\n<div class=\"page-intro\">\n\n<div class=\"wp-block-group mw-medium is-layout-flow wp-block-group-is-layout-flow\">\n<p class=\"has-x-large-font-size\">Le prix du h\u00e9ros de la s\u00e9curit\u00e9 de la WPAC est d\u00e9cern\u00e9 aux membres de la WPAC et \u00e0 leurs coll\u00e8gues qui travaillent sans rel\u00e2che pour s&rsquo;assurer que les meilleures pratiques en mati\u00e8re de s\u00e9curit\u00e9 sont mises en \u0153uvre et adopt\u00e9es. <\/p>\n<\/div>\n\n<\/div>\n<div class=\"layout-sidebar alignfull\">\n\n<div class=\"wp-block-group grid-container mw-medium is-layout-flow wp-block-group-is-layout-flow\">\n<div class=\"wp-block-group main-container is-layout-flow wp-block-group-is-layout-flow\">\n<div  class=\"accordion-group\">\n\t\n\t<div class=\"accordion-items\"><div class=\"accordion-item accord\u00e9on\"><\/div><\/div><\/div>\n\n<section  class=\"team alignfull is-style-lumi\u00e8re\"><div class=\"section-inner\"><h4 class=\"section-title\">Le h\u00e9ros de la s\u00e9curit\u00e9 de WPAC <\/h4><div class=\"team-members\">\t\t<div class=\"member\">\n\t\t\t<div class=\"member-top\">\n\t\t\t\t\t\t\t\t\t<img decoding=\"async\" class=\"image\" src=\"https:\/\/pellet-troubleshooting.gotbdev.com\/wp-content\/uploads\/2025\/02\/brian-penny-image-cropped.jpg\" alt=\"\" \/>\n\t\t\t\t\n\t\t\t\t\t\t\t<\/div>\n\n\t\t\t<div class=\"member-description\">\n\t\t\t\t<p>Brian Penney&rsquo;s outstanding contributions have made the workplace safer and better for his colleagues.<\/p>\n<p>Brian, the Safety Manager at Drax\u2019s Entwistle facility in Alberta, continuously meets monthly safety objectives and supports the facility\u2019s 55 employees to ensure objectives are met. An example of his dedication was putting in extra time and energy during an 11-day shutdown to see to it that everyone went home safely at the end of every day.<\/p>\n<p><a href=\"https:\/\/pellet-troubleshooting.gotbdev.com\/news\/wpacs-latest-safety-hero-brian-penney-safety-manager-at-drax-entwistle\/\" target=\"_blank\" rel=\"noopener\">Learn more about Brian.\u00a0<\/a><\/p>\n\t\t\t<\/div>\n\t\t<\/div>\n\t\t<div class=\"member\">\n\t\t\t<div class=\"member-top\">\n\t\t\t\t\t\t\t\t\t<img decoding=\"async\" class=\"image\" src=\"https:\/\/pellet-troubleshooting.gotbdev.com\/wp-content\/uploads\/2024\/11\/corinne-nendick-image.jpg\" alt=\"\" \/>\n\t\t\t\t\n\t\t\t\t\t\t\t<\/div>\n\n\t\t\t<div class=\"member-description\">\n\t\t\t\t<p>Corinne Nendick, Plant Leadhand at Drax\u2019s Princeton facility is an active member of Drax\u2019s Joint Safety team. She is a leader in developing and working through Task Risk Assessments. She is also a leader regarding Hazard IDs and corrective actions. She is proudly accident\/incident free.<\/p>\n<p>Always striving for continuous improvement, Corinne has taken the WorkSafeBC Process Safety course to improve her understanding of safety and Drax-specific courses such as Train the Trainer and Diversity and Inclusion to enhance her knowledge of company policies.<\/p>\n<p><a href=\"https:\/\/pellet-troubleshooting.gotbdev.com\/news\/wpacs-october-safety-hero-corinne-nendick-plant-leadhand-at-drax-princeton\/\" target=\"_blank\" rel=\"noopener\">Learn more about Corinne.\u00a0<\/a><\/p>\n\t\t\t<\/div>\n\t\t<\/div>\n\t\t<div class=\"member\">\n\t\t\t<div class=\"member-top\">\n\t\t\t\t\t\t\t\t\t<img decoding=\"async\" class=\"image\" src=\"https:\/\/pellet-troubleshooting.gotbdev.com\/wp-content\/uploads\/2024\/03\/william-buddy-berg-premium-pellet.jpg\" alt=\"\" \/>\n\t\t\t\t\n\t\t\t\t\t\t\t<\/div>\n\n\t\t\t<div class=\"member-description\">\n\t\t\t\t<p>Buddy (William) Berg, plant operator with Premium Pellets, walks the talk and his can-do attitude led to a leading role in WPAC\u2019s safety <a href=\"https:\/\/pellet-troubleshooting.gotbdev.com\/resources\/power-of-pellets-innovating-our-way-to-a-safer-better-product\/\" target=\"_blank\" rel=\"noreferrer noopener\">video<\/a>, <em>The<\/em> <em>Power of Pellets: Innovating Our Way to a Safer Better Product<\/em>, while he was working as the plant\u2019s interim production supervisor. Buddy also served as a key member of the bow tie analysis workshop team for WPAC\u2019s critical control management project. His extensive expertise and valuable insights helped develop a clear picture of potential risks and the safeguards in place to prevent an unwanted event or incident. <a href=\"https:\/\/pellet-troubleshooting.gotbdev.com\/news\/wpacs-first-safety-heroes-announced\/\" target=\"_blank\" rel=\"noopener\">Learn more about Buddy<\/a>.  <\/p>\n\t\t\t<\/div>\n\t\t<\/div>\n\t\t<div class=\"member\">\n\t\t\t<div class=\"member-top\">\n\t\t\t\t\t\t\t\t\t<img decoding=\"async\" class=\"image\" src=\"https:\/\/pellet-troubleshooting.gotbdev.com\/wp-content\/uploads\/2024\/06\/cody-braun-premium-pellet-2.jpg\" alt=\"\" \/>\n\t\t\t\t\n\t\t\t\t\t\t\t<\/div>\n\n\t\t\t<div class=\"member-description\">\n\t\t\t\t<p>Cody Braun, plant operator with Premium Pellets, played a key role in providing input into WPAC\u2019s and BC Forest Safety Council\u2019s <a href=\"https:\/\/www.wpaclearning.com\/\" target=\"_blank\" rel=\"noreferrer noopener\">e-learning platform<\/a>. In order to have a smooth rollout of the program, operators were needed to review the modules and identify any gaps in content and subject matter that needed clarification. Along with operators from facilities across Canada, Cody completed the review of four important plant operator modules and recommended several key improvements. <a href=\"https:\/\/pellet-troubleshooting.gotbdev.com\/news\/wpacs-first-safety-heroes-announced\/\" target=\"_blank\" rel=\"noopener\">Learn more about Cody<\/a>.  <\/p>\n\t\t\t<\/div>\n\t\t<\/div>\n\t\t<div class=\"member\">\n\t\t\t<div class=\"member-top\">\n\t\t\t\t\t\t\t\t\t<img decoding=\"async\" class=\"image\" src=\"https:\/\/pellet-troubleshooting.gotbdev.com\/wp-content\/uploads\/2024\/06\/donald-white-shaw-renewables.jpg\" alt=\"\" \/>\n\t\t\t\t\n\t\t\t\t\t\t\t<\/div>\n\n\t\t\t<div class=\"member-description\">\n\t\t\t\t<p>Donald White is a plant operator at Shaw Renewables in Hardwood Lands, NS, whose upstanding work ethic and commitment to the safety of his co-workers have consistently led to improvements in the plant\u2019s safety management system. As industry leaders, converting local biomass waste into high-quality biofuel products, the company\u2019s safety culture is the top priority. Donald has been instrumental in training new assistant operators to safely perform their job functions. <a href=\"https:\/\/pellet-troubleshooting.gotbdev.com\/news\/plant-operator-donald-white-wins-wpacs-safety-hero-award\/\" target=\"_blank\" rel=\"noopener\">Learn more about Donald<\/a>.<\/p>\n\t\t\t<\/div>\n\t\t<\/div>\n<\/div><\/div><\/section><\/div>\n\n\n\n<div class=\"wp-block-group sidebar-container is-layout-flow wp-block-group-is-layout-flow\">\n<div  class=\"sidebar\">\n\t<div class=\"inner-container\">\n\t\t\t\t\t<h3 class=\"heading\">D\u00e9couvrir davantage<\/h3>\n\t\t\n\t\t<div class=\"sidebar-item link\">\n\t\t\t\t\t\t<h6>External Link<\/h6>\n\t\t\t\t\t\t\n\t\t\t\t\t\t<p>\n\t\t\t\t\t\t\t<a \n\t\t\t\t\t\t\t\ttarget=\"_blank\" \n\t\t\t\t\t\t\t\thref=\"https:\/\/www.dropbox.com\/scl\/fo\/4h0au7o0asn5ivvov9h7e\/h?rlkey=8fdcpzde8xr7fbxd59vrx5ivd&#038;dl=0\">\n\t\t\t\t\t\t\t\t\tSafey Hero Poster\n\t\t\t\t\t\t\t<\/a>\n\t\t\t\t\t\t<\/p>\n\t\t\t\t\t<\/div><div class=\"sidebar-item link\">\n\t\t\t\t\t\t<h6>News<\/h6>\n\t\t\t\t\t\t\n\t\t\t\t\t\t<p>\n\t\t\t\t\t\t\t<a \n\t\t\t\t\t\t\t\ttarget=\"_blank\" \n\t\t\t\t\t\t\t\thref=\"https:\/\/pellet-troubleshooting.gotbdev.com\/news\/wpacs-first-safety-heroes-announced\/\">\n\t\t\t\t\t\t\t\t\tWPAC&#039;s First Safety Heroes Announced\n\t\t\t\t\t\t\t<\/a>\n\t\t\t\t\t\t<\/p>\n\t\t\t\t\t<\/div><div class=\"sidebar-item link\">\n\t\t\t\t\t\t<h6>News<\/h6>\n\t\t\t\t\t\t\n\t\t\t\t\t\t<p>\n\t\t\t\t\t\t\t<a \n\t\t\t\t\t\t\t\ttarget=\"_blank\" \n\t\t\t\t\t\t\t\thref=\"https:\/\/pellet-troubleshooting.gotbdev.com\/news\/plant-operator-donald-white-wins-wpacs-safety-hero-award\/\">\n\t\t\t\t\t\t\t\t\tPlant Operator Donald White Wins WPAC&#039;s Safety Hero Award\n\t\t\t\t\t\t\t<\/a>\n\t\t\t\t\t\t<\/p>\n\t\t\t\t\t<\/div><div class=\"sidebar-item link\">\n\t\t\t\t\t\t<h6>News<\/h6>\n\t\t\t\t\t\t\n\t\t\t\t\t\t<p>\n\t\t\t\t\t\t\t<a \n\t\t\t\t\t\t\t\ttarget=\"_blank\" \n\t\t\t\t\t\t\t\thref=\"https:\/\/pellet-troubleshooting.gotbdev.com\/news\/wpacs-october-safety-hero-corinne-nendick-plant-leadhand-at-drax-princeton\/\">\n\t\t\t\t\t\t\t\t\tWPAC\u2019s October Safety Hero: Corinne Nendick, Plant Leadhand at Drax Princeton\n\t\t\t\t\t\t\t<\/a>\n\t\t\t\t\t\t<\/p>\n\t\t\t\t\t<\/div><div class=\"sidebar-item link\">\n\t\t\t\t\t\t<h6>News<\/h6>\n\t\t\t\t\t\t\n\t\t\t\t\t\t<p>\n\t\t\t\t\t\t\t<a \n\t\t\t\t\t\t\t\ttarget=\"_blank\" \n\t\t\t\t\t\t\t\thref=\"https:\/\/pellet-troubleshooting.gotbdev.com\/news\/wpacs-latest-safety-hero-brian-penney-safety-manager-at-drax-entwistle\/\">\n\t\t\t\t\t\t\t\t\tWPAC\u2019s Latest Safety Hero: Brian Penney, Safety Manager at Drax Entwistle\n\t\t\t\t\t\t\t<\/a>\n\t\t\t\t\t\t<\/p>\n\t\t\t\t\t<\/div>\t<\/div>\n<\/div><\/div>\n<\/div>\n\n<\/div>\n<div class=\"wp-block-group alignfull email-signup has-base-color has-primary-light-background-color has-text-color has-background has-global-padding is-layout-constrained wp-block-group-is-layout-constrained\">\n<div class=\"wp-block-group has-global-padding is-layout-constrained wp-block-group-is-layout-constrained\">\n<h4 class=\"wp-block-heading has-text-align-center has-primary-medium-color has-text-color\" style=\"text-transform:uppercase\"><strong>H\u00e9ros de la S\u00e9curit\u00e9<\/strong><\/h4>\n\n\n\n<div class=\"wp-block-contact-form-7-contact-form-selector\">\n<div class=\"wpcf7 no-js\" id=\"wpcf7-f5446-o1\" lang=\"fr-FR\" dir=\"ltr\" data-wpcf7-id=\"5446\">\n<div class=\"screen-reader-response\"><p role=\"status\" aria-live=\"polite\" aria-atomic=\"true\"><\/p> <ul><\/ul><\/div>\n<form action=\"\/fr\/wp-json\/wp\/v2\/pages\/5352#wpcf7-f5446-o1\" method=\"post\" class=\"wpcf7-form init\" aria-label=\"Formulaire de contact\" novalidate=\"novalidate\" data-status=\"init\">\n<div style=\"display: none;\">\n<input type=\"hidden\" name=\"_wpcf7\" value=\"5446\" \/>\n<input type=\"hidden\" name=\"_wpcf7_version\" value=\"6.0.4\" \/>\n<input type=\"hidden\" name=\"_wpcf7_locale\" value=\"fr_FR\" \/>\n<input type=\"hidden\" name=\"_wpcf7_unit_tag\" value=\"wpcf7-f5446-o1\" \/>\n<input type=\"hidden\" name=\"_wpcf7_container_post\" value=\"0\" \/>\n<input type=\"hidden\" name=\"_wpcf7_posted_data_hash\" value=\"\" \/>\n<\/div>\n<div class=\"email-signup safety-hero-nominee-form\">\n\t<div class=\"form-main\">\n\t<input class=\"wpcf7-form-control wpcf7-hidden\" value=\"Safety Hero Nominee Form\" type=\"hidden\" name=\"your-subject\" \/>\n\t\t<div class=\"grid cols-t-6\">\n\t\t\t<div class=\"col form-group\">\n\t\t\t\t<p><label> Nom du candidat* <\/label><span class=\"wpcf7-form-control-wrap\" data-name=\"nominee-name\"><input size=\"40\" maxlength=\"400\" class=\"wpcf7-form-control wpcf7-text wpcf7-validates-as-required\" aria-required=\"true\" aria-invalid=\"false\" value=\"\" type=\"text\" name=\"nominee-name\" \/><\/span>\n\t\t\t\t<\/p>\n\t\t\t<\/div>\n\t\t\t<div class=\"col form-group\">\n\t\t\t\t<p><label> Titre du poste occup\u00e9 par le candidat* <\/label><span class=\"wpcf7-form-control-wrap\" data-name=\"job-title\"><input size=\"40\" maxlength=\"400\" class=\"wpcf7-form-control wpcf7-text wpcf7-validates-as-required\" aria-required=\"true\" aria-invalid=\"false\" value=\"\" type=\"text\" name=\"job-title\" \/><\/span>\n\t\t\t\t<\/p>\n\t\t\t<\/div>\n\t\t<\/div>\n\t\t<div class=\"grid cols-t-12\">\n\t\t\t<div class=\"col form-group\">\n\t\t\t\t<p><label> Pourquoi sont-ils des h\u00e9ros de la s\u00e9curit\u00e9 ? <\/label><span class=\"wpcf7-form-control-wrap\" data-name=\"reason\"><textarea cols=\"40\" rows=\"10\" maxlength=\"2000\" class=\"wpcf7-form-control wpcf7-textarea wpcf7-validates-as-required\" aria-required=\"true\" aria-invalid=\"false\" name=\"reason\"><\/textarea><\/span>\n\t\t\t\t<\/p>\n\t\t\t<\/div>\n\t\t<\/div>\n\t\t<div class=\"grid cols-t-6\">\n\t\t\t<div class=\"col form-group\">\n\t\t\t\t<p><label> Votre nom* <\/label><span class=\"wpcf7-form-control-wrap\" data-name=\"your-name\"><input size=\"40\" maxlength=\"400\" class=\"wpcf7-form-control wpcf7-text wpcf7-validates-as-required\" aria-required=\"true\" aria-invalid=\"false\" value=\"\" type=\"text\" name=\"your-name\" \/><\/span>\n\t\t\t\t<\/p>\n\t\t\t<\/div>\n\t\t\t<div class=\"col form-group\">\n\t\t\t\t<p><label> Email* <\/label><span class=\"wpcf7-form-control-wrap\" data-name=\"your-email\"><input size=\"40\" maxlength=\"400\" class=\"wpcf7-form-control wpcf7-email wpcf7-validates-as-required wpcf7-text wpcf7-validates-as-email\" autocomplete=\"email\" aria-required=\"true\" aria-invalid=\"false\" value=\"\" type=\"email\" name=\"your-email\" \/><\/span>\n\t\t\t\t<\/p>\n\t\t\t<\/div>\n\t\t<\/div>\n\t\t<div class=\"grid cols-t-12\">\n\t\t\t<div class=\"col form-group\">\n\t\t\t\t<p><label> Nom de l'entreprise* <\/label><span class=\"wpcf7-form-control-wrap\" data-name=\"company-name\"><input size=\"40\" maxlength=\"400\" class=\"wpcf7-form-control wpcf7-text wpcf7-validates-as-required\" aria-required=\"true\" aria-invalid=\"false\" value=\"\" type=\"text\" name=\"company-name\" \/><\/span>\n\t\t\t\t<\/p>\n\t\t\t<\/div>\n\t\t<\/div>\n\t<\/div>\n\t<div class=\"align-center\">\n\t\t<p><input class=\"wpcf7-form-control wpcf7-submit has-spinner\" type=\"submit\" value=\"Soumettre\" \/>\n\t\t<\/p>\n\t<\/div>\n<\/div><div class=\"wpcf7-response-output\" aria-hidden=\"true\"><\/div>\n<\/form>\n<\/div>\n<\/div>\n<\/div>\n<\/div>\n","protected":false},"excerpt":{"rendered":"<p>Le prix du h\u00e9ros de la s\u00e9curit\u00e9 de la WPAC est d\u00e9cern\u00e9 aux membres de la WPAC et \u00e0 leurs coll\u00e8gues qui travaillent sans rel\u00e2che pour s&rsquo;assurer que les meilleures pratiques en mati\u00e8re de s\u00e9curit\u00e9 sont mises en \u0153uvre et adopt\u00e9es. <\/p>\n","protected":false},"author":2,"featured_media":0,"parent":4999,"menu_order":0,"comment_status":"closed","ping_status":"closed","template":"","meta":{"_acf_changed":false,"inline_featured_image":false,"footnotes":""},"class_list":["post-5352","page","type-page","status-publish","hentry"],"acf":[],"yoast_head":"<!-- This site is optimized with the Yoast SEO plugin v24.5 - https:\/\/yoast.com\/wordpress\/plugins\/seo\/ -->\n<title>Prix du h\u00e9ros de la s\u00e9curit\u00e9 - WOOD PELLET ASSOCIATION OF CANADA<\/title>\n<meta name=\"robots\" content=\"noindex, follow, max-snippet:-1, max-image-preview:large, max-video-preview:-1\" \/>\n<meta property=\"og:locale\" content=\"fr_FR\" \/>\n<meta property=\"og:type\" content=\"article\" \/>\n<meta property=\"og:title\" content=\"Prix du h\u00e9ros de la s\u00e9curit\u00e9 - WOOD PELLET ASSOCIATION OF CANADA\" \/>\n<meta property=\"og:description\" content=\"Le prix du h\u00e9ros de la s\u00e9curit\u00e9 de la WPAC est d\u00e9cern\u00e9 aux membres de la WPAC et \u00e0 leurs coll\u00e8gues qui travaillent sans rel\u00e2che pour s&#039;assurer que les meilleures pratiques en mati\u00e8re de s\u00e9curit\u00e9 sont mises en \u0153uvre et adopt\u00e9es.\" \/>\n<meta property=\"og:url\" content=\"https:\/\/pellet-troubleshooting.gotbdev.com\/fr\/securite\/prix-du-heros-de-la-securite\/\" \/>\n<meta property=\"og:site_name\" content=\"WOOD PELLET ASSOCIATION OF CANADA\" \/>\n<meta property=\"article:modified_time\" content=\"2025-02-05T20:55:48+00:00\" \/>\n<meta name=\"twitter:card\" content=\"summary_large_image\" \/>\n<script type=\"application\/ld+json\" class=\"yoast-schema-graph\">{\"@context\":\"https:\/\/schema.org\",\"@graph\":[{\"@type\":\"WebPage\",\"@id\":\"https:\/\/pellet-troubleshooting.gotbdev.com\/fr\/securite\/prix-du-heros-de-la-securite\/\",\"url\":\"https:\/\/pellet-troubleshooting.gotbdev.com\/fr\/securite\/prix-du-heros-de-la-securite\/\",\"name\":\"Prix du h\u00e9ros de la s\u00e9curit\u00e9 - WOOD PELLET ASSOCIATION OF CANADA\",\"isPartOf\":{\"@id\":\"https:\/\/pellet-troubleshooting.gotbdev.com\/fr\/#website\"},\"datePublished\":\"2024-01-09T17:07:27+00:00\",\"dateModified\":\"2025-02-05T20:55:48+00:00\",\"breadcrumb\":{\"@id\":\"https:\/\/pellet-troubleshooting.gotbdev.com\/fr\/securite\/prix-du-heros-de-la-securite\/#breadcrumb\"},\"inLanguage\":\"fr-FR\",\"potentialAction\":[{\"@type\":\"ReadAction\",\"target\":[\"https:\/\/pellet-troubleshooting.gotbdev.com\/fr\/securite\/prix-du-heros-de-la-securite\/\"]}]},{\"@type\":\"BreadcrumbList\",\"@id\":\"https:\/\/pellet-troubleshooting.gotbdev.com\/fr\/securite\/prix-du-heros-de-la-securite\/#breadcrumb\",\"itemListElement\":[{\"@type\":\"ListItem\",\"position\":1,\"name\":\"Home\",\"item\":\"https:\/\/pellet-troubleshooting.gotbdev.com\/fr\/\"},{\"@type\":\"ListItem\",\"position\":2,\"name\":\"S\u00e9curit\u00e9\",\"item\":\"https:\/\/pellet-troubleshooting.gotbdev.com\/fr\/safety\/\"},{\"@type\":\"ListItem\",\"position\":3,\"name\":\"Prix du h\u00e9ros de la s\u00e9curit\u00e9\"}]},{\"@type\":\"WebSite\",\"@id\":\"https:\/\/pellet-troubleshooting.gotbdev.com\/fr\/#website\",\"url\":\"https:\/\/pellet-troubleshooting.gotbdev.com\/fr\/\",\"name\":\"WOOD PELLET ASSOCIATION OF CANADA\",\"description\":\"\",\"publisher\":{\"@id\":\"https:\/\/pellet-troubleshooting.gotbdev.com\/fr\/#organization\"},\"potentialAction\":[{\"@type\":\"SearchAction\",\"target\":{\"@type\":\"EntryPoint\",\"urlTemplate\":\"https:\/\/pellet-troubleshooting.gotbdev.com\/fr\/?s={search_term_string}\"},\"query-input\":{\"@type\":\"PropertyValueSpecification\",\"valueRequired\":true,\"valueName\":\"search_term_string\"}}],\"inLanguage\":\"fr-FR\"},{\"@type\":\"Organization\",\"@id\":\"https:\/\/pellet-troubleshooting.gotbdev.com\/fr\/#organization\",\"name\":\"WOOD PELLET ASSOCIATION OF CANADA\",\"url\":\"https:\/\/pellet-troubleshooting.gotbdev.com\/fr\/\",\"logo\":{\"@type\":\"ImageObject\",\"inLanguage\":\"fr-FR\",\"@id\":\"https:\/\/pellet-troubleshooting.gotbdev.com\/fr\/#\/schema\/logo\/image\/\",\"url\":\"https:\/\/pellet-troubleshooting.gotbdev.com\/wp-content\/uploads\/2023\/09\/logo-color.png\",\"contentUrl\":\"https:\/\/pellet-troubleshooting.gotbdev.com\/wp-content\/uploads\/2023\/09\/logo-color.png\",\"width\":510,\"height\":183,\"caption\":\"WOOD PELLET ASSOCIATION OF CANADA\"},\"image\":{\"@id\":\"https:\/\/pellet-troubleshooting.gotbdev.com\/fr\/#\/schema\/logo\/image\/\"}}]}<\/script>\n<!-- \/ Yoast SEO plugin. -->","yoast_head_json":{"title":"Prix du h\u00e9ros de la s\u00e9curit\u00e9 - WOOD PELLET ASSOCIATION OF CANADA","robots":{"index":"noindex","follow":"follow","max-snippet":"max-snippet:-1","max-image-preview":"max-image-preview:large","max-video-preview":"max-video-preview:-1"},"og_locale":"fr_FR","og_type":"article","og_title":"Prix du h\u00e9ros de la s\u00e9curit\u00e9 - WOOD PELLET ASSOCIATION OF CANADA","og_description":"Le prix du h\u00e9ros de la s\u00e9curit\u00e9 de la WPAC est d\u00e9cern\u00e9 aux membres de la WPAC et \u00e0 leurs coll\u00e8gues qui travaillent sans rel\u00e2che pour s'assurer que les meilleures pratiques en mati\u00e8re de s\u00e9curit\u00e9 sont mises en \u0153uvre et adopt\u00e9es.","og_url":"https:\/\/pellet-troubleshooting.gotbdev.com\/fr\/securite\/prix-du-heros-de-la-securite\/","og_site_name":"WOOD PELLET ASSOCIATION OF CANADA","article_modified_time":"2025-02-05T20:55:48+00:00","twitter_card":"summary_large_image","schema":{"@context":"https:\/\/schema.org","@graph":[{"@type":"WebPage","@id":"https:\/\/pellet-troubleshooting.gotbdev.com\/fr\/securite\/prix-du-heros-de-la-securite\/","url":"https:\/\/pellet-troubleshooting.gotbdev.com\/fr\/securite\/prix-du-heros-de-la-securite\/","name":"Prix du h\u00e9ros de la s\u00e9curit\u00e9 - WOOD PELLET ASSOCIATION OF CANADA","isPartOf":{"@id":"https:\/\/pellet-troubleshooting.gotbdev.com\/fr\/#website"},"datePublished":"2024-01-09T17:07:27+00:00","dateModified":"2025-02-05T20:55:48+00:00","breadcrumb":{"@id":"https:\/\/pellet-troubleshooting.gotbdev.com\/fr\/securite\/prix-du-heros-de-la-securite\/#breadcrumb"},"inLanguage":"fr-FR","potentialAction":[{"@type":"ReadAction","target":["https:\/\/pellet-troubleshooting.gotbdev.com\/fr\/securite\/prix-du-heros-de-la-securite\/"]}]},{"@type":"BreadcrumbList","@id":"https:\/\/pellet-troubleshooting.gotbdev.com\/fr\/securite\/prix-du-heros-de-la-securite\/#breadcrumb","itemListElement":[{"@type":"ListItem","position":1,"name":"Home","item":"https:\/\/pellet-troubleshooting.gotbdev.com\/fr\/"},{"@type":"ListItem","position":2,"name":"S\u00e9curit\u00e9","item":"https:\/\/pellet-troubleshooting.gotbdev.com\/fr\/safety\/"},{"@type":"ListItem","position":3,"name":"Prix du h\u00e9ros de la s\u00e9curit\u00e9"}]},{"@type":"WebSite","@id":"https:\/\/pellet-troubleshooting.gotbdev.com\/fr\/#website","url":"https:\/\/pellet-troubleshooting.gotbdev.com\/fr\/","name":"WOOD PELLET ASSOCIATION OF CANADA","description":"","publisher":{"@id":"https:\/\/pellet-troubleshooting.gotbdev.com\/fr\/#organization"},"potentialAction":[{"@type":"SearchAction","target":{"@type":"EntryPoint","urlTemplate":"https:\/\/pellet-troubleshooting.gotbdev.com\/fr\/?s={search_term_string}"},"query-input":{"@type":"PropertyValueSpecification","valueRequired":true,"valueName":"search_term_string"}}],"inLanguage":"fr-FR"},{"@type":"Organization","@id":"https:\/\/pellet-troubleshooting.gotbdev.com\/fr\/#organization","name":"WOOD PELLET ASSOCIATION OF CANADA","url":"https:\/\/pellet-troubleshooting.gotbdev.com\/fr\/","logo":{"@type":"ImageObject","inLanguage":"fr-FR","@id":"https:\/\/pellet-troubleshooting.gotbdev.com\/fr\/#\/schema\/logo\/image\/","url":"https:\/\/pellet-troubleshooting.gotbdev.com\/wp-content\/uploads\/2023\/09\/logo-color.png","contentUrl":"https:\/\/pellet-troubleshooting.gotbdev.com\/wp-content\/uploads\/2023\/09\/logo-color.png","width":510,"height":183,"caption":"WOOD PELLET ASSOCIATION OF CANADA"},"image":{"@id":"https:\/\/pellet-troubleshooting.gotbdev.com\/fr\/#\/schema\/logo\/image\/"}}]}},"_links":{"self":[{"href":"https:\/\/pellet-troubleshooting.gotbdev.com\/fr\/wp-json\/wp\/v2\/pages\/5352","targetHints":{"allow":["GET"]}}],"collection":[{"href":"https:\/\/pellet-troubleshooting.gotbdev.com\/fr\/wp-json\/wp\/v2\/pages"}],"about":[{"href":"https:\/\/pellet-troubleshooting.gotbdev.com\/fr\/wp-json\/wp\/v2\/types\/page"}],"author":[{"embeddable":true,"href":"https:\/\/pellet-troubleshooting.gotbdev.com\/fr\/wp-json\/wp\/v2\/users\/2"}],"replies":[{"embeddable":true,"href":"https:\/\/pellet-troubleshooting.gotbdev.com\/fr\/wp-json\/wp\/v2\/comments?post=5352"}],"version-history":[{"count":3,"href":"https:\/\/pellet-troubleshooting.gotbdev.com\/fr\/wp-json\/wp\/v2\/pages\/5352\/revisions"}],"predecessor-version":[{"id":5549,"href":"https:\/\/pellet-troubleshooting.gotbdev.com\/fr\/wp-json\/wp\/v2\/pages\/5352\/revisions\/5549"}],"up":[{"embeddable":true,"href":"https:\/\/pellet-troubleshooting.gotbdev.com\/fr\/wp-json\/wp\/v2\/pages\/4999"}],"wp:attachment":[{"href":"https:\/\/pellet-troubleshooting.gotbdev.com\/fr\/wp-json\/wp\/v2\/media?parent=5352"}],"curies":[{"name":"wp","href":"https:\/\/api.w.org\/{rel}","templated":true}]}}