{"id":5458,"date":"2023-09-04T21:37:22","date_gmt":"2023-09-04T21:37:22","guid":{"rendered":"https:\/\/pellet-troubleshooting.gotbdev.com\/les-granules-notre-planete\/certification\/"},"modified":"2025-02-04T01:29:23","modified_gmt":"2025-02-04T01:29:23","slug":"certification","status":"publish","type":"page","link":"https:\/\/pellet-troubleshooting.gotbdev.com\/fr\/les-granules-notre-planete\/certification\/","title":{"rendered":"Certification"},"content":{"rendered":"\n<div class=\"page-intro\">\n\n<div class=\"wp-block-group is-layout-flow wp-block-group-is-layout-flow\">\n<p class=\"has-x-large-font-size\">Les clients internationaux s&rsquo;engagent en faveur de la durabilit\u00e9 tout au long de leurs cha\u00eenes d&rsquo;approvisionnement. Garantir la l\u00e9galit\u00e9 et la responsabilit\u00e9 environnementale de leur approvisionnement en biomasse est essentiel pour leurs mod\u00e8les \u00e9conomiques. Nous sommes fiers d&rsquo;utiliser l&rsquo;innovation et l&rsquo;investissement pour r\u00e9cup\u00e9rer ce que d&rsquo;autres consid\u00e9raient comme des \u00ab\u00a0d\u00e9chets\u00a0\u00bb afin de produire une source d&rsquo;\u00e9nergie renouvelable qui soutient des milliers d&#8217;emplois et les communaut\u00e9s locales. Aujourd&rsquo;hui, les granul\u00e9s de bois canadiens certifi\u00e9s sont demand\u00e9s dans le monde entier pour remplacer les combustibles fossiles.     <\/p>\n<\/div>\n\n<\/div>\n<div class=\"layout-sidebar alignfull\">\n\n<div class=\"wp-block-group grid-container mw-medium is-layout-flow wp-block-group-is-layout-flow\">\n<div class=\"wp-block-group main-container is-layout-flow wp-block-group-is-layout-flow\">\n<div  class=\"accordion-group\">\n\t\n\t<div class=\"accordion-items\"><div class=\"accordion-item accord\u00e9on\"><\/div><div class=\"accordion-item accord\u00e9on\"><\/div><div class=\"accordion-item accord\u00e9on\"><\/div><div class=\"accordion-item accord\u00e9on\"><\/div><\/div><\/div><\/div>\n\n\n\n<div class=\"wp-block-group sidebar-container is-layout-flow wp-block-group-is-layout-flow\">\n<div  class=\"sidebar\">\n\t<div class=\"inner-container\">\n\t\t\t\t\t<h3 class=\"heading\">PLONGEZ PLUS PROFOND\u00c9MENT<\/h3>\n\t\t\n\t\t<div class=\"sidebar-item link\">\n\t\t\t\t\t\t<h6>Internal Link<\/h6>\n\t\t\t\t\t\t\n\t\t\t\t\t\t<p>\n\t\t\t\t\t\t\t<a \n\t\t\t\t\t\t\t\ttarget=\"_blank\" \n\t\t\t\t\t\t\t\thref=\"\">\n\t\t\t\t\t\t\t\t\t\n\t\t\t\t\t\t\t<\/a>\n\t\t\t\t\t\t<\/p>\n\t\t\t\t\t<\/div><div class=\"sidebar-item link\">\n\t\t\t\t\t\t<h6>External Link<\/h6>\n\t\t\t\t\t\t\n\t\t\t\t\t\t<p>\n\t\t\t\t\t\t\t<a \n\t\t\t\t\t\t\t\ttarget=\"_blank\" \n\t\t\t\t\t\t\t\thref=\"https:\/\/enplus-pellets.eu\/en-ca\/\">\n\t\t\t\t\t\t\t\t\tENplus\n\t\t\t\t\t\t\t<\/a>\n\t\t\t\t\t\t<\/p>\n\t\t\t\t\t<\/div><div class=\"sidebar-item link\">\n\t\t\t\t\t\t<h6>Internal Link<\/h6>\n\t\t\t\t\t\t\n\t\t\t\t\t\t<p>\n\t\t\t\t\t\t\t<a \n\t\t\t\t\t\t\t\ttarget=\"_blank\" \n\t\t\t\t\t\t\t\thref=\"\">\n\t\t\t\t\t\t\t\t\t\n\t\t\t\t\t\t\t<\/a>\n\t\t\t\t\t\t<\/p>\n\t\t\t\t\t<\/div><div class=\"sidebar-item link\">\n\t\t\t\t\t\t<h6>Internal Link<\/h6>\n\t\t\t\t\t\t\n\t\t\t\t\t\t<p>\n\t\t\t\t\t\t\t<a \n\t\t\t\t\t\t\t\ttarget=\"_blank\" \n\t\t\t\t\t\t\t\thref=\"\">\n\t\t\t\t\t\t\t\t\t\n\t\t\t\t\t\t\t<\/a>\n\t\t\t\t\t\t<\/p>\n\t\t\t\t\t<\/div><div class=\"sidebar-item link\">\n\t\t\t\t\t\t<h6>Internal Link<\/h6>\n\t\t\t\t\t\t\n\t\t\t\t\t\t<p>\n\t\t\t\t\t\t\t<a \n\t\t\t\t\t\t\t\ttarget=\"_blank\" \n\t\t\t\t\t\t\t\thref=\"\">\n\t\t\t\t\t\t\t\t\t\n\t\t\t\t\t\t\t<\/a>\n\t\t\t\t\t\t<\/p>\n\t\t\t\t\t<\/div><div class=\"sidebar-item link\">\n\t\t\t\t\t\t<h6>Internal Link<\/h6>\n\t\t\t\t\t\t\n\t\t\t\t\t\t<p>\n\t\t\t\t\t\t\t<a \n\t\t\t\t\t\t\t\ttarget=\"_blank\" \n\t\t\t\t\t\t\t\thref=\"\">\n\t\t\t\t\t\t\t\t\t\n\t\t\t\t\t\t\t<\/a>\n\t\t\t\t\t\t<\/p>\n\t\t\t\t\t<\/div><div class=\"sidebar-item link\">\n\t\t\t\t\t\t<h6>Internal Link<\/h6>\n\t\t\t\t\t\t\n\t\t\t\t\t\t<p>\n\t\t\t\t\t\t\t<a \n\t\t\t\t\t\t\t\ttarget=\"\" \n\t\t\t\t\t\t\t\thref=\"\">\n\t\t\t\t\t\t\t\t\t\n\t\t\t\t\t\t\t<\/a>\n\t\t\t\t\t\t<\/p>\n\t\t\t\t\t<\/div>\t<\/div>\n<\/div><\/div>\n<\/div>\n\n<\/div>","protected":false},"excerpt":{"rendered":"<p>Les clients internationaux s&rsquo;engagent en faveur de la durabilit\u00e9 tout au long de leurs cha\u00eenes d&rsquo;approvisionnement. Garantir la l\u00e9galit\u00e9 et la durabilit\u00e9 de leur approvisionnement en biomasse est essentiel pour leurs mod\u00e8les \u00e9conomiques. <\/p>\n","protected":false},"author":1,"featured_media":0,"parent":4375,"menu_order":0,"comment_status":"closed","ping_status":"closed","template":"","meta":{"_acf_changed":false,"inline_featured_image":false,"footnotes":""},"class_list":["post-5458","page","type-page","status-publish","hentry"],"acf":[],"yoast_head":"<!-- This site is optimized with the Yoast SEO plugin v24.5 - https:\/\/yoast.com\/wordpress\/plugins\/seo\/ -->\n<title>Certification - WOOD PELLET ASSOCIATION OF CANADA<\/title>\n<meta name=\"robots\" content=\"noindex, follow, max-snippet:-1, max-image-preview:large, max-video-preview:-1\" \/>\n<meta property=\"og:locale\" content=\"fr_FR\" \/>\n<meta property=\"og:type\" content=\"article\" \/>\n<meta property=\"og:title\" content=\"Certification - WOOD PELLET ASSOCIATION OF CANADA\" \/>\n<meta property=\"og:description\" content=\"Les clients internationaux s&#039;engagent en faveur de la durabilit\u00e9 tout au long de leurs cha\u00eenes d&#039;approvisionnement. Garantir la l\u00e9galit\u00e9 et la durabilit\u00e9 de leur approvisionnement en biomasse est essentiel pour leurs mod\u00e8les \u00e9conomiques.\" \/>\n<meta property=\"og:url\" content=\"https:\/\/pellet-troubleshooting.gotbdev.com\/fr\/les-granules-notre-planete\/certification\/\" \/>\n<meta property=\"og:site_name\" content=\"WOOD PELLET ASSOCIATION OF CANADA\" \/>\n<meta property=\"article:modified_time\" content=\"2025-02-04T01:29:23+00:00\" \/>\n<meta name=\"twitter:card\" content=\"summary_large_image\" \/>\n<script type=\"application\/ld+json\" class=\"yoast-schema-graph\">{\"@context\":\"https:\/\/schema.org\",\"@graph\":[{\"@type\":\"WebPage\",\"@id\":\"https:\/\/pellet-troubleshooting.gotbdev.com\/fr\/les-granules-notre-planete\/certification\/\",\"url\":\"https:\/\/pellet-troubleshooting.gotbdev.com\/fr\/les-granules-notre-planete\/certification\/\",\"name\":\"Certification - WOOD PELLET ASSOCIATION OF CANADA\",\"isPartOf\":{\"@id\":\"https:\/\/pellet-troubleshooting.gotbdev.com\/fr\/#website\"},\"datePublished\":\"2023-09-04T21:37:22+00:00\",\"dateModified\":\"2025-02-04T01:29:23+00:00\",\"breadcrumb\":{\"@id\":\"https:\/\/pellet-troubleshooting.gotbdev.com\/fr\/les-granules-notre-planete\/certification\/#breadcrumb\"},\"inLanguage\":\"fr-FR\",\"potentialAction\":[{\"@type\":\"ReadAction\",\"target\":[\"https:\/\/pellet-troubleshooting.gotbdev.com\/fr\/les-granules-notre-planete\/certification\/\"]}]},{\"@type\":\"BreadcrumbList\",\"@id\":\"https:\/\/pellet-troubleshooting.gotbdev.com\/fr\/les-granules-notre-planete\/certification\/#breadcrumb\",\"itemListElement\":[{\"@type\":\"ListItem\",\"position\":1,\"name\":\"Home\",\"item\":\"https:\/\/pellet-troubleshooting.gotbdev.com\/fr\/\"},{\"@type\":\"ListItem\",\"position\":2,\"name\":\"Les granul\u00e9s + notre plan\u00e8te\",\"item\":\"https:\/\/pellet-troubleshooting.gotbdev.com\/fr\/les-granules-notre-planete\/\"},{\"@type\":\"ListItem\",\"position\":3,\"name\":\"Certification\"}]},{\"@type\":\"WebSite\",\"@id\":\"https:\/\/pellet-troubleshooting.gotbdev.com\/fr\/#website\",\"url\":\"https:\/\/pellet-troubleshooting.gotbdev.com\/fr\/\",\"name\":\"WOOD PELLET ASSOCIATION OF CANADA\",\"description\":\"\",\"publisher\":{\"@id\":\"https:\/\/pellet-troubleshooting.gotbdev.com\/fr\/#organization\"},\"potentialAction\":[{\"@type\":\"SearchAction\",\"target\":{\"@type\":\"EntryPoint\",\"urlTemplate\":\"https:\/\/pellet-troubleshooting.gotbdev.com\/fr\/?s={search_term_string}\"},\"query-input\":{\"@type\":\"PropertyValueSpecification\",\"valueRequired\":true,\"valueName\":\"search_term_string\"}}],\"inLanguage\":\"fr-FR\"},{\"@type\":\"Organization\",\"@id\":\"https:\/\/pellet-troubleshooting.gotbdev.com\/fr\/#organization\",\"name\":\"WOOD PELLET ASSOCIATION OF CANADA\",\"url\":\"https:\/\/pellet-troubleshooting.gotbdev.com\/fr\/\",\"logo\":{\"@type\":\"ImageObject\",\"inLanguage\":\"fr-FR\",\"@id\":\"https:\/\/pellet-troubleshooting.gotbdev.com\/fr\/#\/schema\/logo\/image\/\",\"url\":\"https:\/\/pellet-troubleshooting.gotbdev.com\/wp-content\/uploads\/2023\/09\/logo-color.png\",\"contentUrl\":\"https:\/\/pellet-troubleshooting.gotbdev.com\/wp-content\/uploads\/2023\/09\/logo-color.png\",\"width\":510,\"height\":183,\"caption\":\"WOOD PELLET ASSOCIATION OF CANADA\"},\"image\":{\"@id\":\"https:\/\/pellet-troubleshooting.gotbdev.com\/fr\/#\/schema\/logo\/image\/\"}}]}<\/script>\n<!-- \/ Yoast SEO plugin. -->","yoast_head_json":{"title":"Certification - WOOD PELLET ASSOCIATION OF CANADA","robots":{"index":"noindex","follow":"follow","max-snippet":"max-snippet:-1","max-image-preview":"max-image-preview:large","max-video-preview":"max-video-preview:-1"},"og_locale":"fr_FR","og_type":"article","og_title":"Certification - WOOD PELLET ASSOCIATION OF CANADA","og_description":"Les clients internationaux s'engagent en faveur de la durabilit\u00e9 tout au long de leurs cha\u00eenes d'approvisionnement. Garantir la l\u00e9galit\u00e9 et la durabilit\u00e9 de leur approvisionnement en biomasse est essentiel pour leurs mod\u00e8les \u00e9conomiques.","og_url":"https:\/\/pellet-troubleshooting.gotbdev.com\/fr\/les-granules-notre-planete\/certification\/","og_site_name":"WOOD PELLET ASSOCIATION OF CANADA","article_modified_time":"2025-02-04T01:29:23+00:00","twitter_card":"summary_large_image","schema":{"@context":"https:\/\/schema.org","@graph":[{"@type":"WebPage","@id":"https:\/\/pellet-troubleshooting.gotbdev.com\/fr\/les-granules-notre-planete\/certification\/","url":"https:\/\/pellet-troubleshooting.gotbdev.com\/fr\/les-granules-notre-planete\/certification\/","name":"Certification - WOOD PELLET ASSOCIATION OF CANADA","isPartOf":{"@id":"https:\/\/pellet-troubleshooting.gotbdev.com\/fr\/#website"},"datePublished":"2023-09-04T21:37:22+00:00","dateModified":"2025-02-04T01:29:23+00:00","breadcrumb":{"@id":"https:\/\/pellet-troubleshooting.gotbdev.com\/fr\/les-granules-notre-planete\/certification\/#breadcrumb"},"inLanguage":"fr-FR","potentialAction":[{"@type":"ReadAction","target":["https:\/\/pellet-troubleshooting.gotbdev.com\/fr\/les-granules-notre-planete\/certification\/"]}]},{"@type":"BreadcrumbList","@id":"https:\/\/pellet-troubleshooting.gotbdev.com\/fr\/les-granules-notre-planete\/certification\/#breadcrumb","itemListElement":[{"@type":"ListItem","position":1,"name":"Home","item":"https:\/\/pellet-troubleshooting.gotbdev.com\/fr\/"},{"@type":"ListItem","position":2,"name":"Les granul\u00e9s + notre plan\u00e8te","item":"https:\/\/pellet-troubleshooting.gotbdev.com\/fr\/les-granules-notre-planete\/"},{"@type":"ListItem","position":3,"name":"Certification"}]},{"@type":"WebSite","@id":"https:\/\/pellet-troubleshooting.gotbdev.com\/fr\/#website","url":"https:\/\/pellet-troubleshooting.gotbdev.com\/fr\/","name":"WOOD PELLET ASSOCIATION OF CANADA","description":"","publisher":{"@id":"https:\/\/pellet-troubleshooting.gotbdev.com\/fr\/#organization"},"potentialAction":[{"@type":"SearchAction","target":{"@type":"EntryPoint","urlTemplate":"https:\/\/pellet-troubleshooting.gotbdev.com\/fr\/?s={search_term_string}"},"query-input":{"@type":"PropertyValueSpecification","valueRequired":true,"valueName":"search_term_string"}}],"inLanguage":"fr-FR"},{"@type":"Organization","@id":"https:\/\/pellet-troubleshooting.gotbdev.com\/fr\/#organization","name":"WOOD PELLET ASSOCIATION OF CANADA","url":"https:\/\/pellet-troubleshooting.gotbdev.com\/fr\/","logo":{"@type":"ImageObject","inLanguage":"fr-FR","@id":"https:\/\/pellet-troubleshooting.gotbdev.com\/fr\/#\/schema\/logo\/image\/","url":"https:\/\/pellet-troubleshooting.gotbdev.com\/wp-content\/uploads\/2023\/09\/logo-color.png","contentUrl":"https:\/\/pellet-troubleshooting.gotbdev.com\/wp-content\/uploads\/2023\/09\/logo-color.png","width":510,"height":183,"caption":"WOOD PELLET ASSOCIATION OF CANADA"},"image":{"@id":"https:\/\/pellet-troubleshooting.gotbdev.com\/fr\/#\/schema\/logo\/image\/"}}]}},"_links":{"self":[{"href":"https:\/\/pellet-troubleshooting.gotbdev.com\/fr\/wp-json\/wp\/v2\/pages\/5458","targetHints":{"allow":["GET"]}}],"collection":[{"href":"https:\/\/pellet-troubleshooting.gotbdev.com\/fr\/wp-json\/wp\/v2\/pages"}],"about":[{"href":"https:\/\/pellet-troubleshooting.gotbdev.com\/fr\/wp-json\/wp\/v2\/types\/page"}],"author":[{"embeddable":true,"href":"https:\/\/pellet-troubleshooting.gotbdev.com\/fr\/wp-json\/wp\/v2\/users\/1"}],"replies":[{"embeddable":true,"href":"https:\/\/pellet-troubleshooting.gotbdev.com\/fr\/wp-json\/wp\/v2\/comments?post=5458"}],"version-history":[{"count":2,"href":"https:\/\/pellet-troubleshooting.gotbdev.com\/fr\/wp-json\/wp\/v2\/pages\/5458\/revisions"}],"predecessor-version":[{"id":5462,"href":"https:\/\/pellet-troubleshooting.gotbdev.com\/fr\/wp-json\/wp\/v2\/pages\/5458\/revisions\/5462"}],"up":[{"embeddable":true,"href":"https:\/\/pellet-troubleshooting.gotbdev.com\/fr\/wp-json\/wp\/v2\/pages\/4375"}],"wp:attachment":[{"href":"https:\/\/pellet-troubleshooting.gotbdev.com\/fr\/wp-json\/wp\/v2\/media?parent=5458"}],"curies":[{"name":"wp","href":"https:\/\/api.w.org\/{rel}","templated":true}]}}